{"id":1091,"date":"2020-11-03T21:13:25","date_gmt":"2020-11-03T19:13:25","guid":{"rendered":"http:\/\/arkisto.skhhry.fi\/SM2022\/?page_id=1091"},"modified":"2022-06-04T17:29:44","modified_gmt":"2022-06-04T14:29:44","slug":"talkootoihin","status":"publish","type":"page","link":"https:\/\/arkisto.skhhry.fi\/SM2022\/talkootoihin\/","title":{"rendered":"Talkoot\u00f6ihin?"},"content":{"rendered":"\t\t<div data-elementor-type=\"wp-page\" data-elementor-id=\"1091\" class=\"elementor elementor-1091\">\n\t\t\t\t\t\t<div class=\"elementor-inner\">\n\t\t\t\t<div class=\"elementor-section-wrap\">\n\t\t\t\t\t\t\t\t\t<section class=\"elementor-section elementor-top-section elementor-element elementor-element-5f1d3d45 hero elementor-section-boxed elementor-section-height-default elementor-section-height-default\" data-id=\"5f1d3d45\" data-element_type=\"section\" data-settings=\"{&quot;background_background&quot;:&quot;classic&quot;}\">\n\t\t\t\t\t\t\t<div class=\"elementor-background-overlay\"><\/div>\n\t\t\t\t\t\t\t<div class=\"elementor-container elementor-column-gap-default\">\n\t\t\t\t\t\t\t<div class=\"elementor-row\">\n\t\t\t\t\t<div class=\"elementor-column elementor-col-100 elementor-top-column elementor-element elementor-element-45b1315c\" data-id=\"45b1315c\" data-element_type=\"column\">\n\t\t\t<div class=\"elementor-column-wrap elementor-element-populated\">\n\t\t\t\t\t\t\t<div class=\"elementor-widget-wrap\">\n\t\t\t\t\t\t<div class=\"elementor-element elementor-element-21be7ecb elementor-widget elementor-widget-heading\" data-id=\"21be7ecb\" data-element_type=\"widget\" data-widget_type=\"heading.default\">\n\t\t\t\t<div class=\"elementor-widget-container\">\n\t\t\t<h1 class=\"elementor-heading-title elementor-size-default\">Talkoot\u00f6ihin?<\/h1>\t\t<\/div>\n\t\t\t\t<\/div>\n\t\t\t\t\t\t<\/div>\n\t\t\t\t\t<\/div>\n\t\t<\/div>\n\t\t\t\t\t\t\t\t<\/div>\n\t\t\t\t\t<\/div>\n\t\t<\/section>\n\t\t\t\t<section class=\"elementor-section elementor-top-section elementor-element elementor-element-5e74f174 elementor-section-boxed elementor-section-height-default elementor-section-height-default\" data-id=\"5e74f174\" data-element_type=\"section\">\n\t\t\t\t\t\t<div class=\"elementor-container elementor-column-gap-default\">\n\t\t\t\t\t\t\t<div class=\"elementor-row\">\n\t\t\t\t\t<div class=\"elementor-column elementor-col-50 elementor-top-column elementor-element elementor-element-1c11b758 kuva\" data-id=\"1c11b758\" data-element_type=\"column\" data-settings=\"{&quot;background_background&quot;:&quot;classic&quot;}\">\n\t\t\t<div class=\"elementor-column-wrap\">\n\t\t\t\t\t\t\t<div class=\"elementor-widget-wrap\">\n\t\t\t\t\t\t\t\t<\/div>\n\t\t\t\t\t<\/div>\n\t\t<\/div>\n\t\t\t\t<div class=\"elementor-column elementor-col-50 elementor-top-column elementor-element elementor-element-17643679 teksti\" data-id=\"17643679\" data-element_type=\"column\">\n\t\t\t<div class=\"elementor-column-wrap elementor-element-populated\">\n\t\t\t\t\t\t\t<div class=\"elementor-widget-wrap\">\n\t\t\t\t\t\t<div class=\"elementor-element elementor-element-e021bdd elementor-widget elementor-widget-heading\" data-id=\"e021bdd\" data-element_type=\"widget\" data-widget_type=\"heading.default\">\n\t\t\t\t<div class=\"elementor-widget-container\">\n\t\t\t<h2 class=\"elementor-heading-title elementor-size-default\">Kaikki apu, pieni tai suuri otetaan kiitollisena vastaan!<\/h2>\t\t<\/div>\n\t\t\t\t<\/div>\n\t\t\t\t<div class=\"elementor-element elementor-element-77fa96b2 elementor-widget elementor-widget-text-editor\" data-id=\"77fa96b2\" data-element_type=\"widget\" data-widget_type=\"text-editor.default\">\n\t\t\t\t<div class=\"elementor-widget-container\">\n\t\t\t\t\t\t\t\t<div class=\"elementor-text-editor elementor-clearfix\">\n\t\t\t\t<p>Keppihevosten SM-kilpailut 2022 on j\u00e4lleen kaikkien aikojen suurin keppihevostapahtuma koko maailmassa. Paitsi tuhansia tunteja etuk\u00e4teen teht\u00e4v\u00e4\u00e4 ty\u00f6t\u00e4, kisat vaativat viikonloppuna 10-11.6.2022 aivan konkreettista k\u00e4sill\u00e4 ja jaloilla teht\u00e4v\u00e4\u00e4 ty\u00f6t\u00e4.<\/p><p>Arvoisa keppariharrastaja, arvoisa keppariharrastajan vanhempi\/isovanhempi\/kummi\/muu vastaava aikuinen, kisojen toteuttamiseen tarvitsemme teid\u00e4n apuanne!<\/p><p>Valitse yksi tai useampi talkooteht\u00e4v\u00e4, jota voisit hoitaa pe 10.6. \u2013 la 11.6.2022 v\u00e4lill\u00e4. Lyhytkin p\u00e4tk\u00e4 on suuri apu ja otetaan kiitollisena vastaan!<\/p>\t\t\t\t\t<\/div>\n\t\t\t\t\t\t<\/div>\n\t\t\t\t<\/div>\n\t\t\t\t\t\t<\/div>\n\t\t\t\t\t<\/div>\n\t\t<\/div>\n\t\t\t\t\t\t\t\t<\/div>\n\t\t\t\t\t<\/div>\n\t\t<\/section>\n\t\t\t\t<section class=\"elementor-section elementor-top-section elementor-element elementor-element-692bbafc elementor-section-boxed elementor-section-height-default elementor-section-height-default\" data-id=\"692bbafc\" data-element_type=\"section\">\n\t\t\t\t\t\t<div class=\"elementor-container elementor-column-gap-default\">\n\t\t\t\t\t\t\t<div class=\"elementor-row\">\n\t\t\t\t\t<div class=\"elementor-column elementor-col-50 elementor-top-column elementor-element elementor-element-79472fee teksti\" data-id=\"79472fee\" data-element_type=\"column\">\n\t\t\t<div class=\"elementor-column-wrap elementor-element-populated\">\n\t\t\t\t\t\t\t<div class=\"elementor-widget-wrap\">\n\t\t\t\t\t\t<div class=\"elementor-element elementor-element-1ffb16fb elementor-widget elementor-widget-text-editor\" data-id=\"1ffb16fb\" data-element_type=\"widget\" data-widget_type=\"text-editor.default\">\n\t\t\t\t<div class=\"elementor-widget-container\">\n\t\t\t\t\t\t\t\t<div class=\"elementor-text-editor elementor-clearfix\">\n\t\t\t\t<p><\/p><\/div><\/div><\/div><\/div><\/div><\/div><\/div><\/div><\/section><\/div><\/div><\/div> <a href=\"https:\/\/arkisto.skhhry.fi\/SM2022\/talkootoihin\/#more-1091\" class=\"more-link elementor-more-link\"><span aria-label=\"Jatka lukemista: Talkoot\u00f6ihin?\">(more&hellip;)<\/span><\/a>","protected":false},"excerpt":{"rendered":"<p>Talkoot\u00f6ihin? Kaikki apu, pieni tai suuri otetaan kiitollisena vastaan! Keppihevosten SM-kilpailut 2022 on j\u00e4lleen kaikkien aikojen suurin keppihevostapahtuma koko maailmassa. Paitsi tuhansia tunteja etuk\u00e4teen teht\u00e4v\u00e4\u00e4 ty\u00f6t\u00e4, kisat vaativat viikonloppuna 10-11.6.2022 aivan konkreettista k\u00e4sill\u00e4 ja jaloilla teht\u00e4v\u00e4\u00e4 ty\u00f6t\u00e4. Arvoisa keppariharrastaja, arvoisa keppariharrastajan vanhempi\/isovanhempi\/kummi\/muu vastaava aikuinen, kisojen toteuttamiseen tarvitsemme teid\u00e4n apuanne! Valitse yksi tai useampi talkooteht\u00e4v\u00e4, jota [&hellip;]<\/p>\n","protected":false},"author":1,"featured_media":0,"parent":0,"menu_order":0,"comment_status":"closed","ping_status":"closed","template":"elementor_header_footer","meta":[],"yoast_head":"<!-- This site is optimized with the Yoast SEO plugin v19.10 - https:\/\/yoast.com\/wordpress\/plugins\/seo\/ -->\n<title>Talkoot\u00f6ihin? - Keppihevosten Suomenmestaruuskilpailut 2023<\/title>\n<meta name=\"description\" content=\"Talkooty\u00f6 avulla p\u00e4\u00e4st\u00e4\u00e4n j\u00e4rjest\u00e4m\u00e4\u00e4n harrastajien kesken maailman suurin keppihevostapahtuma Sein\u00e4joki Areenalla. Ilmoittaudu mukaan!\" \/>\n<meta name=\"robots\" content=\"noindex, follow, max-snippet:-1, max-image-preview:large, max-video-preview:-1\" \/>\n<meta property=\"og:locale\" content=\"fi_FI\" \/>\n<meta property=\"og:type\" content=\"article\" \/>\n<meta property=\"og:title\" content=\"Talkoot\u00f6ihin? - Keppihevosten Suomenmestaruuskilpailut 2023\" \/>\n<meta property=\"og:description\" content=\"Talkooty\u00f6 avulla p\u00e4\u00e4st\u00e4\u00e4n j\u00e4rjest\u00e4m\u00e4\u00e4n harrastajien kesken maailman suurin keppihevostapahtuma Sein\u00e4joki Areenalla. Ilmoittaudu mukaan!\" \/>\n<meta property=\"og:url\" content=\"https:\/\/arkisto.skhhry.fi\/SM2022\/talkootoihin\/\" \/>\n<meta property=\"og:site_name\" content=\"Keppihevosten Suomenmestaruuskilpailut 2023\" \/>\n<meta property=\"article:publisher\" content=\"https:\/\/www.facebook.com\/keppihevostensm\/\" \/>\n<meta property=\"article:modified_time\" content=\"2022-06-04T14:29:44+00:00\" \/>\n<meta name=\"twitter:card\" content=\"summary_large_image\" \/>\n<meta name=\"twitter:label1\" content=\"Arvioitu lukuaika\" \/>\n\t<meta name=\"twitter:data1\" content=\"3 minuuttia\" \/>\n<script type=\"application\/ld+json\" class=\"yoast-schema-graph\">{\"@context\":\"https:\/\/schema.org\",\"@graph\":[{\"@type\":\"WebPage\",\"@id\":\"https:\/\/arkisto.skhhry.fi\/SM2022\/talkootoihin\/\",\"url\":\"https:\/\/arkisto.skhhry.fi\/SM2022\/talkootoihin\/\",\"name\":\"Talkoot\u00f6ihin? - Keppihevosten Suomenmestaruuskilpailut 2023\",\"isPartOf\":{\"@id\":\"https:\/\/arkisto.skhhry.fi\/SM2022\/#website\"},\"datePublished\":\"2020-11-03T19:13:25+00:00\",\"dateModified\":\"2022-06-04T14:29:44+00:00\",\"description\":\"Talkooty\u00f6 avulla p\u00e4\u00e4st\u00e4\u00e4n j\u00e4rjest\u00e4m\u00e4\u00e4n harrastajien kesken maailman suurin keppihevostapahtuma Sein\u00e4joki Areenalla. Ilmoittaudu mukaan!\",\"breadcrumb\":{\"@id\":\"https:\/\/arkisto.skhhry.fi\/SM2022\/talkootoihin\/#breadcrumb\"},\"inLanguage\":\"fi\",\"potentialAction\":[{\"@type\":\"ReadAction\",\"target\":[\"https:\/\/arkisto.skhhry.fi\/SM2022\/talkootoihin\/\"]}]},{\"@type\":\"BreadcrumbList\",\"@id\":\"https:\/\/arkisto.skhhry.fi\/SM2022\/talkootoihin\/#breadcrumb\",\"itemListElement\":[{\"@type\":\"ListItem\",\"position\":1,\"name\":\"Etusivu\",\"item\":\"https:\/\/arkisto.skhhry.fi\/SM2022\/\"},{\"@type\":\"ListItem\",\"position\":2,\"name\":\"Talkoot\u00f6ihin?\"}]},{\"@type\":\"WebSite\",\"@id\":\"https:\/\/arkisto.skhhry.fi\/SM2022\/#website\",\"url\":\"https:\/\/arkisto.skhhry.fi\/SM2022\/\",\"name\":\"Keppihevosten Suomenmestaruuskilpailut 2023\",\"description\":\"Keppihevosten Suomenmestaruuskilpailut 2023\",\"publisher\":{\"@id\":\"https:\/\/arkisto.skhhry.fi\/SM2022\/#organization\"},\"potentialAction\":[{\"@type\":\"SearchAction\",\"target\":{\"@type\":\"EntryPoint\",\"urlTemplate\":\"https:\/\/arkisto.skhhry.fi\/SM2022\/?s={search_term_string}\"},\"query-input\":\"required name=search_term_string\"}],\"inLanguage\":\"fi\"},{\"@type\":\"Organization\",\"@id\":\"https:\/\/arkisto.skhhry.fi\/SM2022\/#organization\",\"name\":\"Keppihevosten Suomenmestaruuskilpailut 12.6.2021\",\"url\":\"https:\/\/arkisto.skhhry.fi\/SM2022\/\",\"logo\":{\"@type\":\"ImageObject\",\"inLanguage\":\"fi\",\"@id\":\"https:\/\/arkisto.skhhry.fi\/SM2022\/#\/schema\/logo\/image\/\",\"url\":\"http:\/\/arkisto.skhhry.fi\/SM2022\/wp-content\/uploads\/sites\/2\/2020\/11\/keppihevostensmkilpailut-keppihevosten.png\",\"contentUrl\":\"http:\/\/arkisto.skhhry.fi\/SM2022\/wp-content\/uploads\/sites\/2\/2020\/11\/keppihevostensmkilpailut-keppihevosten.png\",\"width\":800,\"height\":796,\"caption\":\"Keppihevosten Suomenmestaruuskilpailut 12.6.2021\"},\"image\":{\"@id\":\"https:\/\/arkisto.skhhry.fi\/SM2022\/#\/schema\/logo\/image\/\"},\"sameAs\":[\"https:\/\/www.instagram.com\/keppihevosten_sm_kilpailut\/\",\"https:\/\/www.facebook.com\/keppihevostensm\/\"]}]}<\/script>\n<!-- \/ Yoast SEO plugin. -->","yoast_head_json":{"title":"Talkoot\u00f6ihin? - Keppihevosten Suomenmestaruuskilpailut 2023","description":"Talkooty\u00f6 avulla p\u00e4\u00e4st\u00e4\u00e4n j\u00e4rjest\u00e4m\u00e4\u00e4n harrastajien kesken maailman suurin keppihevostapahtuma Sein\u00e4joki Areenalla. Ilmoittaudu mukaan!","robots":{"index":"noindex","follow":"follow","max-snippet":"max-snippet:-1","max-image-preview":"max-image-preview:large","max-video-preview":"max-video-preview:-1"},"og_locale":"fi_FI","og_type":"article","og_title":"Talkoot\u00f6ihin? - Keppihevosten Suomenmestaruuskilpailut 2023","og_description":"Talkooty\u00f6 avulla p\u00e4\u00e4st\u00e4\u00e4n j\u00e4rjest\u00e4m\u00e4\u00e4n harrastajien kesken maailman suurin keppihevostapahtuma Sein\u00e4joki Areenalla. Ilmoittaudu mukaan!","og_url":"https:\/\/arkisto.skhhry.fi\/SM2022\/talkootoihin\/","og_site_name":"Keppihevosten Suomenmestaruuskilpailut 2023","article_publisher":"https:\/\/www.facebook.com\/keppihevostensm\/","article_modified_time":"2022-06-04T14:29:44+00:00","twitter_card":"summary_large_image","twitter_misc":{"Arvioitu lukuaika":"3 minuuttia"},"schema":{"@context":"https:\/\/schema.org","@graph":[{"@type":"WebPage","@id":"https:\/\/arkisto.skhhry.fi\/SM2022\/talkootoihin\/","url":"https:\/\/arkisto.skhhry.fi\/SM2022\/talkootoihin\/","name":"Talkoot\u00f6ihin? - Keppihevosten Suomenmestaruuskilpailut 2023","isPartOf":{"@id":"https:\/\/arkisto.skhhry.fi\/SM2022\/#website"},"datePublished":"2020-11-03T19:13:25+00:00","dateModified":"2022-06-04T14:29:44+00:00","description":"Talkooty\u00f6 avulla p\u00e4\u00e4st\u00e4\u00e4n j\u00e4rjest\u00e4m\u00e4\u00e4n harrastajien kesken maailman suurin keppihevostapahtuma Sein\u00e4joki Areenalla. Ilmoittaudu mukaan!","breadcrumb":{"@id":"https:\/\/arkisto.skhhry.fi\/SM2022\/talkootoihin\/#breadcrumb"},"inLanguage":"fi","potentialAction":[{"@type":"ReadAction","target":["https:\/\/arkisto.skhhry.fi\/SM2022\/talkootoihin\/"]}]},{"@type":"BreadcrumbList","@id":"https:\/\/arkisto.skhhry.fi\/SM2022\/talkootoihin\/#breadcrumb","itemListElement":[{"@type":"ListItem","position":1,"name":"Etusivu","item":"https:\/\/arkisto.skhhry.fi\/SM2022\/"},{"@type":"ListItem","position":2,"name":"Talkoot\u00f6ihin?"}]},{"@type":"WebSite","@id":"https:\/\/arkisto.skhhry.fi\/SM2022\/#website","url":"https:\/\/arkisto.skhhry.fi\/SM2022\/","name":"Keppihevosten Suomenmestaruuskilpailut 2023","description":"Keppihevosten Suomenmestaruuskilpailut 2023","publisher":{"@id":"https:\/\/arkisto.skhhry.fi\/SM2022\/#organization"},"potentialAction":[{"@type":"SearchAction","target":{"@type":"EntryPoint","urlTemplate":"https:\/\/arkisto.skhhry.fi\/SM2022\/?s={search_term_string}"},"query-input":"required name=search_term_string"}],"inLanguage":"fi"},{"@type":"Organization","@id":"https:\/\/arkisto.skhhry.fi\/SM2022\/#organization","name":"Keppihevosten Suomenmestaruuskilpailut 12.6.2021","url":"https:\/\/arkisto.skhhry.fi\/SM2022\/","logo":{"@type":"ImageObject","inLanguage":"fi","@id":"https:\/\/arkisto.skhhry.fi\/SM2022\/#\/schema\/logo\/image\/","url":"http:\/\/arkisto.skhhry.fi\/SM2022\/wp-content\/uploads\/sites\/2\/2020\/11\/keppihevostensmkilpailut-keppihevosten.png","contentUrl":"http:\/\/arkisto.skhhry.fi\/SM2022\/wp-content\/uploads\/sites\/2\/2020\/11\/keppihevostensmkilpailut-keppihevosten.png","width":800,"height":796,"caption":"Keppihevosten Suomenmestaruuskilpailut 12.6.2021"},"image":{"@id":"https:\/\/arkisto.skhhry.fi\/SM2022\/#\/schema\/logo\/image\/"},"sameAs":["https:\/\/www.instagram.com\/keppihevosten_sm_kilpailut\/","https:\/\/www.facebook.com\/keppihevostensm\/"]}]}},"_links":{"self":[{"href":"https:\/\/arkisto.skhhry.fi\/SM2022\/wp-json\/wp\/v2\/pages\/1091"}],"collection":[{"href":"https:\/\/arkisto.skhhry.fi\/SM2022\/wp-json\/wp\/v2\/pages"}],"about":[{"href":"https:\/\/arkisto.skhhry.fi\/SM2022\/wp-json\/wp\/v2\/types\/page"}],"author":[{"embeddable":true,"href":"https:\/\/arkisto.skhhry.fi\/SM2022\/wp-json\/wp\/v2\/users\/1"}],"replies":[{"embeddable":true,"href":"https:\/\/arkisto.skhhry.fi\/SM2022\/wp-json\/wp\/v2\/comments?post=1091"}],"version-history":[{"count":120,"href":"https:\/\/arkisto.skhhry.fi\/SM2022\/wp-json\/wp\/v2\/pages\/1091\/revisions"}],"predecessor-version":[{"id":5200,"href":"https:\/\/arkisto.skhhry.fi\/SM2022\/wp-json\/wp\/v2\/pages\/1091\/revisions\/5200"}],"wp:attachment":[{"href":"https:\/\/arkisto.skhhry.fi\/SM2022\/wp-json\/wp\/v2\/media?parent=1091"}],"curies":[{"name":"wp","href":"https:\/\/api.w.org\/{rel}","templated":true}]}}