{"id":110,"date":"2019-11-18T19:46:14","date_gmt":"2019-11-18T17:46:14","guid":{"rendered":"http:\/\/arkisto.skhhry.fi\/SM2022\/?page_id=110"},"modified":"2022-06-04T14:21:11","modified_gmt":"2022-06-04T11:21:11","slug":"yhteys","status":"publish","type":"page","link":"https:\/\/arkisto.skhhry.fi\/SM2022\/yhteys\/","title":{"rendered":"Yhteys"},"content":{"rendered":"\t\t<div data-elementor-type=\"wp-page\" data-elementor-id=\"110\" class=\"elementor elementor-110\">\n\t\t\t\t\t\t<div class=\"elementor-inner\">\n\t\t\t\t<div class=\"elementor-section-wrap\">\n\t\t\t\t\t\t\t\t\t<section class=\"elementor-section elementor-top-section elementor-element elementor-element-43200b84 hero elementor-section-boxed elementor-section-height-default elementor-section-height-default\" data-id=\"43200b84\" data-element_type=\"section\" data-settings=\"{&quot;background_background&quot;:&quot;classic&quot;}\">\n\t\t\t\t\t\t\t<div class=\"elementor-background-overlay\"><\/div>\n\t\t\t\t\t\t\t<div class=\"elementor-container elementor-column-gap-default\">\n\t\t\t\t\t\t\t<div class=\"elementor-row\">\n\t\t\t\t\t<div class=\"elementor-column elementor-col-100 elementor-top-column elementor-element elementor-element-d449016\" data-id=\"d449016\" data-element_type=\"column\">\n\t\t\t<div class=\"elementor-column-wrap elementor-element-populated\">\n\t\t\t\t\t\t\t<div class=\"elementor-widget-wrap\">\n\t\t\t\t\t\t<div class=\"elementor-element elementor-element-4541a409 elementor-widget elementor-widget-heading\" data-id=\"4541a409\" data-element_type=\"widget\" data-widget_type=\"heading.default\">\n\t\t\t\t<div class=\"elementor-widget-container\">\n\t\t\t<h1 class=\"elementor-heading-title elementor-size-default\">Yhteys<\/h1>\t\t<\/div>\n\t\t\t\t<\/div>\n\t\t\t\t\t\t<\/div>\n\t\t\t\t\t<\/div>\n\t\t<\/div>\n\t\t\t\t\t\t\t\t<\/div>\n\t\t\t\t\t<\/div>\n\t\t<\/section>\n\t\t\t\t<section class=\"elementor-section elementor-top-section elementor-element elementor-element-37fc9643 osio elementor-section-boxed elementor-section-height-default elementor-section-height-default\" data-id=\"37fc9643\" data-element_type=\"section\">\n\t\t\t\t\t\t<div class=\"elementor-container elementor-column-gap-default\">\n\t\t\t\t\t\t\t<div class=\"elementor-row\">\n\t\t\t\t\t<div class=\"elementor-column elementor-col-50 elementor-top-column elementor-element elementor-element-a318f1b teksti\" data-id=\"a318f1b\" data-element_type=\"column\">\n\t\t\t<div class=\"elementor-column-wrap elementor-element-populated\">\n\t\t\t\t\t\t\t<div class=\"elementor-widget-wrap\">\n\t\t\t\t\t\t<div class=\"elementor-element elementor-element-e1c1509 elementor-widget elementor-widget-heading\" data-id=\"e1c1509\" data-element_type=\"widget\" data-widget_type=\"heading.default\">\n\t\t\t\t<div class=\"elementor-widget-container\">\n\t\t\t<h2 class=\"elementor-heading-title elementor-size-default\">J\u00e4rjest\u00e4j\u00e4t SM 2022<\/h2>\t\t<\/div>\n\t\t\t\t<\/div>\n\t\t\t\t<div class=\"elementor-element elementor-element-65833d6b elementor-widget elementor-widget-text-editor\" data-id=\"65833d6b\" data-element_type=\"widget\" data-widget_type=\"text-editor.default\">\n\t\t\t\t<div class=\"elementor-widget-container\">\n\t\t\t\t\t\t\t\t<div class=\"elementor-text-editor elementor-clearfix\">\n\t\t\t\t<p>Tapahtuman henkil\u00f6kunnan tunnistaa kilpailup\u00e4iv\u00e4n\u00e4 mustista t-paidoista, joissa on sininen yhdistyksen logo ja rinnassa lukee STAFF. J\u00e4rjest\u00e4jilt\u00e4 voi rohkeasti kysy\u00e4 mit\u00e4 vaan kilpailup\u00e4iv\u00e4n aikana. Meille on my\u00f6s t\u00e4rke\u00e4\u00e4 tarjota turvallinen ja kiusaamisvapaa tapahtuma, joten jos mik\u00e4\u00e4n tekee olosi ep\u00e4mukavaksi, ole rohkeasti yhteydess\u00e4 j\u00e4rjest\u00e4jiin tai j\u00e4rjestyksenvalvojiin.&nbsp;<\/p>\n<p><strong>Yhteydenotot s\u00e4hk\u00f6postitse:<\/strong> keppihevostensm@gmail.com<\/p>\n<p><strong>Tapahtuman tuottajat<\/strong><br>Vilma Virtanen (0440 887098)<br>Heidi Bostr\u00f6m-Vesola (040 7363074)<br>Tiina Aikio<\/p>\n<p><b>Paikallisasiantuntija<\/b><br>Nea Kuusisto<\/p>\n<p><b>Alue-\/tiimivastaavat<\/b><br>Sponsoriasiat: Silja Heikkil\u00e4 (045 3277623)<br>Sosiaalinen media: Tytti Korhonen<br>Kuvanmuokkaus ja kuvitus: Mari\/Maikken, Saija Leed<\/p>\n<p>Kouluratsastus: Mari\/Maikken<br>Esteratsastus: Sofia Blomqvist, Erika H\u00e4yrinen<br>L\u00e4nnenratsastus: Onni Pasuri<br>Estekarsinnat: Tuulia Pulkamo<\/p>\n<p>Myyntialue: Sonja Hiisvirta<br>V\u00e4liohjelma\/esiintyj\u00e4t: keppihevostensm@gmail.com<br>Talkoolaiset: Vivian Ljungqvist<\/p>\n<p><b>Hosts for international visitors:<\/b><br>international@skhhry.fi<\/p>\n<p>All hosts speak Finnish and English.<\/p>\n<p><font face=\"var( --e-global-typography-text-font-family ), Sans-serif\"><span style=\"font-weight: var( --e-global-typography-text-font-weight );\">Alec Ylimys (<\/span><\/font>+358 44 2020697)<br><span style=\"font-family: var( --e-global-typography-text-font-family ), Sans-serif;\">Megan Oliver<\/span><\/p>\n<p><br><\/p>\n<p><\/p>\t\t\t\t\t<\/div>\n\t\t\t\t\t\t<\/div>\n\t\t\t\t<\/div>\n\t\t\t\t\t\t<\/div>\n\t\t\t\t\t<\/div>\n\t\t<\/div>\n\t\t\t\t<div class=\"elementor-column elementor-col-50 elementor-top-column elementor-element elementor-element-736b5602 teksti\" data-id=\"736b5602\" data-element_type=\"column\" data-settings=\"{&quot;background_background&quot;:&quot;classic&quot;}\">\n\t\t\t<div class=\"elementor-column-wrap elementor-element-populated\">\n\t\t\t\t\t\t\t<div class=\"elementor-widget-wrap\">\n\t\t\t\t\t\t<section class=\"elementor-section elementor-inner-section elementor-element elementor-element-31efb39 elementor-section-boxed elementor-section-height-default elementor-section-height-default\" data-id=\"31efb39\" data-element_type=\"section\">\n\t\t\t\t\t\t<div class=\"elementor-container elementor-column-gap-default\">\n\t\t\t\t\t\t\t<div class=\"elementor-row\">\n\t\t\t\t\t<div class=\"elementor-column elementor-col-100 elementor-inner-column elementor-element elementor-element-2b55edd teksti\" data-id=\"2b55edd\" data-element_type=\"column\" data-settings=\"{&quot;background_background&quot;:&quot;classic&quot;}\">\n\t\t\t<div class=\"elementor-column-wrap elementor-element-populated\">\n\t\t\t\t\t\t\t<div class=\"elementor-widget-wrap\">\n\t\t\t\t\t\t<div class=\"elementor-element elementor-element-4910dc8d elementor-widget elementor-widget-heading\" data-id=\"4910dc8d\" data-element_type=\"widget\" data-widget_type=\"heading.default\">\n\t\t\t\t<div class=\"elementor-widget-container\">\n\t\t\t<h3 class=\"elementor-heading-title elementor-size-default\">J\u00e4t\u00e4 yhteydenotto<\/h3>\t\t<\/div>\n\t\t\t\t<\/div>\n\t\t\t\t<div class=\"elementor-element elementor-element-69aa39b elementor-button-align-stretch elementor-widget elementor-widget-form\" data-id=\"69aa39b\" data-element_type=\"widget\" data-settings=\"{&quot;step_next_label&quot;:&quot;Next&quot;,&quot;step_previous_label&quot;:&quot;Previous&quot;,&quot;button_width&quot;:&quot;40&quot;,&quot;step_type&quot;:&quot;number_text&quot;,&quot;step_icon_shape&quot;:&quot;circle&quot;}\" data-widget_type=\"form.default\">\n\t\t\t\t<div class=\"elementor-widget-container\">\n\t\t\t\t\t<form class=\"elementor-form\" method=\"post\" name=\"New Form\">\n\t\t\t<input type=\"hidden\" name=\"post_id\" value=\"110\"\/>\n\t\t\t<input type=\"hidden\" name=\"form_id\" value=\"69aa39b\"\/>\n\t\t\t<input type=\"hidden\" name=\"referer_title\" value=\"Keppihevosten Suomenmestaruuskilpailut 2023\" \/>\n\n\t\t\t\n\t\t\t<div class=\"elementor-form-fields-wrapper elementor-labels-above\">\n\t\t\t\t\t\t\t\t<div class=\"elementor-field-type-select elementor-field-group elementor-column elementor-field-group-name elementor-col-100\">\n\t\t\t\t\t\t\t\t\t\t\t\t<label for=\"form-field-name\" class=\"elementor-field-label\">\n\t\t\t\t\t\t\t\tMit\u00e4 asiasi koskee?\t\t\t\t\t\t\t<\/label>\n\t\t\t\t\t\t\t\t<div class=\"elementor-field elementor-select-wrapper remove-before \">\n\t\t\t<div class=\"select-caret-down-wrapper\">\n\t\t\t\t<i aria-hidden=\"true\" class=\"eicon-caret-down\"><\/i>\t\t\t<\/div>\n\t\t\t<select name=\"form_fields[name]\" id=\"form-field-name\" class=\"elementor-field-textual elementor-size-sm\">\n\t\t\t\t\t\t\t\t\t<option value=\"Kilpailija\/luokat\">Kilpailija\/luokat<\/option>\n\t\t\t\t\t\t\t\t\t<option value=\"Myyj\u00e4\">Myyj\u00e4<\/option>\n\t\t\t\t\t\t\t\t\t<option value=\"Liput\">Liput<\/option>\n\t\t\t\t\t\t\t\t\t<option value=\"Majoitus\">Majoitus<\/option>\n\t\t\t\t\t\t\t\t\t<option value=\"Sponsorointi\">Sponsorointi<\/option>\n\t\t\t\t\t\t\t\t\t<option value=\"Media\">Media<\/option>\n\t\t\t\t\t\t\t\t\t<option value=\"Ohjelmanumeron j\u00e4rjest\u00e4minen\">Ohjelmanumeron j\u00e4rjest\u00e4minen<\/option>\n\t\t\t\t\t\t\t\t\t<option value=\"Palaute\">Palaute<\/option>\n\t\t\t\t\t\t\t\t\t<option value=\"Muu\">Muu<\/option>\n\t\t\t\t\t\t\t<\/select>\n\t\t<\/div>\n\t\t\t\t\t\t<\/div>\n\t\t\t\t\t\t\t\t<div class=\"elementor-field-type-text elementor-field-group elementor-column elementor-field-group-field_c8aef20 elementor-col-50\">\n\t\t\t\t\t\t\t\t\t\t\t\t\t<input size=\"1\" type=\"text\" name=\"form_fields[field_c8aef20]\" id=\"form-field-field_c8aef20\" class=\"elementor-field elementor-size-sm  elementor-field-textual\" placeholder=\"Nimi\">\n\t\t\t\t\t\t\t\t\t\t\t<\/div>\n\t\t\t\t\t\t\t\t<div class=\"elementor-field-type-text elementor-field-group elementor-column elementor-field-group-field_0453566 elementor-col-50\">\n\t\t\t\t\t\t\t\t\t\t\t\t\t<input size=\"1\" type=\"text\" name=\"form_fields[field_0453566]\" id=\"form-field-field_0453566\" class=\"elementor-field elementor-size-sm  elementor-field-textual\" placeholder=\"Puhelinnumero\">\n\t\t\t\t\t\t\t\t\t\t\t<\/div>\n\t\t\t\t\t\t\t\t<div class=\"elementor-field-type-email elementor-field-group elementor-column elementor-field-group-field_a6bea34 elementor-col-100 elementor-field-required\">\n\t\t\t\t\t\t\t\t\t\t\t\t\t<input size=\"1\" type=\"email\" name=\"form_fields[field_a6bea34]\" id=\"form-field-field_a6bea34\" class=\"elementor-field elementor-size-sm  elementor-field-textual\" placeholder=\"S\u00e4hk\u00f6posti *\" required=\"required\" aria-required=\"true\">\n\t\t\t\t\t\t\t\t\t\t\t<\/div>\n\t\t\t\t\t\t\t\t<div class=\"elementor-field-type-textarea elementor-field-group elementor-column elementor-field-group-field_2a2d251 elementor-col-100 elementor-field-required\">\n\t\t\t\t\t<textarea class=\"elementor-field-textual elementor-field  elementor-size-sm\" name=\"form_fields[field_2a2d251]\" id=\"form-field-field_2a2d251\" rows=\"4\" placeholder=\"Kirjoita viesti\" required=\"required\" aria-required=\"true\"><\/textarea>\t\t\t\t<\/div>\n\t\t\t\t\t\t\t\t<div class=\"elementor-field-group elementor-column elementor-field-type-submit elementor-col-40 e-form__buttons\">\n\t\t\t\t\t<button type=\"submit\" class=\"elementor-button elementor-size-sm\">\n\t\t\t\t\t\t<span >\n\t\t\t\t\t\t\t\t\t\t\t\t\t\t\t<span class=\" elementor-button-icon\">\n\t\t\t\t\t\t\t\t\t\t\t\t\t\t\t\t\t\t\t\t\t\t\t\t\t\t<\/span>\n\t\t\t\t\t\t\t\t\t\t\t\t\t\t\t\t\t\t\t\t\t\t<span class=\"elementor-button-text\">L\u00e4het\u00e4<\/span>\n\t\t\t\t\t\t\t\t\t\t\t\t\t<\/span>\n\t\t\t\t\t<\/button>\n\t\t\t\t<\/div>\n\t\t\t<\/div>\n\t\t<\/form>\n\t\t\t\t<\/div>\n\t\t\t\t<\/div>\n\t\t\t\t\t\t<\/div>\n\t\t\t\t\t<\/div>\n\t\t<\/div>\n\t\t\t\t\t\t\t\t<\/div>\n\t\t\t\t\t<\/div>\n\t\t<\/section>\n\t\t\t\t\t\t<\/div>\n\t\t\t\t\t<\/div>\n\t\t<\/div>\n\t\t\t\t\t\t\t\t<\/div>\n\t\t\t\t\t<\/div>\n\t\t<\/section>\n\t\t\t\t\t\t\t\t\t<\/div>\n\t\t\t<\/div>\n\t\t\t\t\t<\/div>\n\t\t","protected":false},"excerpt":{"rendered":"<p>Yhteys J\u00e4rjest\u00e4j\u00e4t SM 2022 Tapahtuman henkil\u00f6kunnan tunnistaa kilpailup\u00e4iv\u00e4n\u00e4 mustista t-paidoista, joissa on sininen yhdistyksen logo ja rinnassa lukee STAFF. J\u00e4rjest\u00e4jilt\u00e4 voi rohkeasti kysy\u00e4 mit\u00e4 vaan kilpailup\u00e4iv\u00e4n aikana. Meille on my\u00f6s t\u00e4rke\u00e4\u00e4 tarjota turvallinen ja kiusaamisvapaa tapahtuma, joten jos mik\u00e4\u00e4n tekee olosi ep\u00e4mukavaksi, ole rohkeasti yhteydess\u00e4 j\u00e4rjest\u00e4jiin tai j\u00e4rjestyksenvalvojiin.&nbsp; Yhteydenotot s\u00e4hk\u00f6postitse: keppihevostensm@gmail.com Tapahtuman tuottajatVilma Virtanen (0440 [&hellip;]<\/p>\n","protected":false},"author":1,"featured_media":0,"parent":0,"menu_order":0,"comment_status":"closed","ping_status":"closed","template":"elementor_header_footer","meta":[],"yoast_head":"<!-- This site is optimized with the Yoast SEO plugin v19.10 - https:\/\/yoast.com\/wordpress\/plugins\/seo\/ -->\n<title>Yhteys - Keppihevosten Suomenmestaruuskilpailut 2023<\/title>\n<meta name=\"description\" content=\"Keppihevosten Suomenmestaruuskilpailuiden j\u00e4rjest\u00e4jien yhteystiedot. Ota yhteytt\u00e4 tai j\u00e4t\u00e4 yhteydenottopyynt\u00f6!\" \/>\n<meta name=\"robots\" content=\"noindex, follow, max-snippet:-1, max-image-preview:large, max-video-preview:-1\" \/>\n<meta property=\"og:locale\" content=\"fi_FI\" \/>\n<meta property=\"og:type\" content=\"article\" \/>\n<meta property=\"og:title\" content=\"Yhteys - Keppihevosten Suomenmestaruuskilpailut 2023\" \/>\n<meta property=\"og:description\" content=\"Keppihevosten Suomenmestaruuskilpailuiden j\u00e4rjest\u00e4jien yhteystiedot. Ota yhteytt\u00e4 tai j\u00e4t\u00e4 yhteydenottopyynt\u00f6!\" \/>\n<meta property=\"og:url\" content=\"https:\/\/arkisto.skhhry.fi\/SM2022\/yhteys\/\" \/>\n<meta property=\"og:site_name\" content=\"Keppihevosten Suomenmestaruuskilpailut 2023\" \/>\n<meta property=\"article:publisher\" content=\"https:\/\/www.facebook.com\/keppihevostensm\/\" \/>\n<meta property=\"article:modified_time\" content=\"2022-06-04T11:21:11+00:00\" \/>\n<meta name=\"twitter:card\" content=\"summary_large_image\" \/>\n<meta name=\"twitter:label1\" content=\"Arvioitu lukuaika\" \/>\n\t<meta name=\"twitter:data1\" content=\"1 minuutti\" \/>\n<script type=\"application\/ld+json\" class=\"yoast-schema-graph\">{\"@context\":\"https:\/\/schema.org\",\"@graph\":[{\"@type\":\"WebPage\",\"@id\":\"https:\/\/arkisto.skhhry.fi\/SM2022\/yhteys\/\",\"url\":\"https:\/\/arkisto.skhhry.fi\/SM2022\/yhteys\/\",\"name\":\"Yhteys - Keppihevosten Suomenmestaruuskilpailut 2023\",\"isPartOf\":{\"@id\":\"https:\/\/arkisto.skhhry.fi\/SM2022\/#website\"},\"datePublished\":\"2019-11-18T17:46:14+00:00\",\"dateModified\":\"2022-06-04T11:21:11+00:00\",\"description\":\"Keppihevosten Suomenmestaruuskilpailuiden j\u00e4rjest\u00e4jien yhteystiedot. Ota yhteytt\u00e4 tai j\u00e4t\u00e4 yhteydenottopyynt\u00f6!\",\"breadcrumb\":{\"@id\":\"https:\/\/arkisto.skhhry.fi\/SM2022\/yhteys\/#breadcrumb\"},\"inLanguage\":\"fi\",\"potentialAction\":[{\"@type\":\"ReadAction\",\"target\":[\"https:\/\/arkisto.skhhry.fi\/SM2022\/yhteys\/\"]}]},{\"@type\":\"BreadcrumbList\",\"@id\":\"https:\/\/arkisto.skhhry.fi\/SM2022\/yhteys\/#breadcrumb\",\"itemListElement\":[{\"@type\":\"ListItem\",\"position\":1,\"name\":\"Etusivu\",\"item\":\"https:\/\/arkisto.skhhry.fi\/SM2022\/\"},{\"@type\":\"ListItem\",\"position\":2,\"name\":\"Yhteys\"}]},{\"@type\":\"WebSite\",\"@id\":\"https:\/\/arkisto.skhhry.fi\/SM2022\/#website\",\"url\":\"https:\/\/arkisto.skhhry.fi\/SM2022\/\",\"name\":\"Keppihevosten Suomenmestaruuskilpailut 2023\",\"description\":\"Keppihevosten Suomenmestaruuskilpailut 2023\",\"publisher\":{\"@id\":\"https:\/\/arkisto.skhhry.fi\/SM2022\/#organization\"},\"potentialAction\":[{\"@type\":\"SearchAction\",\"target\":{\"@type\":\"EntryPoint\",\"urlTemplate\":\"https:\/\/arkisto.skhhry.fi\/SM2022\/?s={search_term_string}\"},\"query-input\":\"required name=search_term_string\"}],\"inLanguage\":\"fi\"},{\"@type\":\"Organization\",\"@id\":\"https:\/\/arkisto.skhhry.fi\/SM2022\/#organization\",\"name\":\"Keppihevosten Suomenmestaruuskilpailut 12.6.2021\",\"url\":\"https:\/\/arkisto.skhhry.fi\/SM2022\/\",\"logo\":{\"@type\":\"ImageObject\",\"inLanguage\":\"fi\",\"@id\":\"https:\/\/arkisto.skhhry.fi\/SM2022\/#\/schema\/logo\/image\/\",\"url\":\"http:\/\/arkisto.skhhry.fi\/SM2022\/wp-content\/uploads\/sites\/2\/2020\/11\/keppihevostensmkilpailut-keppihevosten.png\",\"contentUrl\":\"http:\/\/arkisto.skhhry.fi\/SM2022\/wp-content\/uploads\/sites\/2\/2020\/11\/keppihevostensmkilpailut-keppihevosten.png\",\"width\":800,\"height\":796,\"caption\":\"Keppihevosten Suomenmestaruuskilpailut 12.6.2021\"},\"image\":{\"@id\":\"https:\/\/arkisto.skhhry.fi\/SM2022\/#\/schema\/logo\/image\/\"},\"sameAs\":[\"https:\/\/www.instagram.com\/keppihevosten_sm_kilpailut\/\",\"https:\/\/www.facebook.com\/keppihevostensm\/\"]}]}<\/script>\n<!-- \/ Yoast SEO plugin. -->","yoast_head_json":{"title":"Yhteys - Keppihevosten Suomenmestaruuskilpailut 2023","description":"Keppihevosten Suomenmestaruuskilpailuiden j\u00e4rjest\u00e4jien yhteystiedot. Ota yhteytt\u00e4 tai j\u00e4t\u00e4 yhteydenottopyynt\u00f6!","robots":{"index":"noindex","follow":"follow","max-snippet":"max-snippet:-1","max-image-preview":"max-image-preview:large","max-video-preview":"max-video-preview:-1"},"og_locale":"fi_FI","og_type":"article","og_title":"Yhteys - Keppihevosten Suomenmestaruuskilpailut 2023","og_description":"Keppihevosten Suomenmestaruuskilpailuiden j\u00e4rjest\u00e4jien yhteystiedot. Ota yhteytt\u00e4 tai j\u00e4t\u00e4 yhteydenottopyynt\u00f6!","og_url":"https:\/\/arkisto.skhhry.fi\/SM2022\/yhteys\/","og_site_name":"Keppihevosten Suomenmestaruuskilpailut 2023","article_publisher":"https:\/\/www.facebook.com\/keppihevostensm\/","article_modified_time":"2022-06-04T11:21:11+00:00","twitter_card":"summary_large_image","twitter_misc":{"Arvioitu lukuaika":"1 minuutti"},"schema":{"@context":"https:\/\/schema.org","@graph":[{"@type":"WebPage","@id":"https:\/\/arkisto.skhhry.fi\/SM2022\/yhteys\/","url":"https:\/\/arkisto.skhhry.fi\/SM2022\/yhteys\/","name":"Yhteys - Keppihevosten Suomenmestaruuskilpailut 2023","isPartOf":{"@id":"https:\/\/arkisto.skhhry.fi\/SM2022\/#website"},"datePublished":"2019-11-18T17:46:14+00:00","dateModified":"2022-06-04T11:21:11+00:00","description":"Keppihevosten Suomenmestaruuskilpailuiden j\u00e4rjest\u00e4jien yhteystiedot. Ota yhteytt\u00e4 tai j\u00e4t\u00e4 yhteydenottopyynt\u00f6!","breadcrumb":{"@id":"https:\/\/arkisto.skhhry.fi\/SM2022\/yhteys\/#breadcrumb"},"inLanguage":"fi","potentialAction":[{"@type":"ReadAction","target":["https:\/\/arkisto.skhhry.fi\/SM2022\/yhteys\/"]}]},{"@type":"BreadcrumbList","@id":"https:\/\/arkisto.skhhry.fi\/SM2022\/yhteys\/#breadcrumb","itemListElement":[{"@type":"ListItem","position":1,"name":"Etusivu","item":"https:\/\/arkisto.skhhry.fi\/SM2022\/"},{"@type":"ListItem","position":2,"name":"Yhteys"}]},{"@type":"WebSite","@id":"https:\/\/arkisto.skhhry.fi\/SM2022\/#website","url":"https:\/\/arkisto.skhhry.fi\/SM2022\/","name":"Keppihevosten Suomenmestaruuskilpailut 2023","description":"Keppihevosten Suomenmestaruuskilpailut 2023","publisher":{"@id":"https:\/\/arkisto.skhhry.fi\/SM2022\/#organization"},"potentialAction":[{"@type":"SearchAction","target":{"@type":"EntryPoint","urlTemplate":"https:\/\/arkisto.skhhry.fi\/SM2022\/?s={search_term_string}"},"query-input":"required name=search_term_string"}],"inLanguage":"fi"},{"@type":"Organization","@id":"https:\/\/arkisto.skhhry.fi\/SM2022\/#organization","name":"Keppihevosten Suomenmestaruuskilpailut 12.6.2021","url":"https:\/\/arkisto.skhhry.fi\/SM2022\/","logo":{"@type":"ImageObject","inLanguage":"fi","@id":"https:\/\/arkisto.skhhry.fi\/SM2022\/#\/schema\/logo\/image\/","url":"http:\/\/arkisto.skhhry.fi\/SM2022\/wp-content\/uploads\/sites\/2\/2020\/11\/keppihevostensmkilpailut-keppihevosten.png","contentUrl":"http:\/\/arkisto.skhhry.fi\/SM2022\/wp-content\/uploads\/sites\/2\/2020\/11\/keppihevostensmkilpailut-keppihevosten.png","width":800,"height":796,"caption":"Keppihevosten Suomenmestaruuskilpailut 12.6.2021"},"image":{"@id":"https:\/\/arkisto.skhhry.fi\/SM2022\/#\/schema\/logo\/image\/"},"sameAs":["https:\/\/www.instagram.com\/keppihevosten_sm_kilpailut\/","https:\/\/www.facebook.com\/keppihevostensm\/"]}]}},"_links":{"self":[{"href":"https:\/\/arkisto.skhhry.fi\/SM2022\/wp-json\/wp\/v2\/pages\/110"}],"collection":[{"href":"https:\/\/arkisto.skhhry.fi\/SM2022\/wp-json\/wp\/v2\/pages"}],"about":[{"href":"https:\/\/arkisto.skhhry.fi\/SM2022\/wp-json\/wp\/v2\/types\/page"}],"author":[{"embeddable":true,"href":"https:\/\/arkisto.skhhry.fi\/SM2022\/wp-json\/wp\/v2\/users\/1"}],"replies":[{"embeddable":true,"href":"https:\/\/arkisto.skhhry.fi\/SM2022\/wp-json\/wp\/v2\/comments?post=110"}],"version-history":[{"count":96,"href":"https:\/\/arkisto.skhhry.fi\/SM2022\/wp-json\/wp\/v2\/pages\/110\/revisions"}],"predecessor-version":[{"id":5169,"href":"https:\/\/arkisto.skhhry.fi\/SM2022\/wp-json\/wp\/v2\/pages\/110\/revisions\/5169"}],"wp:attachment":[{"href":"https:\/\/arkisto.skhhry.fi\/SM2022\/wp-json\/wp\/v2\/media?parent=110"}],"curies":[{"name":"wp","href":"https:\/\/api.w.org\/{rel}","templated":true}]}}