{"id":20,"date":"2019-10-22T00:50:51","date_gmt":"2019-10-21T21:50:51","guid":{"rendered":"http:\/\/arkisto.skhhry.fi\/SM2022\/?page_id=20"},"modified":"2022-11-28T16:19:14","modified_gmt":"2022-11-28T14:19:14","slug":"koulumestaruuden-karsinta","status":"publish","type":"page","link":"https:\/\/arkisto.skhhry.fi\/SM2022\/koulumestaruuden-karsinta\/","title":{"rendered":"Koulumestaruuden karsinta"},"content":{"rendered":"\t\t<div data-elementor-type=\"wp-page\" data-elementor-id=\"20\" class=\"elementor elementor-20\">\n\t\t\t\t\t\t<div class=\"elementor-inner\">\n\t\t\t\t<div class=\"elementor-section-wrap\">\n\t\t\t\t\t\t\t\t\t<section class=\"elementor-section elementor-top-section elementor-element elementor-element-3a679506 hero elementor-section-boxed elementor-section-height-default elementor-section-height-default\" data-id=\"3a679506\" data-element_type=\"section\" data-settings=\"{&quot;background_background&quot;:&quot;classic&quot;}\">\n\t\t\t\t\t\t\t<div class=\"elementor-background-overlay\"><\/div>\n\t\t\t\t\t\t\t<div class=\"elementor-container elementor-column-gap-default\">\n\t\t\t\t\t\t\t<div class=\"elementor-row\">\n\t\t\t\t\t<div class=\"elementor-column elementor-col-100 elementor-top-column elementor-element elementor-element-154569c8\" data-id=\"154569c8\" data-element_type=\"column\">\n\t\t\t<div class=\"elementor-column-wrap elementor-element-populated\">\n\t\t\t\t\t\t\t<div class=\"elementor-widget-wrap\">\n\t\t\t\t\t\t<div class=\"elementor-element elementor-element-459687ea elementor-widget elementor-widget-heading\" data-id=\"459687ea\" data-element_type=\"widget\" data-widget_type=\"heading.default\">\n\t\t\t\t<div class=\"elementor-widget-container\">\n\t\t\t<h1 class=\"elementor-heading-title elementor-size-default\">Koulumestaruuden karsinta<\/h1>\t\t<\/div>\n\t\t\t\t<\/div>\n\t\t\t\t\t\t<\/div>\n\t\t\t\t\t<\/div>\n\t\t<\/div>\n\t\t\t\t\t\t\t\t<\/div>\n\t\t\t\t\t<\/div>\n\t\t<\/section>\n\t\t\t\t<section class=\"elementor-section elementor-top-section elementor-element elementor-element-f8944 osio elementor-section-boxed elementor-section-height-default elementor-section-height-default\" data-id=\"f8944\" data-element_type=\"section\">\n\t\t\t\t\t\t<div class=\"elementor-container elementor-column-gap-default\">\n\t\t\t\t\t\t\t<div class=\"elementor-row\">\n\t\t\t\t\t<div class=\"elementor-column elementor-col-50 elementor-top-column elementor-element elementor-element-3e7652c8 kuva\" data-id=\"3e7652c8\" data-element_type=\"column\" data-settings=\"{&quot;background_background&quot;:&quot;classic&quot;}\">\n\t\t\t<div class=\"elementor-column-wrap\">\n\t\t\t\t\t\t\t<div class=\"elementor-widget-wrap\">\n\t\t\t\t\t\t\t\t<\/div>\n\t\t\t\t\t<\/div>\n\t\t<\/div>\n\t\t\t\t<div class=\"elementor-column elementor-col-50 elementor-top-column elementor-element elementor-element-61e7d886 teksti\" data-id=\"61e7d886\" data-element_type=\"column\">\n\t\t\t<div class=\"elementor-column-wrap elementor-element-populated\">\n\t\t\t\t\t\t\t<div class=\"elementor-widget-wrap\">\n\t\t\t\t\t\t<div class=\"elementor-element elementor-element-cf3864c elementor-hidden-desktop elementor-hidden-tablet elementor-hidden-mobile elementor-widget elementor-widget-text-editor\" data-id=\"cf3864c\" data-element_type=\"widget\" data-widget_type=\"text-editor.default\">\n\t\t\t\t<div class=\"elementor-widget-container\">\n\t\t\t\t\t\t\t\t<div class=\"elementor-text-editor elementor-clearfix\">\n\t\t\t\t<p><span style=\"font-weight: 400;font-size: 12pt\">Karsintojen j\u00e4\u00e4dess\u00e4 vajaaksi osallistujam\u00e4\u00e4r\u00e4n takia tarvitsemme nyt luokkaan lis\u00e4\u00e4 osallistujia. <strong>Voit nyt osallistua luokkaan jos sinulta l\u00f6ytyy ennest\u00e4\u00e4n arvostelupaperi Grand Prix tasolta v\u00e4hint\u00e4\u00e4n 50,00% tuloksella.<\/strong> Tiedoston kuuluu olla .pdf\/.jpg\/.png tai muu samankaltainen tiedosto johon l\u00f6ytyy toimiva linkki. Voit ladata tiedoston <em>esimerkiksi omaan Google Drive-palveluun<\/em> ja linkitt\u00e4\u00e4 sen \u201cjokainen linkin saanut\u201d asetuksella ilmoittautumiskaavakkeen \u201cArvostelupaperin linkki\u201d-kohtaan. Voit halutessasi osallistua luokkaan eri hevosella kuin mik\u00e4 on ilmoitettu arvostelupaperissa. Mik\u00e4li haluat osallistua molempiin luokkiin, l\u00e4het\u00e4th\u00e4n kaksi erillist\u00e4 ilmoittautumista.<\/span><\/p><p><span style=\"font-weight: 400;font-size: 12pt\">Arvostelupaperiksi k\u00e4y:<\/span><\/p><ul style=\"list-style-type: circle\"><li><span style=\"font-weight: 400;font-size: 12pt\"><span style=\"color: #000000\">Keppihevosten SM-kilpailujen 2016-2019 Koulumestaruus tai K\u00fcr<\/span><\/span><\/li><li><span style=\"font-weight: 400;font-size: 12pt;color: #000000\">Superp\u00e4iv\u00e4n Epic Grand Prix tai Super K\u00fcr vuodelta 2021<\/span><\/li><li><span style=\"font-size: 12pt;color: #000000\">Mink\u00e4 tahansa virallisen kouluratsastustuomarin arvostelema Grand Prix tason valmisrata tai saman tason K\u00fcr.<\/span><\/li><\/ul><div>\u00a0<\/div><p><span style=\"font-weight: 400;font-size: 12pt\"><strong><span style=\"color: #993300\">Huomioithan ett\u00e4 rata ei saa olla hyl\u00e4tty tai alle 50,00% suoritus!<\/span> <\/strong>Tiedostossa kuuluu my\u00f6s olla selke\u00e4sti luettavissa:<\/span><\/p><ul style=\"list-style-type: circle\"><li><span style=\"font-weight: 400;font-size: 12pt;color: #000000\">Kilpailujen nimi + pvm<\/span><\/li><li><span style=\"font-size: 12pt;color: #000000\">Tuomarin nimi\/allekirjoitus<\/span><\/li><li><span style=\"font-size: 12pt;color: #000000\">Prosentti sek\u00e4 pisteet<\/span><\/li><\/ul><div><span style=\"font-size: 16px\">\u00a0<\/span><\/div><p><span style=\"font-weight: 400;font-size: 12pt\">Mik\u00e4li vaatimukset eiv\u00e4t t\u00e4yty, ilmoittautumista ei valitettavasti voida hyv\u00e4ksy\u00e4. <strong><span style=\"color: #993300\">Ilmoittautumisia otetaan vastaan 21.4.2022 kello 15:00 alkaen.<\/span><\/strong><\/span><\/p>\t\t\t\t\t<\/div>\n\t\t\t\t\t\t<\/div>\n\t\t\t\t<\/div>\n\t\t\t\t<div class=\"elementor-element elementor-element-0438c7a elementor-align-center elementor-mobile-align-left elementor-hidden-desktop elementor-hidden-tablet elementor-hidden-mobile elementor-widget elementor-widget-button\" data-id=\"0438c7a\" data-element_type=\"widget\" data-widget_type=\"button.default\">\n\t\t\t\t<div class=\"elementor-widget-container\">\n\t\t\t\t\t<div class=\"elementor-button-wrapper\">\n\t\t\t<a href=\"https:\/\/www.ilmarix.fi\/tietoverkko\/isoilmari3.nsf\/ilmoall?openform&#038;s=n&#038;id=257B0C7F8396B78DC2258829005A83B5\" class=\"elementor-button-link elementor-button elementor-size-md\" role=\"button\">\n\t\t\t\t\t\t<span class=\"elementor-button-content-wrapper\">\n\t\t\t\t\t\t<span class=\"elementor-button-text\">ILMOITTAUTUMINEN<\/span>\n\t\t<\/span>\n\t\t\t\t\t<\/a>\n\t\t<\/div>\n\t\t\t\t<\/div>\n\t\t\t\t<\/div>\n\t\t\t\t<div class=\"elementor-element elementor-element-27f6c15c elementor-widget elementor-widget-heading\" data-id=\"27f6c15c\" data-element_type=\"widget\" data-widget_type=\"heading.default\">\n\t\t\t\t<div class=\"elementor-widget-container\">\n\t\t\t<h2 class=\"elementor-heading-title elementor-size-default\">Koulumestaruuden 15 finalistia valitaan videokarsinnan avulla<\/h2>\t\t<\/div>\n\t\t\t\t<\/div>\n\t\t\t\t<div class=\"elementor-element elementor-element-79a95ad2 elementor-widget elementor-widget-text-editor\" data-id=\"79a95ad2\" data-element_type=\"widget\" data-widget_type=\"text-editor.default\">\n\t\t\t\t<div class=\"elementor-widget-container\">\n\t\t\t\t\t\t\t\t<div class=\"elementor-text-editor elementor-clearfix\">\n\t\t\t\t<p style=\"text-align: left\"><span style=\"font-size: 12pt\">Vuoden 2022 Suomen koulumestari ratkaistaan Grand Prix -radalla suomenmestaruuskilpailuissa. Luokkaan on etuk\u00e4teen videokarsinnat omalla karsintaradallaan. Karsintojen 15 parasta p\u00e4\u00e4sev\u00e4t kilpailemaan Sein\u00e4joki Areenalle 11.6.2022 koulumestaruudesta. Luokkaan osallistuaksesi sinun tulee olla Suomen kansalainen.&nbsp;<u>Koulumestaruudessa kilpailevilta vaaditaan SKHH ry:n j\u00e4senyys.<\/u> Voit liitty\u00e4 j\u00e4seneksi my\u00f6s karsintoihin osallistumisen ja finaalipaikan lunastamisen j\u00e4lkeen, j\u00e4senyyden tulee kuitenkin olla maksettu ennen finaalip\u00e4iv\u00e4\u00e4.&nbsp;Luokassa ei ole ik\u00e4rajaa.<\/span><\/p>\n<p><span style=\"font-size: 12pt\"><span style=\"font-weight: 400\">Koulukarsinnat j\u00e4rjestet\u00e4\u00e4n <\/span><b>31.1.-11<\/b><strong>.4<span style=\"font-weight: 400\">.<\/span>2022<\/strong>&nbsp;v\u00e4lisen\u00e4 aikana. <i>Luokassa aukesi lis\u00e4ilmoittautuminen 21.4.2022.<\/i><\/span><\/p>\t\t\t\t\t<\/div>\n\t\t\t\t\t\t<\/div>\n\t\t\t\t<\/div>\n\t\t\t\t<div class=\"elementor-element elementor-element-68ef14a elementor-align-left elementor-widget elementor-widget-button\" data-id=\"68ef14a\" data-element_type=\"widget\" data-widget_type=\"button.default\">\n\t\t\t\t<div class=\"elementor-widget-container\">\n\t\t\t\t\t<div class=\"elementor-button-wrapper\">\n\t\t\t<a href=\"http:\/\/arkisto.skhhry.fi\/SM2022\/wp-content\/uploads\/sites\/2\/2022\/01\/GRAND-PRIX-SUOMENMESTARUUS-2022.pdf\" class=\"elementor-button-link elementor-button elementor-size-sm\" role=\"button\">\n\t\t\t\t\t\t<span class=\"elementor-button-content-wrapper\">\n\t\t\t\t\t\t<span class=\"elementor-button-text\">Koulumestaruus 2022<\/span>\n\t\t<\/span>\n\t\t\t\t\t<\/a>\n\t\t<\/div>\n\t\t\t\t<\/div>\n\t\t\t\t<\/div>\n\t\t\t\t<div class=\"elementor-element elementor-element-e7e0651 elementor-align-left elementor-widget elementor-widget-button\" data-id=\"e7e0651\" data-element_type=\"widget\" data-widget_type=\"button.default\">\n\t\t\t\t<div class=\"elementor-widget-container\">\n\t\t\t\t\t<div class=\"elementor-button-wrapper\">\n\t\t\t<a href=\"http:\/\/arkisto.skhhry.fi\/SM2022\/wp-content\/uploads\/sites\/2\/2022\/01\/KOULUMESTARUUDEN-KARSINTARATA-2022.pdf\" target=\"_blank\" class=\"elementor-button-link elementor-button elementor-size-sm\" role=\"button\">\n\t\t\t\t\t\t<span class=\"elementor-button-content-wrapper\">\n\t\t\t\t\t\t<span class=\"elementor-button-text\">Koulumestaruuden karsintarata<\/span>\n\t\t<\/span>\n\t\t\t\t\t<\/a>\n\t\t<\/div>\n\t\t\t\t<\/div>\n\t\t\t\t<\/div>\n\t\t\t\t\t\t<\/div>\n\t\t\t\t\t<\/div>\n\t\t<\/div>\n\t\t\t\t\t\t\t\t<\/div>\n\t\t\t\t\t<\/div>\n\t\t<\/section>\n\t\t\t\t\t\t\t\t\t<\/div>\n\t\t\t<\/div>\n\t\t\t\t\t<\/div>\n\t\t","protected":false},"excerpt":{"rendered":"<p>Koulumestaruuden karsinta Karsintojen j\u00e4\u00e4dess\u00e4 vajaaksi osallistujam\u00e4\u00e4r\u00e4n takia tarvitsemme nyt luokkaan lis\u00e4\u00e4 osallistujia. Voit nyt osallistua luokkaan jos sinulta l\u00f6ytyy ennest\u00e4\u00e4n arvostelupaperi Grand Prix tasolta v\u00e4hint\u00e4\u00e4n 50,00% tuloksella. Tiedoston kuuluu olla .pdf\/.jpg\/.png tai muu samankaltainen tiedosto johon l\u00f6ytyy toimiva linkki. Voit ladata tiedoston esimerkiksi omaan Google Drive-palveluun ja linkitt\u00e4\u00e4 sen \u201cjokainen linkin saanut\u201d asetuksella ilmoittautumiskaavakkeen \u201cArvostelupaperin [&hellip;]<\/p>\n","protected":false},"author":1,"featured_media":0,"parent":0,"menu_order":0,"comment_status":"closed","ping_status":"closed","template":"elementor_header_footer","meta":[],"yoast_head":"<!-- This site is optimized with the Yoast SEO plugin v19.10 - https:\/\/yoast.com\/wordpress\/plugins\/seo\/ -->\n<title>Koulumestaruuden karsinta - Keppihevosten Suomenmestaruuskilpailut 2023<\/title>\n<meta name=\"description\" content=\"Suomen koulumestari ratkaistaan Grand Prix -radalla, joista parhaimmat p\u00e4\u00e4sev\u00e4t kilpailemaan Keppihevosten Suomenmestaruuskilpailuihin.\" \/>\n<meta name=\"robots\" content=\"noindex, follow, max-snippet:-1, max-image-preview:large, max-video-preview:-1\" \/>\n<meta property=\"og:locale\" content=\"fi_FI\" \/>\n<meta property=\"og:type\" content=\"article\" \/>\n<meta property=\"og:title\" content=\"Koulumestaruuden karsinta - Keppihevosten Suomenmestaruuskilpailut 2023\" \/>\n<meta property=\"og:description\" content=\"Suomen koulumestari ratkaistaan Grand Prix -radalla, joista parhaimmat p\u00e4\u00e4sev\u00e4t kilpailemaan Keppihevosten Suomenmestaruuskilpailuihin.\" \/>\n<meta property=\"og:url\" content=\"https:\/\/arkisto.skhhry.fi\/SM2022\/koulumestaruuden-karsinta\/\" \/>\n<meta property=\"og:site_name\" content=\"Keppihevosten Suomenmestaruuskilpailut 2023\" \/>\n<meta property=\"article:publisher\" content=\"https:\/\/www.facebook.com\/keppihevostensm\/\" \/>\n<meta property=\"article:modified_time\" content=\"2022-11-28T14:19:14+00:00\" \/>\n<meta name=\"twitter:card\" content=\"summary_large_image\" \/>\n<meta name=\"twitter:label1\" content=\"Arvioitu lukuaika\" \/>\n\t<meta name=\"twitter:data1\" content=\"2 minuuttia\" \/>\n<script type=\"application\/ld+json\" class=\"yoast-schema-graph\">{\"@context\":\"https:\/\/schema.org\",\"@graph\":[{\"@type\":\"WebPage\",\"@id\":\"https:\/\/arkisto.skhhry.fi\/SM2022\/koulumestaruuden-karsinta\/\",\"url\":\"https:\/\/arkisto.skhhry.fi\/SM2022\/koulumestaruuden-karsinta\/\",\"name\":\"Koulumestaruuden karsinta - Keppihevosten Suomenmestaruuskilpailut 2023\",\"isPartOf\":{\"@id\":\"https:\/\/arkisto.skhhry.fi\/SM2022\/#website\"},\"datePublished\":\"2019-10-21T21:50:51+00:00\",\"dateModified\":\"2022-11-28T14:19:14+00:00\",\"description\":\"Suomen koulumestari ratkaistaan Grand Prix -radalla, joista parhaimmat p\u00e4\u00e4sev\u00e4t kilpailemaan Keppihevosten Suomenmestaruuskilpailuihin.\",\"breadcrumb\":{\"@id\":\"https:\/\/arkisto.skhhry.fi\/SM2022\/koulumestaruuden-karsinta\/#breadcrumb\"},\"inLanguage\":\"fi\",\"potentialAction\":[{\"@type\":\"ReadAction\",\"target\":[\"https:\/\/arkisto.skhhry.fi\/SM2022\/koulumestaruuden-karsinta\/\"]}]},{\"@type\":\"BreadcrumbList\",\"@id\":\"https:\/\/arkisto.skhhry.fi\/SM2022\/koulumestaruuden-karsinta\/#breadcrumb\",\"itemListElement\":[{\"@type\":\"ListItem\",\"position\":1,\"name\":\"Etusivu\",\"item\":\"https:\/\/arkisto.skhhry.fi\/SM2022\/\"},{\"@type\":\"ListItem\",\"position\":2,\"name\":\"Koulumestaruuden karsinta\"}]},{\"@type\":\"WebSite\",\"@id\":\"https:\/\/arkisto.skhhry.fi\/SM2022\/#website\",\"url\":\"https:\/\/arkisto.skhhry.fi\/SM2022\/\",\"name\":\"Keppihevosten Suomenmestaruuskilpailut 2023\",\"description\":\"Keppihevosten Suomenmestaruuskilpailut 2023\",\"publisher\":{\"@id\":\"https:\/\/arkisto.skhhry.fi\/SM2022\/#organization\"},\"potentialAction\":[{\"@type\":\"SearchAction\",\"target\":{\"@type\":\"EntryPoint\",\"urlTemplate\":\"https:\/\/arkisto.skhhry.fi\/SM2022\/?s={search_term_string}\"},\"query-input\":\"required name=search_term_string\"}],\"inLanguage\":\"fi\"},{\"@type\":\"Organization\",\"@id\":\"https:\/\/arkisto.skhhry.fi\/SM2022\/#organization\",\"name\":\"Keppihevosten Suomenmestaruuskilpailut 12.6.2021\",\"url\":\"https:\/\/arkisto.skhhry.fi\/SM2022\/\",\"logo\":{\"@type\":\"ImageObject\",\"inLanguage\":\"fi\",\"@id\":\"https:\/\/arkisto.skhhry.fi\/SM2022\/#\/schema\/logo\/image\/\",\"url\":\"http:\/\/arkisto.skhhry.fi\/SM2022\/wp-content\/uploads\/sites\/2\/2020\/11\/keppihevostensmkilpailut-keppihevosten.png\",\"contentUrl\":\"http:\/\/arkisto.skhhry.fi\/SM2022\/wp-content\/uploads\/sites\/2\/2020\/11\/keppihevostensmkilpailut-keppihevosten.png\",\"width\":800,\"height\":796,\"caption\":\"Keppihevosten Suomenmestaruuskilpailut 12.6.2021\"},\"image\":{\"@id\":\"https:\/\/arkisto.skhhry.fi\/SM2022\/#\/schema\/logo\/image\/\"},\"sameAs\":[\"https:\/\/www.instagram.com\/keppihevosten_sm_kilpailut\/\",\"https:\/\/www.facebook.com\/keppihevostensm\/\"]}]}<\/script>\n<!-- \/ Yoast SEO plugin. -->","yoast_head_json":{"title":"Koulumestaruuden karsinta - Keppihevosten Suomenmestaruuskilpailut 2023","description":"Suomen koulumestari ratkaistaan Grand Prix -radalla, joista parhaimmat p\u00e4\u00e4sev\u00e4t kilpailemaan Keppihevosten Suomenmestaruuskilpailuihin.","robots":{"index":"noindex","follow":"follow","max-snippet":"max-snippet:-1","max-image-preview":"max-image-preview:large","max-video-preview":"max-video-preview:-1"},"og_locale":"fi_FI","og_type":"article","og_title":"Koulumestaruuden karsinta - Keppihevosten Suomenmestaruuskilpailut 2023","og_description":"Suomen koulumestari ratkaistaan Grand Prix -radalla, joista parhaimmat p\u00e4\u00e4sev\u00e4t kilpailemaan Keppihevosten Suomenmestaruuskilpailuihin.","og_url":"https:\/\/arkisto.skhhry.fi\/SM2022\/koulumestaruuden-karsinta\/","og_site_name":"Keppihevosten Suomenmestaruuskilpailut 2023","article_publisher":"https:\/\/www.facebook.com\/keppihevostensm\/","article_modified_time":"2022-11-28T14:19:14+00:00","twitter_card":"summary_large_image","twitter_misc":{"Arvioitu lukuaika":"2 minuuttia"},"schema":{"@context":"https:\/\/schema.org","@graph":[{"@type":"WebPage","@id":"https:\/\/arkisto.skhhry.fi\/SM2022\/koulumestaruuden-karsinta\/","url":"https:\/\/arkisto.skhhry.fi\/SM2022\/koulumestaruuden-karsinta\/","name":"Koulumestaruuden karsinta - Keppihevosten Suomenmestaruuskilpailut 2023","isPartOf":{"@id":"https:\/\/arkisto.skhhry.fi\/SM2022\/#website"},"datePublished":"2019-10-21T21:50:51+00:00","dateModified":"2022-11-28T14:19:14+00:00","description":"Suomen koulumestari ratkaistaan Grand Prix -radalla, joista parhaimmat p\u00e4\u00e4sev\u00e4t kilpailemaan Keppihevosten Suomenmestaruuskilpailuihin.","breadcrumb":{"@id":"https:\/\/arkisto.skhhry.fi\/SM2022\/koulumestaruuden-karsinta\/#breadcrumb"},"inLanguage":"fi","potentialAction":[{"@type":"ReadAction","target":["https:\/\/arkisto.skhhry.fi\/SM2022\/koulumestaruuden-karsinta\/"]}]},{"@type":"BreadcrumbList","@id":"https:\/\/arkisto.skhhry.fi\/SM2022\/koulumestaruuden-karsinta\/#breadcrumb","itemListElement":[{"@type":"ListItem","position":1,"name":"Etusivu","item":"https:\/\/arkisto.skhhry.fi\/SM2022\/"},{"@type":"ListItem","position":2,"name":"Koulumestaruuden karsinta"}]},{"@type":"WebSite","@id":"https:\/\/arkisto.skhhry.fi\/SM2022\/#website","url":"https:\/\/arkisto.skhhry.fi\/SM2022\/","name":"Keppihevosten Suomenmestaruuskilpailut 2023","description":"Keppihevosten Suomenmestaruuskilpailut 2023","publisher":{"@id":"https:\/\/arkisto.skhhry.fi\/SM2022\/#organization"},"potentialAction":[{"@type":"SearchAction","target":{"@type":"EntryPoint","urlTemplate":"https:\/\/arkisto.skhhry.fi\/SM2022\/?s={search_term_string}"},"query-input":"required name=search_term_string"}],"inLanguage":"fi"},{"@type":"Organization","@id":"https:\/\/arkisto.skhhry.fi\/SM2022\/#organization","name":"Keppihevosten Suomenmestaruuskilpailut 12.6.2021","url":"https:\/\/arkisto.skhhry.fi\/SM2022\/","logo":{"@type":"ImageObject","inLanguage":"fi","@id":"https:\/\/arkisto.skhhry.fi\/SM2022\/#\/schema\/logo\/image\/","url":"http:\/\/arkisto.skhhry.fi\/SM2022\/wp-content\/uploads\/sites\/2\/2020\/11\/keppihevostensmkilpailut-keppihevosten.png","contentUrl":"http:\/\/arkisto.skhhry.fi\/SM2022\/wp-content\/uploads\/sites\/2\/2020\/11\/keppihevostensmkilpailut-keppihevosten.png","width":800,"height":796,"caption":"Keppihevosten Suomenmestaruuskilpailut 12.6.2021"},"image":{"@id":"https:\/\/arkisto.skhhry.fi\/SM2022\/#\/schema\/logo\/image\/"},"sameAs":["https:\/\/www.instagram.com\/keppihevosten_sm_kilpailut\/","https:\/\/www.facebook.com\/keppihevostensm\/"]}]}},"_links":{"self":[{"href":"https:\/\/arkisto.skhhry.fi\/SM2022\/wp-json\/wp\/v2\/pages\/20"}],"collection":[{"href":"https:\/\/arkisto.skhhry.fi\/SM2022\/wp-json\/wp\/v2\/pages"}],"about":[{"href":"https:\/\/arkisto.skhhry.fi\/SM2022\/wp-json\/wp\/v2\/types\/page"}],"author":[{"embeddable":true,"href":"https:\/\/arkisto.skhhry.fi\/SM2022\/wp-json\/wp\/v2\/users\/1"}],"replies":[{"embeddable":true,"href":"https:\/\/arkisto.skhhry.fi\/SM2022\/wp-json\/wp\/v2\/comments?post=20"}],"version-history":[{"count":111,"href":"https:\/\/arkisto.skhhry.fi\/SM2022\/wp-json\/wp\/v2\/pages\/20\/revisions"}],"predecessor-version":[{"id":5540,"href":"https:\/\/arkisto.skhhry.fi\/SM2022\/wp-json\/wp\/v2\/pages\/20\/revisions\/5540"}],"wp:attachment":[{"href":"https:\/\/arkisto.skhhry.fi\/SM2022\/wp-json\/wp\/v2\/media?parent=20"}],"curies":[{"name":"wp","href":"https:\/\/api.w.org\/{rel}","templated":true}]}}