{"id":2524,"date":"2021-01-08T18:54:09","date_gmt":"2021-01-08T16:54:09","guid":{"rendered":"http:\/\/arkisto.skhhry.fi\/SM2022\/?page_id=2524"},"modified":"2022-04-05T09:20:11","modified_gmt":"2022-04-05T06:20:11","slug":"usein-kysyttya","status":"publish","type":"page","link":"https:\/\/arkisto.skhhry.fi\/SM2022\/usein-kysyttya\/","title":{"rendered":"Usein kysytty\u00e4"},"content":{"rendered":"\t\t<div data-elementor-type=\"wp-page\" data-elementor-id=\"2524\" class=\"elementor elementor-2524\">\n\t\t\t\t\t\t<div class=\"elementor-inner\">\n\t\t\t\t<div class=\"elementor-section-wrap\">\n\t\t\t\t\t\t\t\t\t<section class=\"elementor-section elementor-top-section elementor-element elementor-element-67454d9e hero elementor-section-boxed elementor-section-height-default elementor-section-height-default\" data-id=\"67454d9e\" data-element_type=\"section\" data-settings=\"{&quot;background_background&quot;:&quot;classic&quot;}\">\n\t\t\t\t\t\t\t<div class=\"elementor-background-overlay\"><\/div>\n\t\t\t\t\t\t\t<div class=\"elementor-container elementor-column-gap-default\">\n\t\t\t\t\t\t\t<div class=\"elementor-row\">\n\t\t\t\t\t<div class=\"elementor-column elementor-col-100 elementor-top-column elementor-element elementor-element-115542ef\" data-id=\"115542ef\" data-element_type=\"column\">\n\t\t\t<div class=\"elementor-column-wrap elementor-element-populated\">\n\t\t\t\t\t\t\t<div class=\"elementor-widget-wrap\">\n\t\t\t\t\t\t<div class=\"elementor-element elementor-element-51ee25a4 elementor-widget elementor-widget-heading\" data-id=\"51ee25a4\" data-element_type=\"widget\" data-widget_type=\"heading.default\">\n\t\t\t\t<div class=\"elementor-widget-container\">\n\t\t\t<h1 class=\"elementor-heading-title elementor-size-default\">Usein kysytty\u00e4<\/h1>\t\t<\/div>\n\t\t\t\t<\/div>\n\t\t\t\t\t\t<\/div>\n\t\t\t\t\t<\/div>\n\t\t<\/div>\n\t\t\t\t\t\t\t\t<\/div>\n\t\t\t\t\t<\/div>\n\t\t<\/section>\n\t\t\t\t<section class=\"elementor-section elementor-top-section elementor-element elementor-element-6326c8f elementor-section-boxed elementor-section-height-default elementor-section-height-default\" data-id=\"6326c8f\" data-element_type=\"section\">\n\t\t\t\t\t\t<div class=\"elementor-container elementor-column-gap-default\">\n\t\t\t\t\t\t\t<div class=\"elementor-row\">\n\t\t\t\t\t<div class=\"elementor-column elementor-col-100 elementor-top-column elementor-element elementor-element-9011746\" data-id=\"9011746\" data-element_type=\"column\">\n\t\t\t<div class=\"elementor-column-wrap elementor-element-populated\">\n\t\t\t\t\t\t\t<div class=\"elementor-widget-wrap\">\n\t\t\t\t\t\t<div class=\"elementor-element elementor-element-28f9ebb elementor-widget elementor-widget-text-editor\" data-id=\"28f9ebb\" data-element_type=\"widget\" data-widget_type=\"text-editor.default\">\n\t\t\t\t<div class=\"elementor-widget-container\">\n\t\t\t\t\t\t\t\t<div class=\"elementor-text-editor elementor-clearfix\">\n\t\t\t\t<p>T\u00e4lt\u00e4 sivulta l\u00f6yd\u00e4t vastauksia useimmin askarruttaviin kysymyksiin. Kaikki tieto l\u00f6ytyy nettisivuiltamme, mutta olethan yhteydess\u00e4 meihin s\u00e4hk\u00f6postitse, jos kaipaat lis\u00e4tietoa! S\u00e4hk\u00f6postiosoitteemme on <em>keppihevostensm@gmail.com<\/em>.<\/p>\t\t\t\t\t<\/div>\n\t\t\t\t\t\t<\/div>\n\t\t\t\t<\/div>\n\t\t\t\t\t\t<\/div>\n\t\t\t\t\t<\/div>\n\t\t<\/div>\n\t\t\t\t\t\t\t\t<\/div>\n\t\t\t\t\t<\/div>\n\t\t<\/section>\n\t\t\t\t<section class=\"elementor-section elementor-top-section elementor-element elementor-element-328f0fd elementor-section-boxed elementor-section-height-default elementor-section-height-default\" data-id=\"328f0fd\" data-element_type=\"section\">\n\t\t\t\t\t\t<div class=\"elementor-container elementor-column-gap-default\">\n\t\t\t\t\t\t\t<div class=\"elementor-row\">\n\t\t\t\t\t<div class=\"elementor-column elementor-col-100 elementor-top-column elementor-element elementor-element-934c78b\" data-id=\"934c78b\" data-element_type=\"column\">\n\t\t\t<div class=\"elementor-column-wrap elementor-element-populated\">\n\t\t\t\t\t\t\t<div class=\"elementor-widget-wrap\">\n\t\t\t\t\t\t<div class=\"elementor-element elementor-element-d2ba4ae elementor-widget elementor-widget-text-editor\" data-id=\"d2ba4ae\" data-element_type=\"widget\" data-widget_type=\"text-editor.default\">\n\t\t\t\t<div class=\"elementor-widget-container\">\n\t\t\t\t\t\t\t\t<div class=\"elementor-text-editor elementor-clearfix\">\n\t\t\t\t<h2><span style=\"color: #000000;\">Usein kysyttyj\u00e4 kysymyksi\u00e4<\/span><\/h2><p><b>\u00a0<\/b><\/p><p><b>Milloin SM-kilpailut j\u00e4rjestet\u00e4\u00e4n?\u00a0<br \/><\/b>Seuraavan kerran SM-kilpailut ovat 11.6.2022 Sein\u00e4joki Areenalla.\u00a0<\/p><p><b>Onko SM-kilpailuissa mink\u00e4laiset koronaj\u00e4rjestelyt?<br \/><\/b>SM-kilpailussa tullaan pit\u00e4m\u00e4\u00e4n kiinni tarkasta hygieniasta ja tarvittavista turvaet\u00e4isyyksist\u00e4. Noudatamme kaikessa toiminnassamme viranomaisten ohjeistuksia sek\u00e4 yleist\u00e4 tarkkuutta ja varovaisuutta. Kes\u00e4n mahdollisista rajoituksista ei ole viel\u00e4 tietoa, joten p\u00e4ivit\u00e4mme ohjeistustamme kev\u00e4\u00e4n mittaan.<b><\/b><\/p><p><b>Saako SM-kilpailuja tulla katsomaan?<br \/><\/b>Tottakai! Katsojat ovat l\u00e4mpim\u00e4sti tervetulleita. Katsojaliput ovat myynniss\u00e4 <a href=\"https:\/\/www.tiketti.fi\/keppihevosten-suomenmestaruus-seinajoki-areena-seinajoki-lippuja\/67502\">Tiketiss\u00e4<\/a>.<b><\/b><\/p><p><b>K\u00e4yv\u00e4tk\u00f6 edellisten vuosien SM-kilpailuihin ostetut katsojaliput t\u00e4m\u00e4n vuoden tapahtumaan?<br \/><\/b>2020 ja 2021 ostetut liput k\u00e4yv\u00e4t sellaisenaan vuoden 2022 tapahtumaan.<b><\/b><\/p><p><b>Milloin SM-kilpailujen ilmoittautuminen alkaa ja p\u00e4\u00e4ttyy?<br \/><\/b>Ilmoittautuminen avoimiin luokkiin tapahtuu aikav\u00e4lill\u00e4 1.3.-14.4.2022. Tulokset valinnoista julkaistaan 16.4.2022. K\u00fcr-luokkaan, este- ja koulumestaruuksiin ilmoittaudutaan karsintojen kautta.<b><\/b><\/p><p><b>Mink\u00e4 ik\u00e4iset saavat kilpailla junioriestemestaruudessa?<br \/><\/b>Junioriestemestaruus on vuonna 2010 ja my\u00f6hemmin syntyneille. Kilpailijoita pyydet\u00e4\u00e4n varautumaan todentamaan ik\u00e4ns\u00e4 esimerkiksi KELA-kortin avulla.<b><\/b><\/p><p><b>Milloin saa tiet\u00e4\u00e4 avoimien luokkien radat?<br \/><\/b>Ne selvi\u00e4v\u00e4t l\u00e4hemp\u00e4n\u00e4 kilpailuja kev\u00e4\u00e4n aikana.\u00a0<b><\/b><\/p><p><b>Onko jokaisessa juniorimestaruuskarsinnassa sama rata?<br \/><\/b>Kyll\u00e4, jokaisessa juniorimestaruus luokassa sama rata. Voit lukea lis\u00e4\u00e4 <a href=\"http:\/\/arkisto.skhhry.fi\/SM2022\/estemestaruusluokkien-karsintakilpailut\/\">estemestaruuksien karsinta<\/a> -sivulta.<b><\/b><\/p><p><b>Mit\u00e4 avoimia esteluokkia on?<br \/><\/b>Kaikki luokat l\u00f6ytyv\u00e4t nettisivuilta: kilpailijalle &gt; <a href=\"http:\/\/arkisto.skhhry.fi\/SM2022\/luokat\/\">luokat<\/a>.<b><\/b><\/p><p><b>Saako hackamoreilla kisata?<br \/><\/b>Lajikohtaiset s\u00e4\u00e4nn\u00f6t l\u00f6yd\u00e4t <a href=\"http:\/\/arkisto.skhhry.fi\/SM2022\/luokat\/\">luokat<\/a>-sivun alareunasta.<b><\/b><\/p><p><b>Onko korkeushyppy\u00e4 t\u00e4n\u00e4 vuonna?\u00a0<br \/><\/b>On, kaikki luokat l\u00f6ytyv\u00e4t <a href=\"http:\/\/arkisto.skhhry.fi\/SM2022\/luokat\/\">luokat<\/a>-sivulta.<b><\/b><\/p><p><b>Milloin n\u00e4kee ketk\u00e4 tulevat myym\u00e4\u00e4n?<br \/><\/b>Helmikuun aikana kun myyjien ilmoittautuminen on loppunut.<\/p>\t\t\t\t\t<\/div>\n\t\t\t\t\t\t<\/div>\n\t\t\t\t<\/div>\n\t\t\t\t\t\t<\/div>\n\t\t\t\t\t<\/div>\n\t\t<\/div>\n\t\t\t\t\t\t\t\t<\/div>\n\t\t\t\t\t<\/div>\n\t\t<\/section>\n\t\t\t\t\t\t\t\t\t<\/div>\n\t\t\t<\/div>\n\t\t\t\t\t<\/div>\n\t\t","protected":false},"excerpt":{"rendered":"<p>Usein kysytty\u00e4 T\u00e4lt\u00e4 sivulta l\u00f6yd\u00e4t vastauksia useimmin askarruttaviin kysymyksiin. Kaikki tieto l\u00f6ytyy nettisivuiltamme, mutta olethan yhteydess\u00e4 meihin s\u00e4hk\u00f6postitse, jos kaipaat lis\u00e4tietoa! S\u00e4hk\u00f6postiosoitteemme on keppihevostensm@gmail.com. Usein kysyttyj\u00e4 kysymyksi\u00e4 \u00a0 Milloin SM-kilpailut j\u00e4rjestet\u00e4\u00e4n?\u00a0Seuraavan kerran SM-kilpailut ovat 11.6.2022 Sein\u00e4joki Areenalla.\u00a0 Onko SM-kilpailuissa mink\u00e4laiset koronaj\u00e4rjestelyt?SM-kilpailussa tullaan pit\u00e4m\u00e4\u00e4n kiinni tarkasta hygieniasta ja tarvittavista turvaet\u00e4isyyksist\u00e4. Noudatamme kaikessa toiminnassamme viranomaisten ohjeistuksia sek\u00e4 [&hellip;]<\/p>\n","protected":false},"author":1,"featured_media":0,"parent":0,"menu_order":0,"comment_status":"closed","ping_status":"closed","template":"elementor_header_footer","meta":[],"yoast_head":"<!-- This site is optimized with the Yoast SEO plugin v19.10 - https:\/\/yoast.com\/wordpress\/plugins\/seo\/ -->\n<title>Usein kysytty\u00e4 - Keppihevosten Suomenmestaruuskilpailut 2023<\/title>\n<meta name=\"robots\" content=\"noindex, follow, max-snippet:-1, max-image-preview:large, max-video-preview:-1\" \/>\n<meta property=\"og:locale\" content=\"fi_FI\" \/>\n<meta property=\"og:type\" content=\"article\" \/>\n<meta property=\"og:title\" content=\"Usein kysytty\u00e4 - Keppihevosten Suomenmestaruuskilpailut 2023\" \/>\n<meta property=\"og:description\" content=\"Usein kysytty\u00e4 T\u00e4lt\u00e4 sivulta l\u00f6yd\u00e4t vastauksia useimmin askarruttaviin kysymyksiin. Kaikki tieto l\u00f6ytyy nettisivuiltamme, mutta olethan yhteydess\u00e4 meihin s\u00e4hk\u00f6postitse, jos kaipaat lis\u00e4tietoa! S\u00e4hk\u00f6postiosoitteemme on keppihevostensm@gmail.com. Usein kysyttyj\u00e4 kysymyksi\u00e4 \u00a0 Milloin SM-kilpailut j\u00e4rjestet\u00e4\u00e4n?\u00a0Seuraavan kerran SM-kilpailut ovat 11.6.2022 Sein\u00e4joki Areenalla.\u00a0 Onko SM-kilpailuissa mink\u00e4laiset koronaj\u00e4rjestelyt?SM-kilpailussa tullaan pit\u00e4m\u00e4\u00e4n kiinni tarkasta hygieniasta ja tarvittavista turvaet\u00e4isyyksist\u00e4. Noudatamme kaikessa toiminnassamme viranomaisten ohjeistuksia sek\u00e4 [&hellip;]\" \/>\n<meta property=\"og:url\" content=\"https:\/\/arkisto.skhhry.fi\/SM2022\/usein-kysyttya\/\" \/>\n<meta property=\"og:site_name\" content=\"Keppihevosten Suomenmestaruuskilpailut 2023\" \/>\n<meta property=\"article:publisher\" content=\"https:\/\/www.facebook.com\/keppihevostensm\/\" \/>\n<meta property=\"article:modified_time\" content=\"2022-04-05T06:20:11+00:00\" \/>\n<meta name=\"twitter:card\" content=\"summary_large_image\" \/>\n<meta name=\"twitter:label1\" content=\"Arvioitu lukuaika\" \/>\n\t<meta name=\"twitter:data1\" content=\"2 minuuttia\" \/>\n<script type=\"application\/ld+json\" class=\"yoast-schema-graph\">{\"@context\":\"https:\/\/schema.org\",\"@graph\":[{\"@type\":\"WebPage\",\"@id\":\"https:\/\/arkisto.skhhry.fi\/SM2022\/usein-kysyttya\/\",\"url\":\"https:\/\/arkisto.skhhry.fi\/SM2022\/usein-kysyttya\/\",\"name\":\"Usein kysytty\u00e4 - Keppihevosten Suomenmestaruuskilpailut 2023\",\"isPartOf\":{\"@id\":\"https:\/\/arkisto.skhhry.fi\/SM2022\/#website\"},\"datePublished\":\"2021-01-08T16:54:09+00:00\",\"dateModified\":\"2022-04-05T06:20:11+00:00\",\"breadcrumb\":{\"@id\":\"https:\/\/arkisto.skhhry.fi\/SM2022\/usein-kysyttya\/#breadcrumb\"},\"inLanguage\":\"fi\",\"potentialAction\":[{\"@type\":\"ReadAction\",\"target\":[\"https:\/\/arkisto.skhhry.fi\/SM2022\/usein-kysyttya\/\"]}]},{\"@type\":\"BreadcrumbList\",\"@id\":\"https:\/\/arkisto.skhhry.fi\/SM2022\/usein-kysyttya\/#breadcrumb\",\"itemListElement\":[{\"@type\":\"ListItem\",\"position\":1,\"name\":\"Etusivu\",\"item\":\"https:\/\/arkisto.skhhry.fi\/SM2022\/\"},{\"@type\":\"ListItem\",\"position\":2,\"name\":\"Usein kysytty\u00e4\"}]},{\"@type\":\"WebSite\",\"@id\":\"https:\/\/arkisto.skhhry.fi\/SM2022\/#website\",\"url\":\"https:\/\/arkisto.skhhry.fi\/SM2022\/\",\"name\":\"Keppihevosten Suomenmestaruuskilpailut 2023\",\"description\":\"Keppihevosten Suomenmestaruuskilpailut 2023\",\"publisher\":{\"@id\":\"https:\/\/arkisto.skhhry.fi\/SM2022\/#organization\"},\"potentialAction\":[{\"@type\":\"SearchAction\",\"target\":{\"@type\":\"EntryPoint\",\"urlTemplate\":\"https:\/\/arkisto.skhhry.fi\/SM2022\/?s={search_term_string}\"},\"query-input\":\"required name=search_term_string\"}],\"inLanguage\":\"fi\"},{\"@type\":\"Organization\",\"@id\":\"https:\/\/arkisto.skhhry.fi\/SM2022\/#organization\",\"name\":\"Keppihevosten Suomenmestaruuskilpailut 12.6.2021\",\"url\":\"https:\/\/arkisto.skhhry.fi\/SM2022\/\",\"logo\":{\"@type\":\"ImageObject\",\"inLanguage\":\"fi\",\"@id\":\"https:\/\/arkisto.skhhry.fi\/SM2022\/#\/schema\/logo\/image\/\",\"url\":\"http:\/\/arkisto.skhhry.fi\/SM2022\/wp-content\/uploads\/sites\/2\/2020\/11\/keppihevostensmkilpailut-keppihevosten.png\",\"contentUrl\":\"http:\/\/arkisto.skhhry.fi\/SM2022\/wp-content\/uploads\/sites\/2\/2020\/11\/keppihevostensmkilpailut-keppihevosten.png\",\"width\":800,\"height\":796,\"caption\":\"Keppihevosten Suomenmestaruuskilpailut 12.6.2021\"},\"image\":{\"@id\":\"https:\/\/arkisto.skhhry.fi\/SM2022\/#\/schema\/logo\/image\/\"},\"sameAs\":[\"https:\/\/www.instagram.com\/keppihevosten_sm_kilpailut\/\",\"https:\/\/www.facebook.com\/keppihevostensm\/\"]}]}<\/script>\n<!-- \/ Yoast SEO plugin. -->","yoast_head_json":{"title":"Usein kysytty\u00e4 - Keppihevosten Suomenmestaruuskilpailut 2023","robots":{"index":"noindex","follow":"follow","max-snippet":"max-snippet:-1","max-image-preview":"max-image-preview:large","max-video-preview":"max-video-preview:-1"},"og_locale":"fi_FI","og_type":"article","og_title":"Usein kysytty\u00e4 - Keppihevosten Suomenmestaruuskilpailut 2023","og_description":"Usein kysytty\u00e4 T\u00e4lt\u00e4 sivulta l\u00f6yd\u00e4t vastauksia useimmin askarruttaviin kysymyksiin. Kaikki tieto l\u00f6ytyy nettisivuiltamme, mutta olethan yhteydess\u00e4 meihin s\u00e4hk\u00f6postitse, jos kaipaat lis\u00e4tietoa! S\u00e4hk\u00f6postiosoitteemme on keppihevostensm@gmail.com. Usein kysyttyj\u00e4 kysymyksi\u00e4 \u00a0 Milloin SM-kilpailut j\u00e4rjestet\u00e4\u00e4n?\u00a0Seuraavan kerran SM-kilpailut ovat 11.6.2022 Sein\u00e4joki Areenalla.\u00a0 Onko SM-kilpailuissa mink\u00e4laiset koronaj\u00e4rjestelyt?SM-kilpailussa tullaan pit\u00e4m\u00e4\u00e4n kiinni tarkasta hygieniasta ja tarvittavista turvaet\u00e4isyyksist\u00e4. Noudatamme kaikessa toiminnassamme viranomaisten ohjeistuksia sek\u00e4 [&hellip;]","og_url":"https:\/\/arkisto.skhhry.fi\/SM2022\/usein-kysyttya\/","og_site_name":"Keppihevosten Suomenmestaruuskilpailut 2023","article_publisher":"https:\/\/www.facebook.com\/keppihevostensm\/","article_modified_time":"2022-04-05T06:20:11+00:00","twitter_card":"summary_large_image","twitter_misc":{"Arvioitu lukuaika":"2 minuuttia"},"schema":{"@context":"https:\/\/schema.org","@graph":[{"@type":"WebPage","@id":"https:\/\/arkisto.skhhry.fi\/SM2022\/usein-kysyttya\/","url":"https:\/\/arkisto.skhhry.fi\/SM2022\/usein-kysyttya\/","name":"Usein kysytty\u00e4 - Keppihevosten Suomenmestaruuskilpailut 2023","isPartOf":{"@id":"https:\/\/arkisto.skhhry.fi\/SM2022\/#website"},"datePublished":"2021-01-08T16:54:09+00:00","dateModified":"2022-04-05T06:20:11+00:00","breadcrumb":{"@id":"https:\/\/arkisto.skhhry.fi\/SM2022\/usein-kysyttya\/#breadcrumb"},"inLanguage":"fi","potentialAction":[{"@type":"ReadAction","target":["https:\/\/arkisto.skhhry.fi\/SM2022\/usein-kysyttya\/"]}]},{"@type":"BreadcrumbList","@id":"https:\/\/arkisto.skhhry.fi\/SM2022\/usein-kysyttya\/#breadcrumb","itemListElement":[{"@type":"ListItem","position":1,"name":"Etusivu","item":"https:\/\/arkisto.skhhry.fi\/SM2022\/"},{"@type":"ListItem","position":2,"name":"Usein kysytty\u00e4"}]},{"@type":"WebSite","@id":"https:\/\/arkisto.skhhry.fi\/SM2022\/#website","url":"https:\/\/arkisto.skhhry.fi\/SM2022\/","name":"Keppihevosten Suomenmestaruuskilpailut 2023","description":"Keppihevosten Suomenmestaruuskilpailut 2023","publisher":{"@id":"https:\/\/arkisto.skhhry.fi\/SM2022\/#organization"},"potentialAction":[{"@type":"SearchAction","target":{"@type":"EntryPoint","urlTemplate":"https:\/\/arkisto.skhhry.fi\/SM2022\/?s={search_term_string}"},"query-input":"required name=search_term_string"}],"inLanguage":"fi"},{"@type":"Organization","@id":"https:\/\/arkisto.skhhry.fi\/SM2022\/#organization","name":"Keppihevosten Suomenmestaruuskilpailut 12.6.2021","url":"https:\/\/arkisto.skhhry.fi\/SM2022\/","logo":{"@type":"ImageObject","inLanguage":"fi","@id":"https:\/\/arkisto.skhhry.fi\/SM2022\/#\/schema\/logo\/image\/","url":"http:\/\/arkisto.skhhry.fi\/SM2022\/wp-content\/uploads\/sites\/2\/2020\/11\/keppihevostensmkilpailut-keppihevosten.png","contentUrl":"http:\/\/arkisto.skhhry.fi\/SM2022\/wp-content\/uploads\/sites\/2\/2020\/11\/keppihevostensmkilpailut-keppihevosten.png","width":800,"height":796,"caption":"Keppihevosten Suomenmestaruuskilpailut 12.6.2021"},"image":{"@id":"https:\/\/arkisto.skhhry.fi\/SM2022\/#\/schema\/logo\/image\/"},"sameAs":["https:\/\/www.instagram.com\/keppihevosten_sm_kilpailut\/","https:\/\/www.facebook.com\/keppihevostensm\/"]}]}},"_links":{"self":[{"href":"https:\/\/arkisto.skhhry.fi\/SM2022\/wp-json\/wp\/v2\/pages\/2524"}],"collection":[{"href":"https:\/\/arkisto.skhhry.fi\/SM2022\/wp-json\/wp\/v2\/pages"}],"about":[{"href":"https:\/\/arkisto.skhhry.fi\/SM2022\/wp-json\/wp\/v2\/types\/page"}],"author":[{"embeddable":true,"href":"https:\/\/arkisto.skhhry.fi\/SM2022\/wp-json\/wp\/v2\/users\/1"}],"replies":[{"embeddable":true,"href":"https:\/\/arkisto.skhhry.fi\/SM2022\/wp-json\/wp\/v2\/comments?post=2524"}],"version-history":[{"count":55,"href":"https:\/\/arkisto.skhhry.fi\/SM2022\/wp-json\/wp\/v2\/pages\/2524\/revisions"}],"predecessor-version":[{"id":4670,"href":"https:\/\/arkisto.skhhry.fi\/SM2022\/wp-json\/wp\/v2\/pages\/2524\/revisions\/4670"}],"wp:attachment":[{"href":"https:\/\/arkisto.skhhry.fi\/SM2022\/wp-json\/wp\/v2\/media?parent=2524"}],"curies":[{"name":"wp","href":"https:\/\/api.w.org\/{rel}","templated":true}]}}