{"id":2766,"date":"2021-01-12T21:17:10","date_gmt":"2021-01-12T19:17:10","guid":{"rendered":"http:\/\/arkisto.skhhry.fi\/SM2022\/?page_id=2766"},"modified":"2022-06-02T16:18:18","modified_gmt":"2022-06-02T13:18:18","slug":"arriving-and-parking","status":"publish","type":"page","link":"https:\/\/arkisto.skhhry.fi\/SM2022\/en\/arriving-and-parking\/","title":{"rendered":"Arriving and parking"},"content":{"rendered":"\t\t<div data-elementor-type=\"wp-page\" data-elementor-id=\"2766\" class=\"elementor elementor-2766\">\n\t\t\t\t\t\t<div class=\"elementor-inner\">\n\t\t\t\t<div class=\"elementor-section-wrap\">\n\t\t\t\t\t\t\t\t\t<section class=\"elementor-section elementor-top-section elementor-element elementor-element-cebadc6 hero elementor-section-boxed elementor-section-height-default elementor-section-height-default\" data-id=\"cebadc6\" data-element_type=\"section\" data-settings=\"{&quot;background_background&quot;:&quot;classic&quot;}\">\n\t\t\t\t\t\t\t<div class=\"elementor-background-overlay\"><\/div>\n\t\t\t\t\t\t\t<div class=\"elementor-container elementor-column-gap-default\">\n\t\t\t\t\t\t\t<div class=\"elementor-row\">\n\t\t\t\t\t<div class=\"elementor-column elementor-col-100 elementor-top-column elementor-element elementor-element-adc8f48\" data-id=\"adc8f48\" data-element_type=\"column\">\n\t\t\t<div class=\"elementor-column-wrap elementor-element-populated\">\n\t\t\t\t\t\t\t<div class=\"elementor-widget-wrap\">\n\t\t\t\t\t\t<div class=\"elementor-element elementor-element-687ae81 elementor-widget elementor-widget-heading\" data-id=\"687ae81\" data-element_type=\"widget\" data-widget_type=\"heading.default\">\n\t\t\t\t<div class=\"elementor-widget-container\">\n\t\t\t<h1 class=\"elementor-heading-title elementor-size-default\">Arriving and parking<\/h1>\t\t<\/div>\n\t\t\t\t<\/div>\n\t\t\t\t<div class=\"elementor-element elementor-element-9d587cb elementor-align-center elementor-icon-list--layout-traditional elementor-list-item-link-full_width elementor-widget elementor-widget-icon-list\" data-id=\"9d587cb\" data-element_type=\"widget\" data-widget_type=\"icon-list.default\">\n\t\t\t\t<div class=\"elementor-widget-container\">\n\t\t\t\t\t<ul class=\"elementor-icon-list-items\">\n\t\t\t\t\t\t\t<li class=\"elementor-icon-list-item\">\n\t\t\t\t\t\t\t\t\t\t\t<span class=\"elementor-icon-list-icon\">\n\t\t\t\t\t\t\t<i aria-hidden=\"true\" class=\"fas fa-map-marker-alt\"><\/i>\t\t\t\t\t\t<\/span>\n\t\t\t\t\t\t\t\t\t\t<span class=\"elementor-icon-list-text\">Kirkkokatu 23, 60220 Sein\u00e4joki, FINLAND<\/span>\n\t\t\t\t\t\t\t\t\t<\/li>\n\t\t\t\t\t\t<\/ul>\n\t\t\t\t<\/div>\n\t\t\t\t<\/div>\n\t\t\t\t\t\t<\/div>\n\t\t\t\t\t<\/div>\n\t\t<\/div>\n\t\t\t\t\t\t\t\t<\/div>\n\t\t\t\t\t<\/div>\n\t\t<\/section>\n\t\t\t\t<section class=\"elementor-section elementor-top-section elementor-element elementor-element-bd25cc8 osio elementor-section-boxed elementor-section-height-default elementor-section-height-default\" data-id=\"bd25cc8\" data-element_type=\"section\">\n\t\t\t\t\t\t<div class=\"elementor-container elementor-column-gap-default\">\n\t\t\t\t\t\t\t<div class=\"elementor-row\">\n\t\t\t\t\t<div class=\"elementor-column elementor-col-50 elementor-top-column elementor-element elementor-element-3c5027b kuva\" data-id=\"3c5027b\" data-element_type=\"column\">\n\t\t\t<div class=\"elementor-column-wrap elementor-element-populated\">\n\t\t\t\t\t\t\t<div class=\"elementor-widget-wrap\">\n\t\t\t\t\t\t<div class=\"elementor-element elementor-element-39e20f7 elementor-widget elementor-widget-google_maps\" data-id=\"39e20f7\" data-element_type=\"widget\" data-widget_type=\"google_maps.default\">\n\t\t\t\t<div class=\"elementor-widget-container\">\n\t\t\t\t\t<div class=\"elementor-custom-embed\">\n\t\t\t<iframe frameborder=\"0\" scrolling=\"no\" marginheight=\"0\" marginwidth=\"0\"\n\t\t\t\t\tsrc=\"https:\/\/maps.google.com\/maps?q=Sein%C3%A4joki%20Areena&#038;t=m&#038;z=6&#038;output=embed&#038;iwloc=near\"\n\t\t\t\t\ttitle=\"Sein\u00e4joki Areena\"\n\t\t\t\t\taria-label=\"Sein\u00e4joki Areena\"\n\t\t\t><\/iframe>\n\t\t<\/div>\n\t\t\t\t<\/div>\n\t\t\t\t<\/div>\n\t\t\t\t\t\t<\/div>\n\t\t\t\t\t<\/div>\n\t\t<\/div>\n\t\t\t\t<div class=\"elementor-column elementor-col-50 elementor-top-column elementor-element elementor-element-d98b5db teksti\" data-id=\"d98b5db\" data-element_type=\"column\">\n\t\t\t<div class=\"elementor-column-wrap elementor-element-populated\">\n\t\t\t\t\t\t\t<div class=\"elementor-widget-wrap\">\n\t\t\t\t\t\t<div class=\"elementor-element elementor-element-86ef68c elementor-widget elementor-widget-heading\" data-id=\"86ef68c\" data-element_type=\"widget\" data-widget_type=\"heading.default\">\n\t\t\t\t<div class=\"elementor-widget-container\">\n\t\t\t<h2 class=\"elementor-heading-title elementor-size-default\">Sein\u00e4joki Arena as competition venue<\/h2>\t\t<\/div>\n\t\t\t\t<\/div>\n\t\t\t\t<div class=\"elementor-element elementor-element-afd7f3e elementor-widget elementor-widget-text-editor\" data-id=\"afd7f3e\" data-element_type=\"widget\" data-widget_type=\"text-editor.default\">\n\t\t\t\t<div class=\"elementor-widget-container\">\n\t\t\t\t\t\t\t\t<div class=\"elementor-text-editor elementor-clearfix\">\n\t\t\t\t<p>Finnish Hobbyhorse Championships will be held at 13,000 m2 Sein\u00e4joki Arena, which has a setting for 10,000 people. Sein\u00e4joki Arena is located a short distance from the city center of Sein\u00e4joki near train station.<\/p><p>Entrance from the doors of Hall B (Kirkkokatu road).<\/p>\t\t\t\t\t<\/div>\n\t\t\t\t\t\t<\/div>\n\t\t\t\t<\/div>\n\t\t\t\t<div class=\"elementor-element elementor-element-216a741 elementor-icon-list--layout-traditional elementor-list-item-link-full_width elementor-widget elementor-widget-icon-list\" data-id=\"216a741\" data-element_type=\"widget\" data-widget_type=\"icon-list.default\">\n\t\t\t\t<div class=\"elementor-widget-container\">\n\t\t\t\t\t<ul class=\"elementor-icon-list-items\">\n\t\t\t\t\t\t\t<li class=\"elementor-icon-list-item\">\n\t\t\t\t\t\t\t\t\t\t\t<span class=\"elementor-icon-list-icon\">\n\t\t\t\t\t\t\t<i aria-hidden=\"true\" class=\"fas fa-car-side\"><\/i>\t\t\t\t\t\t<\/span>\n\t\t\t\t\t\t\t\t\t\t<span class=\"elementor-icon-list-text\"><strong>4t 7min<\/strong> from Helsinki-Vantaa Airport<\/span>\n\t\t\t\t\t\t\t\t\t<\/li>\n\t\t\t\t\t\t\t\t<li class=\"elementor-icon-list-item\">\n\t\t\t\t\t\t\t\t\t\t\t<span class=\"elementor-icon-list-icon\">\n\t\t\t\t\t\t\t<i aria-hidden=\"true\" class=\"fas fa-car-side\"><\/i>\t\t\t\t\t\t<\/span>\n\t\t\t\t\t\t\t\t\t\t<span class=\"elementor-icon-list-text\"><strong>2t 29min<\/strong> from Jyv\u00e4skyl\u00e4<\/span>\n\t\t\t\t\t\t\t\t\t<\/li>\n\t\t\t\t\t\t\t\t<li class=\"elementor-icon-list-item\">\n\t\t\t\t\t\t\t\t\t\t\t<span class=\"elementor-icon-list-icon\">\n\t\t\t\t\t\t\t<i aria-hidden=\"true\" class=\"fas fa-car-side\"><\/i>\t\t\t\t\t\t<\/span>\n\t\t\t\t\t\t\t\t\t\t<span class=\"elementor-icon-list-text\"><strong>3t 59min<\/strong> from Oulu<\/span>\n\t\t\t\t\t\t\t\t\t<\/li>\n\t\t\t\t\t\t<\/ul>\n\t\t\t\t<\/div>\n\t\t\t\t<\/div>\n\t\t\t\t<div class=\"elementor-element elementor-element-357f757 elementor-icon-list--layout-traditional elementor-list-item-link-full_width elementor-widget elementor-widget-icon-list\" data-id=\"357f757\" data-element_type=\"widget\" data-widget_type=\"icon-list.default\">\n\t\t\t\t<div class=\"elementor-widget-container\">\n\t\t\t\t\t<ul class=\"elementor-icon-list-items\">\n\t\t\t\t\t\t\t<li class=\"elementor-icon-list-item\">\n\t\t\t\t\t\t\t\t\t\t\t<span class=\"elementor-icon-list-icon\">\n\t\t\t\t\t\t\t<i aria-hidden=\"true\" class=\"fas fa-train\"><\/i>\t\t\t\t\t\t<\/span>\n\t\t\t\t\t\t\t\t\t\t<span class=\"elementor-icon-list-text\"><strong>4h 11min<\/strong> from Helsinki-Vantaa Airport<\/span>\n\t\t\t\t\t\t\t\t\t<\/li>\n\t\t\t\t\t\t\t\t<li class=\"elementor-icon-list-item\">\n\t\t\t\t\t\t\t\t\t\t\t<span class=\"elementor-icon-list-icon\">\n\t\t\t\t\t\t\t<i aria-hidden=\"true\" class=\"fas fa-train\"><\/i>\t\t\t\t\t\t<\/span>\n\t\t\t\t\t\t\t\t\t\t<span class=\"elementor-icon-list-text\"><strong>3h 27 min<\/strong> from Jyv\u00e4skyl\u00e4<\/span>\n\t\t\t\t\t\t\t\t\t<\/li>\n\t\t\t\t\t\t\t\t<li class=\"elementor-icon-list-item\">\n\t\t\t\t\t\t\t\t\t\t\t<span class=\"elementor-icon-list-icon\">\n\t\t\t\t\t\t\t<i aria-hidden=\"true\" class=\"fas fa-train\"><\/i>\t\t\t\t\t\t<\/span>\n\t\t\t\t\t\t\t\t\t\t<span class=\"elementor-icon-list-text\"><strong>4h 10 min<\/strong> from Oulu<\/span>\n\t\t\t\t\t\t\t\t\t<\/li>\n\t\t\t\t\t\t<\/ul>\n\t\t\t\t<\/div>\n\t\t\t\t<\/div>\n\t\t\t\t\t\t<\/div>\n\t\t\t\t\t<\/div>\n\t\t<\/div>\n\t\t\t\t\t\t\t\t<\/div>\n\t\t\t\t\t<\/div>\n\t\t<\/section>\n\t\t\t\t<section class=\"elementor-section elementor-top-section elementor-element elementor-element-dc84ffc osio elementor-section-boxed elementor-section-height-default elementor-section-height-default\" data-id=\"dc84ffc\" data-element_type=\"section\">\n\t\t\t\t\t\t<div class=\"elementor-container elementor-column-gap-default\">\n\t\t\t\t\t\t\t<div class=\"elementor-row\">\n\t\t\t\t\t<div class=\"elementor-column elementor-col-50 elementor-top-column elementor-element elementor-element-2ceb461 teksti\" data-id=\"2ceb461\" data-element_type=\"column\">\n\t\t\t<div class=\"elementor-column-wrap elementor-element-populated\">\n\t\t\t\t\t\t\t<div class=\"elementor-widget-wrap\">\n\t\t\t\t\t\t<div class=\"elementor-element elementor-element-3631d78 elementor-widget elementor-widget-heading\" data-id=\"3631d78\" data-element_type=\"widget\" data-widget_type=\"heading.default\">\n\t\t\t\t<div class=\"elementor-widget-container\">\n\t\t\t<h2 class=\"elementor-heading-title elementor-size-default\">Free parking<\/h2>\t\t<\/div>\n\t\t\t\t<\/div>\n\t\t\t\t<div class=\"elementor-element elementor-element-87d5a93 elementor-widget elementor-widget-text-editor\" data-id=\"87d5a93\" data-element_type=\"widget\" data-widget_type=\"text-editor.default\">\n\t\t\t\t<div class=\"elementor-widget-container\">\n\t\t\t\t\t\t\t\t<div class=\"elementor-text-editor elementor-clearfix\">\n\t\t\t\t<p><span style=\"font-family: var( --e-global-typography-text-font-family ), Sans-serif; font-weight: var( --e-global-typography-text-font-weight );\">Sein\u00e4joki Arena has parking for 300 cars. Parking is free.<\/span><\/p>\t\t\t\t\t<\/div>\n\t\t\t\t\t\t<\/div>\n\t\t\t\t<\/div>\n\t\t\t\t<div class=\"elementor-element elementor-element-6d6f29b elementor-align-left elementor-icon-list--layout-traditional elementor-list-item-link-full_width elementor-widget elementor-widget-icon-list\" data-id=\"6d6f29b\" data-element_type=\"widget\" data-widget_type=\"icon-list.default\">\n\t\t\t\t<div class=\"elementor-widget-container\">\n\t\t\t\t\t<ul class=\"elementor-icon-list-items\">\n\t\t\t\t\t\t\t<li class=\"elementor-icon-list-item\">\n\t\t\t\t\t\t\t\t\t\t\t<span class=\"elementor-icon-list-icon\">\n\t\t\t\t\t\t\t<i aria-hidden=\"true\" class=\"fas fa-map-marker-alt\"><\/i>\t\t\t\t\t\t<\/span>\n\t\t\t\t\t\t\t\t\t\t<span class=\"elementor-icon-list-text\">Tiedekatu 5, 60320 Sein\u00e4joki, FINLAND<\/span>\n\t\t\t\t\t\t\t\t\t<\/li>\n\t\t\t\t\t\t<\/ul>\n\t\t\t\t<\/div>\n\t\t\t\t<\/div>\n\t\t\t\t<div class=\"elementor-element elementor-element-3f9d5ba elementor-widget elementor-widget-heading\" data-id=\"3f9d5ba\" data-element_type=\"widget\" data-widget_type=\"heading.default\">\n\t\t\t\t<div class=\"elementor-widget-container\">\n\t\t\t<h2 class=\"elementor-heading-title elementor-size-default\">Accessible for wheelchairs etc.<\/h2>\t\t<\/div>\n\t\t\t\t<\/div>\n\t\t\t\t<div class=\"elementor-element elementor-element-317188c elementor-widget elementor-widget-text-editor\" data-id=\"317188c\" data-element_type=\"widget\" data-widget_type=\"text-editor.default\">\n\t\t\t\t<div class=\"elementor-widget-container\">\n\t\t\t\t\t\t\t\t<div class=\"elementor-text-editor elementor-clearfix\">\n\t\t\t\t<p>The event will spread to two halls of Sein\u00e4joki Arena, halls A and B, which are connected to each other. The halls are on the same level. The entrance is from the A-doors of Hall B. The entrance is on the ground level, but not completely unobstructed. More information from <a href=\"http:\/\/www.seinajokiareena.fi\/\" target=\"_blank\" rel=\"noopener\">Sein\u00e4joki Arena.<\/a><\/p><p>Accessible toilets can be found in Hall B and on the 2nd floor of Hall A. The second floor is serviced by a lift. The premises have an induction loop.<\/p><p>Admission to a personal assistant is free.<\/p>\t\t\t\t\t<\/div>\n\t\t\t\t\t\t<\/div>\n\t\t\t\t<\/div>\n\t\t\t\t\t\t<\/div>\n\t\t\t\t\t<\/div>\n\t\t<\/div>\n\t\t\t\t<div class=\"elementor-column elementor-col-50 elementor-top-column elementor-element elementor-element-80089d1 kuva\" data-id=\"80089d1\" data-element_type=\"column\" data-settings=\"{&quot;background_background&quot;:&quot;classic&quot;}\">\n\t\t\t<div class=\"elementor-column-wrap elementor-element-populated\">\n\t\t\t\t\t\t\t<div class=\"elementor-widget-wrap\">\n\t\t\t\t\t\t<div class=\"elementor-element elementor-element-5af715d elementor-widget elementor-widget-image\" data-id=\"5af715d\" data-element_type=\"widget\" data-widget_type=\"image.default\">\n\t\t\t\t<div class=\"elementor-widget-container\">\n\t\t\t\t\t\t\t\t<div class=\"elementor-image\">\n\t\t\t\t\t\t\t\t\t\t\t\t\t<a href=\"http:\/\/arkisto.skhhry.fi\/SM2022\/wp-content\/uploads\/sites\/2\/2020\/11\/seinajoki-areena-kartta-pysakointi-tulo-ohjeet.jpg\" data-elementor-open-lightbox=\"yes\" data-elementor-lightbox-title=\"seinajoki-areena-kartta-pysakointi-tulo-ohjeet\" e-action-hash=\"#elementor-action%3Aaction%3Dlightbox%26settings%3DeyJpZCI6MTU0NCwidXJsIjoiaHR0cHM6XC9cL2Fya2lzdG8uc2toaHJ5LmZpXC9TTTIwMjJcL3dwLWNvbnRlbnRcL3VwbG9hZHNcL3NpdGVzXC8yXC8yMDIwXC8xMVwvc2VpbmFqb2tpLWFyZWVuYS1rYXJ0dGEtcHlzYWtvaW50aS10dWxvLW9oamVldC5qcGcifQ%3D%3D\">\n\t\t\t\t\t\t\t<img decoding=\"async\" width=\"1152\" height=\"927\" src=\"https:\/\/arkisto.skhhry.fi\/SM2022\/wp-content\/uploads\/sites\/2\/2020\/11\/seinajoki-areena-kartta-pysakointi-tulo-ohjeet.jpg\" class=\"attachment-1536x1536 size-1536x1536\" alt=\"\" loading=\"lazy\" srcset=\"https:\/\/arkisto.skhhry.fi\/SM2022\/wp-content\/uploads\/sites\/2\/2020\/11\/seinajoki-areena-kartta-pysakointi-tulo-ohjeet.jpg 1152w, https:\/\/arkisto.skhhry.fi\/SM2022\/wp-content\/uploads\/sites\/2\/2020\/11\/seinajoki-areena-kartta-pysakointi-tulo-ohjeet-300x241.jpg 300w, https:\/\/arkisto.skhhry.fi\/SM2022\/wp-content\/uploads\/sites\/2\/2020\/11\/seinajoki-areena-kartta-pysakointi-tulo-ohjeet-1024x824.jpg 1024w, https:\/\/arkisto.skhhry.fi\/SM2022\/wp-content\/uploads\/sites\/2\/2020\/11\/seinajoki-areena-kartta-pysakointi-tulo-ohjeet-768x618.jpg 768w\" sizes=\"(max-width: 1152px) 100vw, 1152px\" \/>\t\t\t\t\t\t\t\t<\/a>\n\t\t\t\t\t\t\t\t\t\t\t\t\t\t<\/div>\n\t\t\t\t\t\t<\/div>\n\t\t\t\t<\/div>\n\t\t\t\t\t\t<\/div>\n\t\t\t\t\t<\/div>\n\t\t<\/div>\n\t\t\t\t\t\t\t\t<\/div>\n\t\t\t\t\t<\/div>\n\t\t<\/section>\n\t\t\t\t\t\t\t\t\t<\/div>\n\t\t\t<\/div>\n\t\t\t\t\t<\/div>\n\t\t","protected":false},"excerpt":{"rendered":"<p>Arriving and parking Kirkkokatu 23, 60220 Sein\u00e4joki, FINLAND Sein\u00e4joki Arena as competition venue Finnish Hobbyhorse Championships will be held at 13,000 m2 Sein\u00e4joki Arena, which has a setting for 10,000 people. Sein\u00e4joki Arena is located a short distance from the city center of Sein\u00e4joki near train station. Entrance from the doors of Hall B (Kirkkokatu [&hellip;]<\/p>\n","protected":false},"author":1,"featured_media":0,"parent":0,"menu_order":0,"comment_status":"closed","ping_status":"closed","template":"","meta":[],"yoast_head":"<!-- This site is optimized with the Yoast SEO plugin v19.10 - https:\/\/yoast.com\/wordpress\/plugins\/seo\/ -->\n<title>Arriving and parking - Keppihevosten Suomenmestaruuskilpailut 2023<\/title>\n<meta name=\"robots\" content=\"noindex, follow, max-snippet:-1, max-image-preview:large, max-video-preview:-1\" \/>\n<meta property=\"og:locale\" content=\"fi_FI\" \/>\n<meta property=\"og:type\" content=\"article\" \/>\n<meta property=\"og:title\" content=\"Arriving and parking - Keppihevosten Suomenmestaruuskilpailut 2023\" \/>\n<meta property=\"og:description\" content=\"Arriving and parking Kirkkokatu 23, 60220 Sein\u00e4joki, FINLAND Sein\u00e4joki Arena as competition venue Finnish Hobbyhorse Championships will be held at 13,000 m2 Sein\u00e4joki Arena, which has a setting for 10,000 people. Sein\u00e4joki Arena is located a short distance from the city center of Sein\u00e4joki near train station. Entrance from the doors of Hall B (Kirkkokatu [&hellip;]\" \/>\n<meta property=\"og:url\" content=\"https:\/\/arkisto.skhhry.fi\/SM2022\/en\/arriving-and-parking\/\" \/>\n<meta property=\"og:site_name\" content=\"Keppihevosten Suomenmestaruuskilpailut 2023\" \/>\n<meta property=\"article:publisher\" content=\"https:\/\/www.facebook.com\/keppihevostensm\/\" \/>\n<meta property=\"article:modified_time\" content=\"2022-06-02T13:18:18+00:00\" \/>\n<meta property=\"og:image\" content=\"http:\/\/arkisto.skhhry.fi\/SM2022\/wp-content\/uploads\/sites\/2\/2020\/11\/seinajoki-areena-kartta-pysakointi-tulo-ohjeet.jpg\" \/>\n<meta name=\"twitter:card\" content=\"summary_large_image\" \/>\n<meta name=\"twitter:label1\" content=\"Arvioitu lukuaika\" \/>\n\t<meta name=\"twitter:data1\" content=\"2 minuuttia\" \/>\n<script type=\"application\/ld+json\" class=\"yoast-schema-graph\">{\"@context\":\"https:\/\/schema.org\",\"@graph\":[{\"@type\":\"WebPage\",\"@id\":\"https:\/\/arkisto.skhhry.fi\/SM2022\/en\/arriving-and-parking\/\",\"url\":\"https:\/\/arkisto.skhhry.fi\/SM2022\/en\/arriving-and-parking\/\",\"name\":\"Arriving and parking - Keppihevosten Suomenmestaruuskilpailut 2023\",\"isPartOf\":{\"@id\":\"https:\/\/arkisto.skhhry.fi\/SM2022\/#website\"},\"datePublished\":\"2021-01-12T19:17:10+00:00\",\"dateModified\":\"2022-06-02T13:18:18+00:00\",\"breadcrumb\":{\"@id\":\"https:\/\/arkisto.skhhry.fi\/SM2022\/en\/arriving-and-parking\/#breadcrumb\"},\"inLanguage\":\"fi\",\"potentialAction\":[{\"@type\":\"ReadAction\",\"target\":[\"https:\/\/arkisto.skhhry.fi\/SM2022\/en\/arriving-and-parking\/\"]}]},{\"@type\":\"BreadcrumbList\",\"@id\":\"https:\/\/arkisto.skhhry.fi\/SM2022\/en\/arriving-and-parking\/#breadcrumb\",\"itemListElement\":[{\"@type\":\"ListItem\",\"position\":1,\"name\":\"Etusivu\",\"item\":\"https:\/\/arkisto.skhhry.fi\/SM2022\/\"},{\"@type\":\"ListItem\",\"position\":2,\"name\":\"Arriving and parking\"}]},{\"@type\":\"WebSite\",\"@id\":\"https:\/\/arkisto.skhhry.fi\/SM2022\/#website\",\"url\":\"https:\/\/arkisto.skhhry.fi\/SM2022\/\",\"name\":\"Keppihevosten Suomenmestaruuskilpailut 2023\",\"description\":\"Keppihevosten Suomenmestaruuskilpailut 2023\",\"publisher\":{\"@id\":\"https:\/\/arkisto.skhhry.fi\/SM2022\/#organization\"},\"potentialAction\":[{\"@type\":\"SearchAction\",\"target\":{\"@type\":\"EntryPoint\",\"urlTemplate\":\"https:\/\/arkisto.skhhry.fi\/SM2022\/?s={search_term_string}\"},\"query-input\":\"required name=search_term_string\"}],\"inLanguage\":\"fi\"},{\"@type\":\"Organization\",\"@id\":\"https:\/\/arkisto.skhhry.fi\/SM2022\/#organization\",\"name\":\"Keppihevosten Suomenmestaruuskilpailut 12.6.2021\",\"url\":\"https:\/\/arkisto.skhhry.fi\/SM2022\/\",\"logo\":{\"@type\":\"ImageObject\",\"inLanguage\":\"fi\",\"@id\":\"https:\/\/arkisto.skhhry.fi\/SM2022\/#\/schema\/logo\/image\/\",\"url\":\"http:\/\/arkisto.skhhry.fi\/SM2022\/wp-content\/uploads\/sites\/2\/2020\/11\/keppihevostensmkilpailut-keppihevosten.png\",\"contentUrl\":\"http:\/\/arkisto.skhhry.fi\/SM2022\/wp-content\/uploads\/sites\/2\/2020\/11\/keppihevostensmkilpailut-keppihevosten.png\",\"width\":800,\"height\":796,\"caption\":\"Keppihevosten Suomenmestaruuskilpailut 12.6.2021\"},\"image\":{\"@id\":\"https:\/\/arkisto.skhhry.fi\/SM2022\/#\/schema\/logo\/image\/\"},\"sameAs\":[\"https:\/\/www.instagram.com\/keppihevosten_sm_kilpailut\/\",\"https:\/\/www.facebook.com\/keppihevostensm\/\"]}]}<\/script>\n<!-- \/ Yoast SEO plugin. -->","yoast_head_json":{"title":"Arriving and parking - Keppihevosten Suomenmestaruuskilpailut 2023","robots":{"index":"noindex","follow":"follow","max-snippet":"max-snippet:-1","max-image-preview":"max-image-preview:large","max-video-preview":"max-video-preview:-1"},"og_locale":"fi_FI","og_type":"article","og_title":"Arriving and parking - Keppihevosten Suomenmestaruuskilpailut 2023","og_description":"Arriving and parking Kirkkokatu 23, 60220 Sein\u00e4joki, FINLAND Sein\u00e4joki Arena as competition venue Finnish Hobbyhorse Championships will be held at 13,000 m2 Sein\u00e4joki Arena, which has a setting for 10,000 people. Sein\u00e4joki Arena is located a short distance from the city center of Sein\u00e4joki near train station. Entrance from the doors of Hall B (Kirkkokatu [&hellip;]","og_url":"https:\/\/arkisto.skhhry.fi\/SM2022\/en\/arriving-and-parking\/","og_site_name":"Keppihevosten Suomenmestaruuskilpailut 2023","article_publisher":"https:\/\/www.facebook.com\/keppihevostensm\/","article_modified_time":"2022-06-02T13:18:18+00:00","og_image":[{"url":"http:\/\/arkisto.skhhry.fi\/SM2022\/wp-content\/uploads\/sites\/2\/2020\/11\/seinajoki-areena-kartta-pysakointi-tulo-ohjeet.jpg"}],"twitter_card":"summary_large_image","twitter_misc":{"Arvioitu lukuaika":"2 minuuttia"},"schema":{"@context":"https:\/\/schema.org","@graph":[{"@type":"WebPage","@id":"https:\/\/arkisto.skhhry.fi\/SM2022\/en\/arriving-and-parking\/","url":"https:\/\/arkisto.skhhry.fi\/SM2022\/en\/arriving-and-parking\/","name":"Arriving and parking - Keppihevosten Suomenmestaruuskilpailut 2023","isPartOf":{"@id":"https:\/\/arkisto.skhhry.fi\/SM2022\/#website"},"datePublished":"2021-01-12T19:17:10+00:00","dateModified":"2022-06-02T13:18:18+00:00","breadcrumb":{"@id":"https:\/\/arkisto.skhhry.fi\/SM2022\/en\/arriving-and-parking\/#breadcrumb"},"inLanguage":"fi","potentialAction":[{"@type":"ReadAction","target":["https:\/\/arkisto.skhhry.fi\/SM2022\/en\/arriving-and-parking\/"]}]},{"@type":"BreadcrumbList","@id":"https:\/\/arkisto.skhhry.fi\/SM2022\/en\/arriving-and-parking\/#breadcrumb","itemListElement":[{"@type":"ListItem","position":1,"name":"Etusivu","item":"https:\/\/arkisto.skhhry.fi\/SM2022\/"},{"@type":"ListItem","position":2,"name":"Arriving and parking"}]},{"@type":"WebSite","@id":"https:\/\/arkisto.skhhry.fi\/SM2022\/#website","url":"https:\/\/arkisto.skhhry.fi\/SM2022\/","name":"Keppihevosten Suomenmestaruuskilpailut 2023","description":"Keppihevosten Suomenmestaruuskilpailut 2023","publisher":{"@id":"https:\/\/arkisto.skhhry.fi\/SM2022\/#organization"},"potentialAction":[{"@type":"SearchAction","target":{"@type":"EntryPoint","urlTemplate":"https:\/\/arkisto.skhhry.fi\/SM2022\/?s={search_term_string}"},"query-input":"required name=search_term_string"}],"inLanguage":"fi"},{"@type":"Organization","@id":"https:\/\/arkisto.skhhry.fi\/SM2022\/#organization","name":"Keppihevosten Suomenmestaruuskilpailut 12.6.2021","url":"https:\/\/arkisto.skhhry.fi\/SM2022\/","logo":{"@type":"ImageObject","inLanguage":"fi","@id":"https:\/\/arkisto.skhhry.fi\/SM2022\/#\/schema\/logo\/image\/","url":"http:\/\/arkisto.skhhry.fi\/SM2022\/wp-content\/uploads\/sites\/2\/2020\/11\/keppihevostensmkilpailut-keppihevosten.png","contentUrl":"http:\/\/arkisto.skhhry.fi\/SM2022\/wp-content\/uploads\/sites\/2\/2020\/11\/keppihevostensmkilpailut-keppihevosten.png","width":800,"height":796,"caption":"Keppihevosten Suomenmestaruuskilpailut 12.6.2021"},"image":{"@id":"https:\/\/arkisto.skhhry.fi\/SM2022\/#\/schema\/logo\/image\/"},"sameAs":["https:\/\/www.instagram.com\/keppihevosten_sm_kilpailut\/","https:\/\/www.facebook.com\/keppihevostensm\/"]}]}},"_links":{"self":[{"href":"https:\/\/arkisto.skhhry.fi\/SM2022\/wp-json\/wp\/v2\/pages\/2766"}],"collection":[{"href":"https:\/\/arkisto.skhhry.fi\/SM2022\/wp-json\/wp\/v2\/pages"}],"about":[{"href":"https:\/\/arkisto.skhhry.fi\/SM2022\/wp-json\/wp\/v2\/types\/page"}],"author":[{"embeddable":true,"href":"https:\/\/arkisto.skhhry.fi\/SM2022\/wp-json\/wp\/v2\/users\/1"}],"replies":[{"embeddable":true,"href":"https:\/\/arkisto.skhhry.fi\/SM2022\/wp-json\/wp\/v2\/comments?post=2766"}],"version-history":[{"count":7,"href":"https:\/\/arkisto.skhhry.fi\/SM2022\/wp-json\/wp\/v2\/pages\/2766\/revisions"}],"predecessor-version":[{"id":5138,"href":"https:\/\/arkisto.skhhry.fi\/SM2022\/wp-json\/wp\/v2\/pages\/2766\/revisions\/5138"}],"wp:attachment":[{"href":"https:\/\/arkisto.skhhry.fi\/SM2022\/wp-json\/wp\/v2\/media?parent=2766"}],"curies":[{"name":"wp","href":"https:\/\/api.w.org\/{rel}","templated":true}]}}