{"id":28,"date":"2019-10-22T00:52:41","date_gmt":"2019-10-21T21:52:41","guid":{"rendered":"http:\/\/arkisto.skhhry.fi\/SM2022\/?page_id=28"},"modified":"2022-11-28T16:20:38","modified_gmt":"2022-11-28T14:20:38","slug":"ilmoittautuminen","status":"publish","type":"page","link":"https:\/\/arkisto.skhhry.fi\/SM2022\/ilmoittautuminen\/","title":{"rendered":"Ilmoittautuminen"},"content":{"rendered":"\t\t<div data-elementor-type=\"wp-page\" data-elementor-id=\"28\" class=\"elementor elementor-28\">\n\t\t\t\t\t\t<div class=\"elementor-inner\">\n\t\t\t\t<div class=\"elementor-section-wrap\">\n\t\t\t\t\t\t\t\t\t<section class=\"elementor-section elementor-top-section elementor-element elementor-element-507e793b hero elementor-section-boxed elementor-section-height-default elementor-section-height-default\" data-id=\"507e793b\" data-element_type=\"section\" data-settings=\"{&quot;background_background&quot;:&quot;classic&quot;}\">\n\t\t\t\t\t\t\t<div class=\"elementor-background-overlay\"><\/div>\n\t\t\t\t\t\t\t<div class=\"elementor-container elementor-column-gap-default\">\n\t\t\t\t\t\t\t<div class=\"elementor-row\">\n\t\t\t\t\t<div class=\"elementor-column elementor-col-100 elementor-top-column elementor-element elementor-element-6fbdb952\" data-id=\"6fbdb952\" data-element_type=\"column\">\n\t\t\t<div class=\"elementor-column-wrap elementor-element-populated\">\n\t\t\t\t\t\t\t<div class=\"elementor-widget-wrap\">\n\t\t\t\t\t\t<div class=\"elementor-element elementor-element-1d33350e elementor-widget elementor-widget-heading\" data-id=\"1d33350e\" data-element_type=\"widget\" data-widget_type=\"heading.default\">\n\t\t\t\t<div class=\"elementor-widget-container\">\n\t\t\t<h1 class=\"elementor-heading-title elementor-size-default\">Ilmoittautuminen kilpailuluokkiin<\/h1>\t\t<\/div>\n\t\t\t\t<\/div>\n\t\t\t\t\t\t<\/div>\n\t\t\t\t\t<\/div>\n\t\t<\/div>\n\t\t\t\t\t\t\t\t<\/div>\n\t\t\t\t\t<\/div>\n\t\t<\/section>\n\t\t\t\t<section class=\"elementor-section elementor-top-section elementor-element elementor-element-787e993e elementor-section-boxed elementor-section-height-default elementor-section-height-default\" data-id=\"787e993e\" data-element_type=\"section\">\n\t\t\t\t\t\t<div class=\"elementor-container elementor-column-gap-default\">\n\t\t\t\t\t\t\t<div class=\"elementor-row\">\n\t\t\t\t\t<div class=\"elementor-column elementor-col-50 elementor-top-column elementor-element elementor-element-306f03e0 teksti\" data-id=\"306f03e0\" data-element_type=\"column\">\n\t\t\t<div class=\"elementor-column-wrap elementor-element-populated\">\n\t\t\t\t\t\t\t<div class=\"elementor-widget-wrap\">\n\t\t\t\t\t\t<div class=\"elementor-element elementor-element-d39e83e elementor-widget elementor-widget-heading\" data-id=\"d39e83e\" data-element_type=\"widget\" data-widget_type=\"heading.default\">\n\t\t\t\t<div class=\"elementor-widget-container\">\n\t\t\t<h2 class=\"elementor-heading-title elementor-size-default\">Kilpailumaksu kattaa sis\u00e4\u00e4np\u00e4\u00e4syn Sein\u00e4joki Areenalle<\/h2>\t\t<\/div>\n\t\t\t\t<\/div>\n\t\t\t\t<div class=\"elementor-element elementor-element-bd280b5 elementor-widget elementor-widget-text-editor\" data-id=\"bd280b5\" data-element_type=\"widget\" data-widget_type=\"text-editor.default\">\n\t\t\t\t<div class=\"elementor-widget-container\">\n\t\t\t\t\t\t\t\t<div class=\"elementor-text-editor elementor-clearfix\">\n\t\t\t\t<p><strong>Kilpailumaksu on 18 \u20ac<\/strong>, joka sis\u00e4lt\u00e4\u00e4 my\u00f6s sis\u00e4\u00e4np\u00e4\u00e4syn Sein\u00e4joki Areenalle. Mik\u00e4li onni suosii, ja p\u00e4\u00e4set useampaan luokkaan, l\u00e4ht\u00f6maksu on silti 18 \u20ac\/luokka, eik\u00e4 p\u00e4\u00e4symaksun osuutta hyvitet\u00e4. Siis: 1 luokka 18 euroa, 2 luokkaa 36 euroa, 3 luokkaa 54 euroa jne.<\/p><p><em>Suomen keppihevosharrastajat ry:n j\u00e4senille osallistumismaksu -3 \u20ac eli 15 euroa per luokka. <a href=\"https:\/\/skhhry.fi\/liity-jaseneksi\/\" target=\"_blank\" rel=\"noopener\">Liity j\u00e4seneksi t\u00e4\u00e4lt\u00e4.<\/a> T\u00e4ten siis suomenmestaruusluokkien kilpailumaksu on 15 \u20ac finalisteille, joilta kaikilta vaaditaan SKHH ry:n j\u00e4senyytt\u00e4.<\/em><\/p><p>Kilpailijat voivat ilmoittautua niin moneen luokkaan kuin haluavat, mutta kannattaa mietti\u00e4, kuinka moneen luokkaan pystyy todellisuudessa osallistumaan, ja kuinka monta osallistumismaksua pystyy maksamaan (18 \u20ac\/luokka). Monet luokista py\u00f6riv\u00e4t yht\u00e4 aikaa eri kentill\u00e4 ja mahdollisesti eri halleissakin. On kisaajan omalla vastuulla, ehtiik\u00f6 h\u00e4n jokaiselle suoritusvuorolleen. Jos menee tiukille, on ehk\u00e4 reilumpaa luovuttaa se v\u00e4hemm\u00e4n kiinnostavan luokan osallistumisoikeus varasijalla olevalle, niin mahdollisimman moni mahtuu kisaamaan!<\/p>\t\t\t\t\t<\/div>\n\t\t\t\t\t\t<\/div>\n\t\t\t\t<\/div>\n\t\t\t\t\t\t<\/div>\n\t\t\t\t\t<\/div>\n\t\t<\/div>\n\t\t\t\t<div class=\"elementor-column elementor-col-50 elementor-top-column elementor-element elementor-element-337fbcd5 kuva\" data-id=\"337fbcd5\" data-element_type=\"column\" data-settings=\"{&quot;background_background&quot;:&quot;classic&quot;}\">\n\t\t\t<div class=\"elementor-column-wrap\">\n\t\t\t\t\t\t\t<div class=\"elementor-widget-wrap\">\n\t\t\t\t\t\t\t\t<\/div>\n\t\t\t\t\t<\/div>\n\t\t<\/div>\n\t\t\t\t\t\t\t\t<\/div>\n\t\t\t\t\t<\/div>\n\t\t<\/section>\n\t\t\t\t<section class=\"elementor-section elementor-top-section elementor-element elementor-element-b4d4c90 elementor-section-boxed elementor-section-height-default elementor-section-height-default\" data-id=\"b4d4c90\" data-element_type=\"section\">\n\t\t\t\t\t\t<div class=\"elementor-container elementor-column-gap-default\">\n\t\t\t\t\t\t\t<div class=\"elementor-row\">\n\t\t\t\t\t<div class=\"elementor-column elementor-col-100 elementor-top-column elementor-element elementor-element-12487e7\" data-id=\"12487e7\" data-element_type=\"column\">\n\t\t\t<div class=\"elementor-column-wrap elementor-element-populated\">\n\t\t\t\t\t\t\t<div class=\"elementor-widget-wrap\">\n\t\t\t\t\t\t<div class=\"elementor-element elementor-element-29828fc elementor-widget elementor-widget-heading\" data-id=\"29828fc\" data-element_type=\"widget\" data-widget_type=\"heading.default\">\n\t\t\t\t<div class=\"elementor-widget-container\">\n\t\t\t<h2 class=\"elementor-heading-title elementor-size-default\">Lis\u00e4ilmoittautuminen auki 15.5.2022 saakka!<\/h2>\t\t<\/div>\n\t\t\t\t<\/div>\n\t\t\t\t<div class=\"elementor-element elementor-element-5319718 elementor-widget elementor-widget-text-editor\" data-id=\"5319718\" data-element_type=\"widget\" data-widget_type=\"text-editor.default\">\n\t\t\t\t<div class=\"elementor-widget-container\">\n\t\t\t\t\t\t\t\t<div class=\"elementor-text-editor elementor-clearfix\">\n\t\t\t\t<p>Lis\u00e4ilmoittautuminen korkeushyppyyn ja western horsemanshipiin on nyt auki!<\/p><p>Paikat t\u00e4ytet\u00e4\u00e4n nopeusj\u00e4rjestyksess\u00e4, viimeinen ilmoittautumisp\u00e4iv\u00e4 on <strong>15.5.2022.<\/strong> Varmista siis kilpailupaikkasi ilmoittautumalla heti! Ilmoittautumislinkit l\u00f6yd\u00e4t alta.<\/p>\t\t\t\t\t<\/div>\n\t\t\t\t\t\t<\/div>\n\t\t\t\t<\/div>\n\t\t\t\t<div class=\"elementor-element elementor-element-095fedb elementor-widget elementor-widget-button\" data-id=\"095fedb\" data-element_type=\"widget\" data-widget_type=\"button.default\">\n\t\t\t\t<div class=\"elementor-widget-container\">\n\t\t\t\t\t<div class=\"elementor-button-wrapper\">\n\t\t\t<a href=\"https:\/\/www.ilmarix.fi\/tietoverkko\/isoilmari3.nsf\/ilmoittautuminense?openform&#038;s=n&#038;id=8D23E5679BD81C2BC225882F005CBA97\" class=\"elementor-button-link elementor-button elementor-size-sm\" role=\"button\">\n\t\t\t\t\t\t<span class=\"elementor-button-content-wrapper\">\n\t\t\t\t\t\t<span class=\"elementor-button-text\">ilmoittautuminen Korkeushyppyyn<\/span>\n\t\t<\/span>\n\t\t\t\t\t<\/a>\n\t\t<\/div>\n\t\t\t\t<\/div>\n\t\t\t\t<\/div>\n\t\t\t\t<div class=\"elementor-element elementor-element-909b42f elementor-widget elementor-widget-button\" data-id=\"909b42f\" data-element_type=\"widget\" data-widget_type=\"button.default\">\n\t\t\t\t<div class=\"elementor-widget-container\">\n\t\t\t\t\t<div class=\"elementor-button-wrapper\">\n\t\t\t<a href=\"https:\/\/www.ilmarix.fi\/tietoverkko\/isoilmari3.nsf\/ilmoittautuminense?openform&#038;s=n&#038;id=BEA59E169F83E5AAC225882F005D7EFC\" class=\"elementor-button-link elementor-button elementor-size-sm\" role=\"button\">\n\t\t\t\t\t\t<span class=\"elementor-button-content-wrapper\">\n\t\t\t\t\t\t<span class=\"elementor-button-text\">Ilmoittautuminen western horsemanshipiin<\/span>\n\t\t<\/span>\n\t\t\t\t\t<\/a>\n\t\t<\/div>\n\t\t\t\t<\/div>\n\t\t\t\t<\/div>\n\t\t\t\t\t\t<\/div>\n\t\t\t\t\t<\/div>\n\t\t<\/div>\n\t\t\t\t\t\t\t\t<\/div>\n\t\t\t\t\t<\/div>\n\t\t<\/section>\n\t\t\t\t<section class=\"elementor-section elementor-top-section elementor-element elementor-element-5a46554 elementor-section-boxed elementor-section-height-default elementor-section-height-default\" data-id=\"5a46554\" data-element_type=\"section\" data-settings=\"{&quot;background_background&quot;:&quot;classic&quot;}\">\n\t\t\t\t\t\t<div class=\"elementor-container elementor-column-gap-default\">\n\t\t\t\t\t\t\t<div class=\"elementor-row\">\n\t\t\t\t\t<div class=\"elementor-column elementor-col-100 elementor-top-column elementor-element elementor-element-5289397\" data-id=\"5289397\" data-element_type=\"column\">\n\t\t\t<div class=\"elementor-column-wrap elementor-element-populated\">\n\t\t\t\t\t\t\t<div class=\"elementor-widget-wrap\">\n\t\t\t\t\t\t<div class=\"elementor-element elementor-element-71f8b305 elementor-widget elementor-widget-heading\" data-id=\"71f8b305\" data-element_type=\"widget\" data-widget_type=\"heading.default\">\n\t\t\t\t<div class=\"elementor-widget-container\">\n\t\t\t<h2 class=\"elementor-heading-title elementor-size-default\">Ilmoittautuminen juniori- tai estemestaruuteen, koulumestaruuteen, sek\u00e4 k\u00fcr-luokkaan <\/h2>\t\t<\/div>\n\t\t\t\t<\/div>\n\t\t\t\t<div class=\"elementor-element elementor-element-8eb5d9f elementor-widget elementor-widget-text-editor\" data-id=\"8eb5d9f\" data-element_type=\"widget\" data-widget_type=\"text-editor.default\">\n\t\t\t\t<div class=\"elementor-widget-container\">\n\t\t\t\t\t\t\t\t<div class=\"elementor-text-editor elementor-clearfix\">\n\t\t\t\t<p>Ilmoittautuminen kyseisiin luokkiin tapahtuu karsintojen kautta. Karsinnat l\u00f6yd\u00e4t <em>Kilpailijalle &gt; Karsinnat.<\/em><\/p><p><em>S<\/em>uomenmestaruusluokissa kilpailevilta vaaditaan SKHH ry:n j\u00e4senyys. Voit liitty\u00e4 j\u00e4seneksi my\u00f6s karsintoihin osallistumisen ja finaalipaikan lunastamisen j\u00e4lkeen, j\u00e4senyyden tulee kuitenkin olla maksettu ennen finaalip\u00e4iv\u00e4\u00e4.<\/p>\t\t\t\t\t<\/div>\n\t\t\t\t\t\t<\/div>\n\t\t\t\t<\/div>\n\t\t\t\t\t\t<\/div>\n\t\t\t\t\t<\/div>\n\t\t<\/div>\n\t\t\t\t\t\t\t\t<\/div>\n\t\t\t\t\t<\/div>\n\t\t<\/section>\n\t\t\t\t<section class=\"elementor-section elementor-top-section elementor-element elementor-element-4f479c43 elementor-section-boxed elementor-section-height-default elementor-section-height-default\" data-id=\"4f479c43\" data-element_type=\"section\">\n\t\t\t\t\t\t<div class=\"elementor-container elementor-column-gap-default\">\n\t\t\t\t\t\t\t<div class=\"elementor-row\">\n\t\t\t\t\t<div class=\"elementor-column elementor-col-100 elementor-top-column elementor-element elementor-element-5ed7bab2 teksti\" data-id=\"5ed7bab2\" data-element_type=\"column\">\n\t\t\t<div class=\"elementor-column-wrap elementor-element-populated\">\n\t\t\t\t\t\t\t<div class=\"elementor-widget-wrap\">\n\t\t\t\t\t\t<div class=\"elementor-element elementor-element-32dccbb elementor-widget elementor-widget-heading\" data-id=\"32dccbb\" data-element_type=\"widget\" data-widget_type=\"heading.default\">\n\t\t\t\t<div class=\"elementor-widget-container\">\n\t\t\t<h2 class=\"elementor-heading-title elementor-size-default\">Ilmoittautuminen avoimiin luokkiin 1.3.-14.4.2022<\/h2>\t\t<\/div>\n\t\t\t\t<\/div>\n\t\t\t\t<div class=\"elementor-element elementor-element-52252ca elementor-widget elementor-widget-text-editor\" data-id=\"52252ca\" data-element_type=\"widget\" data-widget_type=\"text-editor.default\">\n\t\t\t\t<div class=\"elementor-widget-container\">\n\t\t\t\t\t\t\t\t<div class=\"elementor-text-editor elementor-clearfix\">\n\t\t\t\t<p><span style=\"color: #999999;\"><em>HUOM! Vain yksi ilmoittautumislomake\/kilpailija, kaikki halutut kilpailuluokat ilmoitetaan samassa lomakkeessa. Mik\u00e4li useampia lomakkeita l\u00f6ytyy samalla nimell\u00e4, <span style=\"text-decoration: underline;\">vain viimeisin huomioidaan.<\/span><\/em><\/span><\/p><p><span style=\"color: #999999;\">Ilmoittautumisia kilpailuluokkiin otetaan vastaan <b>14.4.2022 klo 23:59<\/b> saakka, jonka j\u00e4lkeen omaan ilmoittautumiseen ei en\u00e4\u00e4 voi tehd\u00e4 muutoksia. T\u00e4m\u00e4n j\u00e4lkeen my\u00f6sk\u00e4\u00e4n kilpailumaksuja ei palauteta kuin l\u00e4\u00e4k\u00e4rintodistusta vastaan \/ muusta painavasta syyst\u00e4.<\/span><\/p><p><span style=\"color: #999999;\"><strong style=\"font-family: var( --e-global-typography-text-font-family ), Sans-serif;\">L\u00e4ht\u00f6listojen ja varasijojen arvonnan tulokset julkistetaan 16.4. <\/strong><span style=\"font-family: var( --e-global-typography-text-font-family ), Sans-serif;\">Ilmoittaudu niihin luokkiin, joissa haluaisit kisata. Viel\u00e4 ei tarvitse mietti\u00e4 luokkien aikatauluja ja p\u00e4\u00e4llekk\u00e4isyyksi\u00e4. Ilmoittautumisajan p\u00e4\u00e4tytty\u00e4 arvomme kilpailupaikat ja niihin varasijan saaneet kaikkien kyseiseen luokkaan ilmoittautuneiden kesken. Jos sinun pit\u00e4\u00e4 perua jokin luokka, tee se s\u00e4hk\u00f6postitse (keppihevostensm@gmail.com).\u00a0<\/span><span style=\"font-family: var( --e-global-typography-text-font-family ), Sans-serif;\">Kilpailupaikan saaneilla on kaksi viikkoa aikaa maksaa kilpailumaksunsa. Kilpailumaksujen er\u00e4p\u00e4iv\u00e4 on\u00a0<\/span><span style=\"font-family: var( --e-global-typography-text-font-family ), Sans-serif; font-weight: bold;\">30.4.2022<\/span><span style=\"font-family: var( --e-global-typography-text-font-family ), Sans-serif;\">. Jos kilpailumaksua ei makseta ajoissa, paikka katsotaan vapautuneeksi ja se siirtyy seuraavana varasijalla olevalle.<\/span><\/span><\/p><p><span style=\"color: #999999;\">Karsinnallisten luokkien (estemestaruus, juniorimestaruus, koulumestaruus, k\u00fcr, n\u00e4yttelyt) ilmoittautuminen tapahtuu karsintasivujen ohjeiden mukaisesti. (Kilpailijalle &gt; Karsinnat). Vain karsinnoista l\u00e4pip\u00e4\u00e4sseet p\u00e4\u00e4sev\u00e4t kilpailemaan n\u00e4ihin luokkiin SM-kilpailuissa.<\/span><\/p><p>\u00a0<\/p>\t\t\t\t\t<\/div>\n\t\t\t\t\t\t<\/div>\n\t\t\t\t<\/div>\n\t\t\t\t\t\t<\/div>\n\t\t\t\t\t<\/div>\n\t\t<\/div>\n\t\t\t\t\t\t\t\t<\/div>\n\t\t\t\t\t<\/div>\n\t\t<\/section>\n\t\t\t\t\t\t\t\t\t<\/div>\n\t\t\t<\/div>\n\t\t\t\t\t<\/div>\n\t\t","protected":false},"excerpt":{"rendered":"<p>Ilmoittautuminen kilpailuluokkiin Kilpailumaksu kattaa sis\u00e4\u00e4np\u00e4\u00e4syn Sein\u00e4joki Areenalle Kilpailumaksu on 18 \u20ac, joka sis\u00e4lt\u00e4\u00e4 my\u00f6s sis\u00e4\u00e4np\u00e4\u00e4syn Sein\u00e4joki Areenalle. Mik\u00e4li onni suosii, ja p\u00e4\u00e4set useampaan luokkaan, l\u00e4ht\u00f6maksu on silti 18 \u20ac\/luokka, eik\u00e4 p\u00e4\u00e4symaksun osuutta hyvitet\u00e4. Siis: 1 luokka 18 euroa, 2 luokkaa 36 euroa, 3 luokkaa 54 euroa jne. Suomen keppihevosharrastajat ry:n j\u00e4senille osallistumismaksu -3 \u20ac eli [&hellip;]<\/p>\n","protected":false},"author":1,"featured_media":0,"parent":0,"menu_order":0,"comment_status":"closed","ping_status":"closed","template":"elementor_header_footer","meta":[],"yoast_head":"<!-- This site is optimized with the Yoast SEO plugin v19.10 - https:\/\/yoast.com\/wordpress\/plugins\/seo\/ -->\n<title>Ilmoittautuminen - Keppihevosten Suomenmestaruuskilpailut 2023<\/title>\n<meta name=\"description\" content=\"Suomenmestaruusluokkiin ilmoittautuminen tapahtuu karsintojen kautta. Kilpailumaksuun sis\u00e4ltyy p\u00e4\u00e4sy Sein\u00e4joki Areenalle.\" \/>\n<meta name=\"robots\" content=\"noindex, follow, max-snippet:-1, max-image-preview:large, max-video-preview:-1\" \/>\n<meta property=\"og:locale\" content=\"fi_FI\" \/>\n<meta property=\"og:type\" content=\"article\" \/>\n<meta property=\"og:title\" content=\"Ilmoittautuminen - Keppihevosten Suomenmestaruuskilpailut 2023\" \/>\n<meta property=\"og:description\" content=\"Suomenmestaruusluokkiin ilmoittautuminen tapahtuu karsintojen kautta. Kilpailumaksuun sis\u00e4ltyy p\u00e4\u00e4sy Sein\u00e4joki Areenalle.\" \/>\n<meta property=\"og:url\" content=\"https:\/\/arkisto.skhhry.fi\/SM2022\/ilmoittautuminen\/\" \/>\n<meta property=\"og:site_name\" content=\"Keppihevosten Suomenmestaruuskilpailut 2023\" \/>\n<meta property=\"article:publisher\" content=\"https:\/\/www.facebook.com\/keppihevostensm\/\" \/>\n<meta property=\"article:modified_time\" content=\"2022-11-28T14:20:38+00:00\" \/>\n<meta name=\"twitter:card\" content=\"summary_large_image\" \/>\n<meta name=\"twitter:label1\" content=\"Arvioitu lukuaika\" \/>\n\t<meta name=\"twitter:data1\" content=\"3 minuuttia\" \/>\n<script type=\"application\/ld+json\" class=\"yoast-schema-graph\">{\"@context\":\"https:\/\/schema.org\",\"@graph\":[{\"@type\":\"WebPage\",\"@id\":\"https:\/\/arkisto.skhhry.fi\/SM2022\/ilmoittautuminen\/\",\"url\":\"https:\/\/arkisto.skhhry.fi\/SM2022\/ilmoittautuminen\/\",\"name\":\"Ilmoittautuminen - Keppihevosten Suomenmestaruuskilpailut 2023\",\"isPartOf\":{\"@id\":\"https:\/\/arkisto.skhhry.fi\/SM2022\/#website\"},\"datePublished\":\"2019-10-21T21:52:41+00:00\",\"dateModified\":\"2022-11-28T14:20:38+00:00\",\"description\":\"Suomenmestaruusluokkiin ilmoittautuminen tapahtuu karsintojen kautta. Kilpailumaksuun sis\u00e4ltyy p\u00e4\u00e4sy Sein\u00e4joki Areenalle.\",\"breadcrumb\":{\"@id\":\"https:\/\/arkisto.skhhry.fi\/SM2022\/ilmoittautuminen\/#breadcrumb\"},\"inLanguage\":\"fi\",\"potentialAction\":[{\"@type\":\"ReadAction\",\"target\":[\"https:\/\/arkisto.skhhry.fi\/SM2022\/ilmoittautuminen\/\"]}]},{\"@type\":\"BreadcrumbList\",\"@id\":\"https:\/\/arkisto.skhhry.fi\/SM2022\/ilmoittautuminen\/#breadcrumb\",\"itemListElement\":[{\"@type\":\"ListItem\",\"position\":1,\"name\":\"Etusivu\",\"item\":\"https:\/\/arkisto.skhhry.fi\/SM2022\/\"},{\"@type\":\"ListItem\",\"position\":2,\"name\":\"Ilmoittautuminen\"}]},{\"@type\":\"WebSite\",\"@id\":\"https:\/\/arkisto.skhhry.fi\/SM2022\/#website\",\"url\":\"https:\/\/arkisto.skhhry.fi\/SM2022\/\",\"name\":\"Keppihevosten Suomenmestaruuskilpailut 2023\",\"description\":\"Keppihevosten Suomenmestaruuskilpailut 2023\",\"publisher\":{\"@id\":\"https:\/\/arkisto.skhhry.fi\/SM2022\/#organization\"},\"potentialAction\":[{\"@type\":\"SearchAction\",\"target\":{\"@type\":\"EntryPoint\",\"urlTemplate\":\"https:\/\/arkisto.skhhry.fi\/SM2022\/?s={search_term_string}\"},\"query-input\":\"required name=search_term_string\"}],\"inLanguage\":\"fi\"},{\"@type\":\"Organization\",\"@id\":\"https:\/\/arkisto.skhhry.fi\/SM2022\/#organization\",\"name\":\"Keppihevosten Suomenmestaruuskilpailut 12.6.2021\",\"url\":\"https:\/\/arkisto.skhhry.fi\/SM2022\/\",\"logo\":{\"@type\":\"ImageObject\",\"inLanguage\":\"fi\",\"@id\":\"https:\/\/arkisto.skhhry.fi\/SM2022\/#\/schema\/logo\/image\/\",\"url\":\"http:\/\/arkisto.skhhry.fi\/SM2022\/wp-content\/uploads\/sites\/2\/2020\/11\/keppihevostensmkilpailut-keppihevosten.png\",\"contentUrl\":\"http:\/\/arkisto.skhhry.fi\/SM2022\/wp-content\/uploads\/sites\/2\/2020\/11\/keppihevostensmkilpailut-keppihevosten.png\",\"width\":800,\"height\":796,\"caption\":\"Keppihevosten Suomenmestaruuskilpailut 12.6.2021\"},\"image\":{\"@id\":\"https:\/\/arkisto.skhhry.fi\/SM2022\/#\/schema\/logo\/image\/\"},\"sameAs\":[\"https:\/\/www.instagram.com\/keppihevosten_sm_kilpailut\/\",\"https:\/\/www.facebook.com\/keppihevostensm\/\"]}]}<\/script>\n<!-- \/ Yoast SEO plugin. -->","yoast_head_json":{"title":"Ilmoittautuminen - Keppihevosten Suomenmestaruuskilpailut 2023","description":"Suomenmestaruusluokkiin ilmoittautuminen tapahtuu karsintojen kautta. Kilpailumaksuun sis\u00e4ltyy p\u00e4\u00e4sy Sein\u00e4joki Areenalle.","robots":{"index":"noindex","follow":"follow","max-snippet":"max-snippet:-1","max-image-preview":"max-image-preview:large","max-video-preview":"max-video-preview:-1"},"og_locale":"fi_FI","og_type":"article","og_title":"Ilmoittautuminen - Keppihevosten Suomenmestaruuskilpailut 2023","og_description":"Suomenmestaruusluokkiin ilmoittautuminen tapahtuu karsintojen kautta. Kilpailumaksuun sis\u00e4ltyy p\u00e4\u00e4sy Sein\u00e4joki Areenalle.","og_url":"https:\/\/arkisto.skhhry.fi\/SM2022\/ilmoittautuminen\/","og_site_name":"Keppihevosten Suomenmestaruuskilpailut 2023","article_publisher":"https:\/\/www.facebook.com\/keppihevostensm\/","article_modified_time":"2022-11-28T14:20:38+00:00","twitter_card":"summary_large_image","twitter_misc":{"Arvioitu lukuaika":"3 minuuttia"},"schema":{"@context":"https:\/\/schema.org","@graph":[{"@type":"WebPage","@id":"https:\/\/arkisto.skhhry.fi\/SM2022\/ilmoittautuminen\/","url":"https:\/\/arkisto.skhhry.fi\/SM2022\/ilmoittautuminen\/","name":"Ilmoittautuminen - Keppihevosten Suomenmestaruuskilpailut 2023","isPartOf":{"@id":"https:\/\/arkisto.skhhry.fi\/SM2022\/#website"},"datePublished":"2019-10-21T21:52:41+00:00","dateModified":"2022-11-28T14:20:38+00:00","description":"Suomenmestaruusluokkiin ilmoittautuminen tapahtuu karsintojen kautta. Kilpailumaksuun sis\u00e4ltyy p\u00e4\u00e4sy Sein\u00e4joki Areenalle.","breadcrumb":{"@id":"https:\/\/arkisto.skhhry.fi\/SM2022\/ilmoittautuminen\/#breadcrumb"},"inLanguage":"fi","potentialAction":[{"@type":"ReadAction","target":["https:\/\/arkisto.skhhry.fi\/SM2022\/ilmoittautuminen\/"]}]},{"@type":"BreadcrumbList","@id":"https:\/\/arkisto.skhhry.fi\/SM2022\/ilmoittautuminen\/#breadcrumb","itemListElement":[{"@type":"ListItem","position":1,"name":"Etusivu","item":"https:\/\/arkisto.skhhry.fi\/SM2022\/"},{"@type":"ListItem","position":2,"name":"Ilmoittautuminen"}]},{"@type":"WebSite","@id":"https:\/\/arkisto.skhhry.fi\/SM2022\/#website","url":"https:\/\/arkisto.skhhry.fi\/SM2022\/","name":"Keppihevosten Suomenmestaruuskilpailut 2023","description":"Keppihevosten Suomenmestaruuskilpailut 2023","publisher":{"@id":"https:\/\/arkisto.skhhry.fi\/SM2022\/#organization"},"potentialAction":[{"@type":"SearchAction","target":{"@type":"EntryPoint","urlTemplate":"https:\/\/arkisto.skhhry.fi\/SM2022\/?s={search_term_string}"},"query-input":"required name=search_term_string"}],"inLanguage":"fi"},{"@type":"Organization","@id":"https:\/\/arkisto.skhhry.fi\/SM2022\/#organization","name":"Keppihevosten Suomenmestaruuskilpailut 12.6.2021","url":"https:\/\/arkisto.skhhry.fi\/SM2022\/","logo":{"@type":"ImageObject","inLanguage":"fi","@id":"https:\/\/arkisto.skhhry.fi\/SM2022\/#\/schema\/logo\/image\/","url":"http:\/\/arkisto.skhhry.fi\/SM2022\/wp-content\/uploads\/sites\/2\/2020\/11\/keppihevostensmkilpailut-keppihevosten.png","contentUrl":"http:\/\/arkisto.skhhry.fi\/SM2022\/wp-content\/uploads\/sites\/2\/2020\/11\/keppihevostensmkilpailut-keppihevosten.png","width":800,"height":796,"caption":"Keppihevosten Suomenmestaruuskilpailut 12.6.2021"},"image":{"@id":"https:\/\/arkisto.skhhry.fi\/SM2022\/#\/schema\/logo\/image\/"},"sameAs":["https:\/\/www.instagram.com\/keppihevosten_sm_kilpailut\/","https:\/\/www.facebook.com\/keppihevostensm\/"]}]}},"_links":{"self":[{"href":"https:\/\/arkisto.skhhry.fi\/SM2022\/wp-json\/wp\/v2\/pages\/28"}],"collection":[{"href":"https:\/\/arkisto.skhhry.fi\/SM2022\/wp-json\/wp\/v2\/pages"}],"about":[{"href":"https:\/\/arkisto.skhhry.fi\/SM2022\/wp-json\/wp\/v2\/types\/page"}],"author":[{"embeddable":true,"href":"https:\/\/arkisto.skhhry.fi\/SM2022\/wp-json\/wp\/v2\/users\/1"}],"replies":[{"embeddable":true,"href":"https:\/\/arkisto.skhhry.fi\/SM2022\/wp-json\/wp\/v2\/comments?post=28"}],"version-history":[{"count":145,"href":"https:\/\/arkisto.skhhry.fi\/SM2022\/wp-json\/wp\/v2\/pages\/28\/revisions"}],"predecessor-version":[{"id":5546,"href":"https:\/\/arkisto.skhhry.fi\/SM2022\/wp-json\/wp\/v2\/pages\/28\/revisions\/5546"}],"wp:attachment":[{"href":"https:\/\/arkisto.skhhry.fi\/SM2022\/wp-json\/wp\/v2\/media?parent=28"}],"curies":[{"name":"wp","href":"https:\/\/api.w.org\/{rel}","templated":true}]}}