{"id":31,"date":"2019-10-22T00:53:48","date_gmt":"2019-10-21T21:53:48","guid":{"rendered":"http:\/\/arkisto.skhhry.fi\/SM2022\/?page_id=31"},"modified":"2022-05-02T13:55:17","modified_gmt":"2022-05-02T10:55:17","slug":"majoitus","status":"publish","type":"page","link":"https:\/\/arkisto.skhhry.fi\/SM2022\/majoitus\/","title":{"rendered":"Majoitus"},"content":{"rendered":"\t\t<div data-elementor-type=\"wp-page\" data-elementor-id=\"31\" class=\"elementor elementor-31\">\n\t\t\t\t\t\t<div class=\"elementor-inner\">\n\t\t\t\t<div class=\"elementor-section-wrap\">\n\t\t\t\t\t\t\t\t\t<section class=\"elementor-section elementor-top-section elementor-element elementor-element-7413c356 hero elementor-section-boxed elementor-section-height-default elementor-section-height-default\" data-id=\"7413c356\" data-element_type=\"section\" data-settings=\"{&quot;background_background&quot;:&quot;classic&quot;}\">\n\t\t\t\t\t\t\t<div class=\"elementor-background-overlay\"><\/div>\n\t\t\t\t\t\t\t<div class=\"elementor-container elementor-column-gap-default\">\n\t\t\t\t\t\t\t<div class=\"elementor-row\">\n\t\t\t\t\t<div class=\"elementor-column elementor-col-100 elementor-top-column elementor-element elementor-element-313cf6a7\" data-id=\"313cf6a7\" data-element_type=\"column\">\n\t\t\t<div class=\"elementor-column-wrap elementor-element-populated\">\n\t\t\t\t\t\t\t<div class=\"elementor-widget-wrap\">\n\t\t\t\t\t\t<div class=\"elementor-element elementor-element-6ea7b1a1 elementor-widget elementor-widget-heading\" data-id=\"6ea7b1a1\" data-element_type=\"widget\" data-widget_type=\"heading.default\">\n\t\t\t\t<div class=\"elementor-widget-container\">\n\t\t\t<h1 class=\"elementor-heading-title elementor-size-default\">Majoitus<\/h1>\t\t<\/div>\n\t\t\t\t<\/div>\n\t\t\t\t\t\t<\/div>\n\t\t\t\t\t<\/div>\n\t\t<\/div>\n\t\t\t\t\t\t\t\t<\/div>\n\t\t\t\t\t<\/div>\n\t\t<\/section>\n\t\t\t\t<section class=\"elementor-section elementor-top-section elementor-element elementor-element-6e5ec5d elementor-section-boxed elementor-section-height-default elementor-section-height-default\" data-id=\"6e5ec5d\" data-element_type=\"section\">\n\t\t\t\t\t\t<div class=\"elementor-container elementor-column-gap-default\">\n\t\t\t\t\t\t\t<div class=\"elementor-row\">\n\t\t\t\t\t<div class=\"elementor-column elementor-col-50 elementor-top-column elementor-element elementor-element-9592f1f\" data-id=\"9592f1f\" data-element_type=\"column\">\n\t\t\t<div class=\"elementor-column-wrap elementor-element-populated\">\n\t\t\t\t\t\t\t<div class=\"elementor-widget-wrap\">\n\t\t\t\t\t\t<div class=\"elementor-element elementor-element-8674007 elementor-widget elementor-widget-heading\" data-id=\"8674007\" data-element_type=\"widget\" data-widget_type=\"heading.default\">\n\t\t\t\t<div class=\"elementor-widget-container\">\n\t\t\t<h2 class=\"elementor-heading-title elementor-size-default\">Hotellimajoitus<\/h2>\t\t<\/div>\n\t\t\t\t<\/div>\n\t\t\t\t<div class=\"elementor-element elementor-element-9f1378f elementor-widget elementor-widget-text-editor\" data-id=\"9f1378f\" data-element_type=\"widget\" data-widget_type=\"text-editor.default\">\n\t\t\t\t<div class=\"elementor-widget-container\">\n\t\t\t\t\t\t\t\t<div class=\"elementor-text-editor elementor-clearfix\">\n\t\t\t\t<p>Keppihevosten Suomenmestaruuskilpailujen vuoden 2022 p\u00e4\u00e4majoituskumppanina toimii <a href=\"https:\/\/sorsanpesa.fi\/\" target=\"_blank\" rel=\"noopener\">Hotelli Sorsanpes\u00e4<\/a>! Sorsanpes\u00e4 tarjoaa SM-kilpailujen k\u00e4vij\u00f6ille hotellihuoneita edullisin erikoistarjoushinnoin:<\/p><ul><li>98 \u20ac\/y\u00f6 2 hengen huone<\/li><li>128 \u20ac\/y\u00f6 3 hengen huone<\/li><li>158 \u20ac\/y\u00f6 4 hengen huone<\/li><\/ul><div>\u00a0<\/div><div><span style=\"color: #000000;\">Hinnat sis\u00e4lt\u00e4v\u00e4t<\/span><span style=\"color: #000000;\">\u00a0tapahtuman aikatauluun sovitetun aamiaisen, sauna- ja allasosaston sek\u00e4 kuntosalin k\u00e4yt\u00f6n.<\/span><\/div><div><span style=\"color: #000000;\">Lue lis\u00e4\u00e4 standard-huoneiden varustelusta\u00a0<\/span><a href=\"https:\/\/sorsanpesa.fi\/hotelli-huoneet\/standard\/\" target=\"_blank\" rel=\"noopener\">t\u00e4\u00e4lt\u00e4<\/a><span style=\"color: #000000;\">!<\/span><\/div><div><span style=\"color: #000000;\">\u00a0<\/span><\/div><p>Sorsanpes\u00e4 sijaitsee hyvien kulkuyhteyksien varrella muutaman kilometrin p\u00e4\u00e4ss\u00e4 Sein\u00e4joki Areenasta.\u00a0Hotellilla on ilmainen pys\u00e4k\u00f6inti.\u00a0Hotellin v\u00e4litt\u00f6m\u00e4st\u00e4 l\u00e4heisyydest\u00e4 l\u00f6ytyy uimaranta ja upeat maastot sek\u00e4\u00a0frisbee- ja minigolfrata ja\u00a0useita muita aktiviteetteja.<\/p><p>Hotel Sorsanpes\u00e4<br \/>T\u00f6rn\u00e4v\u00e4ntie 27<br \/>60200 Sein\u00e4joki<\/p><p><span style=\"color: #000000;\">Huoneet ovat varattavissa etuhintaan kampanjakoodilla <\/span><i style=\"color: #000000;\">\u201d<span style=\"color: #800000;\"><strong><span style=\"font-size: 14pt;\">22kepparism<\/span><\/strong><\/span>&#8221;<\/i><span style=\"color: #000000;\">. Varaathan huoneen ajoissa, hotelli voi t\u00e4ytty\u00e4 nopeasti!<\/span><\/p><h3><span style=\"color: #808080;\">HUOM! T\u00c4LL\u00c4 HETKELL\u00c4 SORSANPES\u00c4N NETTIAJANVARAUS EI TOIMI ALENNUSKOODIN SUHTEEN. VARAA ETUHINTAINEN HUONE SIIS PUHELIMITSE (Hotellin vastaanotto <span style=\"font-family: var( --e-global-typography-text-font-family ), Sans-serif;\"><u><i>0207418181<\/i><\/u>)<\/span><\/span><\/h3>\t\t\t\t\t<\/div>\n\t\t\t\t\t\t<\/div>\n\t\t\t\t<\/div>\n\t\t\t\t\t\t<\/div>\n\t\t\t\t\t<\/div>\n\t\t<\/div>\n\t\t\t\t<div class=\"elementor-column elementor-col-50 elementor-top-column elementor-element elementor-element-42bfdd7\" data-id=\"42bfdd7\" data-element_type=\"column\">\n\t\t\t<div class=\"elementor-column-wrap elementor-element-populated\">\n\t\t\t\t\t\t\t<div class=\"elementor-widget-wrap\">\n\t\t\t\t\t\t<div class=\"elementor-element elementor-element-e6fa1eb elementor-arrows-position-inside elementor-widget elementor-widget-image-carousel\" data-id=\"e6fa1eb\" data-element_type=\"widget\" data-settings=\"{&quot;slides_to_show&quot;:&quot;1&quot;,&quot;navigation&quot;:&quot;arrows&quot;,&quot;pause_on_hover&quot;:&quot;no&quot;,&quot;autoplay_speed&quot;:&quot;3000&quot;,&quot;autoplay&quot;:&quot;yes&quot;,&quot;pause_on_interaction&quot;:&quot;yes&quot;,&quot;infinite&quot;:&quot;yes&quot;,&quot;effect&quot;:&quot;slide&quot;,&quot;speed&quot;:500}\" data-widget_type=\"image-carousel.default\">\n\t\t\t\t<div class=\"elementor-widget-container\">\n\t\t\t\t\t<div class=\"elementor-image-carousel-wrapper swiper-container\" dir=\"ltr\">\n\t\t\t<div class=\"elementor-image-carousel swiper-wrapper\">\n\t\t\t\t\t\t\t\t<div class=\"swiper-slide\"><figure class=\"swiper-slide-inner\"><img decoding=\"async\" class=\"swiper-slide-image\" src=\"https:\/\/arkisto.skhhry.fi\/SM2022\/wp-content\/uploads\/sites\/2\/2021\/04\/Standard-huone-1.jpg\" alt=\"Standard-huone-1\" \/><\/figure><\/div><div class=\"swiper-slide\"><figure class=\"swiper-slide-inner\"><img decoding=\"async\" class=\"swiper-slide-image\" src=\"https:\/\/arkisto.skhhry.fi\/SM2022\/wp-content\/uploads\/sites\/2\/2021\/04\/Standard-huone-2-1024x684.jpg\" alt=\"Standard-huone-2\" \/><\/figure><\/div><div class=\"swiper-slide\"><figure class=\"swiper-slide-inner\"><img decoding=\"async\" class=\"swiper-slide-image\" src=\"https:\/\/arkisto.skhhry.fi\/SM2022\/wp-content\/uploads\/sites\/2\/2021\/04\/rafla.png\" alt=\"rafla\" \/><\/figure><\/div><div class=\"swiper-slide\"><figure class=\"swiper-slide-inner\"><img decoding=\"async\" class=\"swiper-slide-image\" src=\"https:\/\/arkisto.skhhry.fi\/SM2022\/wp-content\/uploads\/sites\/2\/2021\/04\/Aamiainen-sorsanpesa-1024x684.jpg\" alt=\"Aamiainen-sorsanpesa\" \/><\/figure><\/div><div class=\"swiper-slide\"><figure class=\"swiper-slide-inner\"><img decoding=\"async\" class=\"swiper-slide-image\" src=\"https:\/\/arkisto.skhhry.fi\/SM2022\/wp-content\/uploads\/sites\/2\/2021\/04\/Kuva-42-of-68-scaled-1-1024x683.jpg\" alt=\"Kuva-42-of-68-scaled\" \/><\/figure><\/div><div class=\"swiper-slide\"><figure class=\"swiper-slide-inner\"><img decoding=\"async\" class=\"swiper-slide-image\" src=\"https:\/\/arkisto.skhhry.fi\/SM2022\/wp-content\/uploads\/sites\/2\/2021\/04\/Sorsanpesa-kuntosali-2-1024x684.jpg\" alt=\"Sorsanpesa-kuntosali-2\" \/><\/figure><\/div><div class=\"swiper-slide\"><figure class=\"swiper-slide-inner\"><img decoding=\"async\" class=\"swiper-slide-image\" src=\"https:\/\/arkisto.skhhry.fi\/SM2022\/wp-content\/uploads\/sites\/2\/2021\/04\/uimaallas.png\" alt=\"uimaallas\" \/><\/figure><\/div><div class=\"swiper-slide\"><figure class=\"swiper-slide-inner\"><img decoding=\"async\" class=\"swiper-slide-image\" src=\"https:\/\/arkisto.skhhry.fi\/SM2022\/wp-content\/uploads\/sites\/2\/2021\/04\/sorspes.png\" alt=\"sorspes\" \/><\/figure><\/div>\t\t\t<\/div>\n\t\t\t\t\t\t\t\t\t\t\t\t\t\t\t\t<div class=\"elementor-swiper-button elementor-swiper-button-prev\">\n\t\t\t\t\t\t<i aria-hidden=\"true\" class=\"eicon-chevron-left\"><\/i>\t\t\t\t\t\t<span class=\"elementor-screen-only\">Edellinen<\/span>\n\t\t\t\t\t<\/div>\n\t\t\t\t\t<div class=\"elementor-swiper-button elementor-swiper-button-next\">\n\t\t\t\t\t\t<i aria-hidden=\"true\" class=\"eicon-chevron-right\"><\/i>\t\t\t\t\t\t<span class=\"elementor-screen-only\">Seuraava<\/span>\n\t\t\t\t\t<\/div>\n\t\t\t\t\t\t\t\t\t<\/div>\n\t\t\t\t<\/div>\n\t\t\t\t<\/div>\n\t\t\t\t\t\t<\/div>\n\t\t\t\t\t<\/div>\n\t\t<\/div>\n\t\t\t\t\t\t\t\t<\/div>\n\t\t\t\t\t<\/div>\n\t\t<\/section>\n\t\t\t\t<section class=\"elementor-section elementor-top-section elementor-element elementor-element-32ed5a1 elementor-section-boxed elementor-section-height-default elementor-section-height-default\" data-id=\"32ed5a1\" data-element_type=\"section\">\n\t\t\t\t\t\t<div class=\"elementor-container elementor-column-gap-default\">\n\t\t\t\t\t\t\t<div class=\"elementor-row\">\n\t\t\t\t\t<div class=\"elementor-column elementor-col-100 elementor-top-column elementor-element elementor-element-c468a3b\" data-id=\"c468a3b\" data-element_type=\"column\">\n\t\t\t<div class=\"elementor-column-wrap elementor-element-populated\">\n\t\t\t\t\t\t\t<div class=\"elementor-widget-wrap\">\n\t\t\t\t\t\t<div class=\"elementor-element elementor-element-d64ca10 elementor-widget elementor-widget-heading\" data-id=\"d64ca10\" data-element_type=\"widget\" data-widget_type=\"heading.default\">\n\t\t\t\t<div class=\"elementor-widget-container\">\n\t\t\t<h2 class=\"elementor-heading-title elementor-size-default\">Muut majoitusvaihtoehdot<\/h2>\t\t<\/div>\n\t\t\t\t<\/div>\n\t\t\t\t<div class=\"elementor-element elementor-element-ae7e52b elementor-widget elementor-widget-text-editor\" data-id=\"ae7e52b\" data-element_type=\"widget\" data-widget_type=\"text-editor.default\">\n\t\t\t\t<div class=\"elementor-widget-container\">\n\t\t\t\t\t\t\t\t<div class=\"elementor-text-editor elementor-clearfix\">\n\t\t\t\t<p>Voit tutustua Sein\u00e4joen muihin majoitusvaihtoehtoihin esimerkiksi\u00a0<a href=\"https:\/\/visitseinajoki.fi\/\" target=\"_blank\" rel=\"noopener\">Visit Sein\u00e4joki<\/a>\u00a0-nettisivustolta. Varaathan hotellin ajoissa, sill\u00e4 kisaviikonloppuna my\u00f6s muut tapahtumat t\u00e4ytt\u00e4v\u00e4t hotelleja!<\/p>\t\t\t\t\t<\/div>\n\t\t\t\t\t\t<\/div>\n\t\t\t\t<\/div>\n\t\t\t\t\t\t<\/div>\n\t\t\t\t\t<\/div>\n\t\t<\/div>\n\t\t\t\t\t\t\t\t<\/div>\n\t\t\t\t\t<\/div>\n\t\t<\/section>\n\t\t\t\t\t\t\t\t\t<\/div>\n\t\t\t<\/div>\n\t\t\t\t\t<\/div>\n\t\t","protected":false},"excerpt":{"rendered":"<p>Majoitus Hotellimajoitus Keppihevosten Suomenmestaruuskilpailujen vuoden 2022 p\u00e4\u00e4majoituskumppanina toimii Hotelli Sorsanpes\u00e4! Sorsanpes\u00e4 tarjoaa SM-kilpailujen k\u00e4vij\u00f6ille hotellihuoneita edullisin erikoistarjoushinnoin: 98 \u20ac\/y\u00f6 2 hengen huone 128 \u20ac\/y\u00f6 3 hengen huone 158 \u20ac\/y\u00f6 4 hengen huone \u00a0Hinnat sis\u00e4lt\u00e4v\u00e4t\u00a0tapahtuman aikatauluun sovitetun aamiaisen, sauna- ja allasosaston sek\u00e4 kuntosalin k\u00e4yt\u00f6n.Lue lis\u00e4\u00e4 standard-huoneiden varustelusta\u00a0t\u00e4\u00e4lt\u00e4!\u00a0 Sorsanpes\u00e4 sijaitsee hyvien kulkuyhteyksien varrella muutaman kilometrin p\u00e4\u00e4ss\u00e4 Sein\u00e4joki [&hellip;]<\/p>\n","protected":false},"author":1,"featured_media":0,"parent":0,"menu_order":0,"comment_status":"closed","ping_status":"closed","template":"elementor_header_footer","meta":[],"yoast_head":"<!-- This site is optimized with the Yoast SEO plugin v19.10 - https:\/\/yoast.com\/wordpress\/plugins\/seo\/ -->\n<title>Majoitus - Keppihevosten Suomenmestaruuskilpailut 2023<\/title>\n<meta name=\"description\" content=\"Majoittujille on saatavana edullinen koulumajoitus, ja Sein\u00e4joen keskustassa hotellit tarjoavat my\u00f6s y\u00f6pymiseen vanhemmille k\u00e4vij\u00f6ille.\" \/>\n<meta name=\"robots\" content=\"noindex, follow, max-snippet:-1, max-image-preview:large, max-video-preview:-1\" \/>\n<meta property=\"og:locale\" content=\"fi_FI\" \/>\n<meta property=\"og:type\" content=\"article\" \/>\n<meta property=\"og:title\" content=\"Majoitus - Keppihevosten Suomenmestaruuskilpailut 2023\" \/>\n<meta property=\"og:description\" content=\"Majoittujille on saatavana edullinen koulumajoitus, ja Sein\u00e4joen keskustassa hotellit tarjoavat my\u00f6s y\u00f6pymiseen vanhemmille k\u00e4vij\u00f6ille.\" \/>\n<meta property=\"og:url\" content=\"https:\/\/arkisto.skhhry.fi\/SM2022\/majoitus\/\" \/>\n<meta property=\"og:site_name\" content=\"Keppihevosten Suomenmestaruuskilpailut 2023\" \/>\n<meta property=\"article:publisher\" content=\"https:\/\/www.facebook.com\/keppihevostensm\/\" \/>\n<meta property=\"article:modified_time\" content=\"2022-05-02T10:55:17+00:00\" \/>\n<meta property=\"og:image\" content=\"http:\/\/arkisto.skhhry.fi\/SM2022\/wp-content\/uploads\/sites\/2\/2021\/04\/Standard-huone-1.jpg\" \/>\n<meta name=\"twitter:card\" content=\"summary_large_image\" \/>\n<meta name=\"twitter:label1\" content=\"Arvioitu lukuaika\" \/>\n\t<meta name=\"twitter:data1\" content=\"3 minuuttia\" \/>\n<script type=\"application\/ld+json\" class=\"yoast-schema-graph\">{\"@context\":\"https:\/\/schema.org\",\"@graph\":[{\"@type\":\"WebPage\",\"@id\":\"https:\/\/arkisto.skhhry.fi\/SM2022\/majoitus\/\",\"url\":\"https:\/\/arkisto.skhhry.fi\/SM2022\/majoitus\/\",\"name\":\"Majoitus - Keppihevosten Suomenmestaruuskilpailut 2023\",\"isPartOf\":{\"@id\":\"https:\/\/arkisto.skhhry.fi\/SM2022\/#website\"},\"datePublished\":\"2019-10-21T21:53:48+00:00\",\"dateModified\":\"2022-05-02T10:55:17+00:00\",\"description\":\"Majoittujille on saatavana edullinen koulumajoitus, ja Sein\u00e4joen keskustassa hotellit tarjoavat my\u00f6s y\u00f6pymiseen vanhemmille k\u00e4vij\u00f6ille.\",\"breadcrumb\":{\"@id\":\"https:\/\/arkisto.skhhry.fi\/SM2022\/majoitus\/#breadcrumb\"},\"inLanguage\":\"fi\",\"potentialAction\":[{\"@type\":\"ReadAction\",\"target\":[\"https:\/\/arkisto.skhhry.fi\/SM2022\/majoitus\/\"]}]},{\"@type\":\"BreadcrumbList\",\"@id\":\"https:\/\/arkisto.skhhry.fi\/SM2022\/majoitus\/#breadcrumb\",\"itemListElement\":[{\"@type\":\"ListItem\",\"position\":1,\"name\":\"Etusivu\",\"item\":\"https:\/\/arkisto.skhhry.fi\/SM2022\/\"},{\"@type\":\"ListItem\",\"position\":2,\"name\":\"Majoitus\"}]},{\"@type\":\"WebSite\",\"@id\":\"https:\/\/arkisto.skhhry.fi\/SM2022\/#website\",\"url\":\"https:\/\/arkisto.skhhry.fi\/SM2022\/\",\"name\":\"Keppihevosten Suomenmestaruuskilpailut 2023\",\"description\":\"Keppihevosten Suomenmestaruuskilpailut 2023\",\"publisher\":{\"@id\":\"https:\/\/arkisto.skhhry.fi\/SM2022\/#organization\"},\"potentialAction\":[{\"@type\":\"SearchAction\",\"target\":{\"@type\":\"EntryPoint\",\"urlTemplate\":\"https:\/\/arkisto.skhhry.fi\/SM2022\/?s={search_term_string}\"},\"query-input\":\"required name=search_term_string\"}],\"inLanguage\":\"fi\"},{\"@type\":\"Organization\",\"@id\":\"https:\/\/arkisto.skhhry.fi\/SM2022\/#organization\",\"name\":\"Keppihevosten Suomenmestaruuskilpailut 12.6.2021\",\"url\":\"https:\/\/arkisto.skhhry.fi\/SM2022\/\",\"logo\":{\"@type\":\"ImageObject\",\"inLanguage\":\"fi\",\"@id\":\"https:\/\/arkisto.skhhry.fi\/SM2022\/#\/schema\/logo\/image\/\",\"url\":\"http:\/\/arkisto.skhhry.fi\/SM2022\/wp-content\/uploads\/sites\/2\/2020\/11\/keppihevostensmkilpailut-keppihevosten.png\",\"contentUrl\":\"http:\/\/arkisto.skhhry.fi\/SM2022\/wp-content\/uploads\/sites\/2\/2020\/11\/keppihevostensmkilpailut-keppihevosten.png\",\"width\":800,\"height\":796,\"caption\":\"Keppihevosten Suomenmestaruuskilpailut 12.6.2021\"},\"image\":{\"@id\":\"https:\/\/arkisto.skhhry.fi\/SM2022\/#\/schema\/logo\/image\/\"},\"sameAs\":[\"https:\/\/www.instagram.com\/keppihevosten_sm_kilpailut\/\",\"https:\/\/www.facebook.com\/keppihevostensm\/\"]}]}<\/script>\n<!-- \/ Yoast SEO plugin. -->","yoast_head_json":{"title":"Majoitus - Keppihevosten Suomenmestaruuskilpailut 2023","description":"Majoittujille on saatavana edullinen koulumajoitus, ja Sein\u00e4joen keskustassa hotellit tarjoavat my\u00f6s y\u00f6pymiseen vanhemmille k\u00e4vij\u00f6ille.","robots":{"index":"noindex","follow":"follow","max-snippet":"max-snippet:-1","max-image-preview":"max-image-preview:large","max-video-preview":"max-video-preview:-1"},"og_locale":"fi_FI","og_type":"article","og_title":"Majoitus - Keppihevosten Suomenmestaruuskilpailut 2023","og_description":"Majoittujille on saatavana edullinen koulumajoitus, ja Sein\u00e4joen keskustassa hotellit tarjoavat my\u00f6s y\u00f6pymiseen vanhemmille k\u00e4vij\u00f6ille.","og_url":"https:\/\/arkisto.skhhry.fi\/SM2022\/majoitus\/","og_site_name":"Keppihevosten Suomenmestaruuskilpailut 2023","article_publisher":"https:\/\/www.facebook.com\/keppihevostensm\/","article_modified_time":"2022-05-02T10:55:17+00:00","og_image":[{"url":"http:\/\/arkisto.skhhry.fi\/SM2022\/wp-content\/uploads\/sites\/2\/2021\/04\/Standard-huone-1.jpg"}],"twitter_card":"summary_large_image","twitter_misc":{"Arvioitu lukuaika":"3 minuuttia"},"schema":{"@context":"https:\/\/schema.org","@graph":[{"@type":"WebPage","@id":"https:\/\/arkisto.skhhry.fi\/SM2022\/majoitus\/","url":"https:\/\/arkisto.skhhry.fi\/SM2022\/majoitus\/","name":"Majoitus - Keppihevosten Suomenmestaruuskilpailut 2023","isPartOf":{"@id":"https:\/\/arkisto.skhhry.fi\/SM2022\/#website"},"datePublished":"2019-10-21T21:53:48+00:00","dateModified":"2022-05-02T10:55:17+00:00","description":"Majoittujille on saatavana edullinen koulumajoitus, ja Sein\u00e4joen keskustassa hotellit tarjoavat my\u00f6s y\u00f6pymiseen vanhemmille k\u00e4vij\u00f6ille.","breadcrumb":{"@id":"https:\/\/arkisto.skhhry.fi\/SM2022\/majoitus\/#breadcrumb"},"inLanguage":"fi","potentialAction":[{"@type":"ReadAction","target":["https:\/\/arkisto.skhhry.fi\/SM2022\/majoitus\/"]}]},{"@type":"BreadcrumbList","@id":"https:\/\/arkisto.skhhry.fi\/SM2022\/majoitus\/#breadcrumb","itemListElement":[{"@type":"ListItem","position":1,"name":"Etusivu","item":"https:\/\/arkisto.skhhry.fi\/SM2022\/"},{"@type":"ListItem","position":2,"name":"Majoitus"}]},{"@type":"WebSite","@id":"https:\/\/arkisto.skhhry.fi\/SM2022\/#website","url":"https:\/\/arkisto.skhhry.fi\/SM2022\/","name":"Keppihevosten Suomenmestaruuskilpailut 2023","description":"Keppihevosten Suomenmestaruuskilpailut 2023","publisher":{"@id":"https:\/\/arkisto.skhhry.fi\/SM2022\/#organization"},"potentialAction":[{"@type":"SearchAction","target":{"@type":"EntryPoint","urlTemplate":"https:\/\/arkisto.skhhry.fi\/SM2022\/?s={search_term_string}"},"query-input":"required name=search_term_string"}],"inLanguage":"fi"},{"@type":"Organization","@id":"https:\/\/arkisto.skhhry.fi\/SM2022\/#organization","name":"Keppihevosten Suomenmestaruuskilpailut 12.6.2021","url":"https:\/\/arkisto.skhhry.fi\/SM2022\/","logo":{"@type":"ImageObject","inLanguage":"fi","@id":"https:\/\/arkisto.skhhry.fi\/SM2022\/#\/schema\/logo\/image\/","url":"http:\/\/arkisto.skhhry.fi\/SM2022\/wp-content\/uploads\/sites\/2\/2020\/11\/keppihevostensmkilpailut-keppihevosten.png","contentUrl":"http:\/\/arkisto.skhhry.fi\/SM2022\/wp-content\/uploads\/sites\/2\/2020\/11\/keppihevostensmkilpailut-keppihevosten.png","width":800,"height":796,"caption":"Keppihevosten Suomenmestaruuskilpailut 12.6.2021"},"image":{"@id":"https:\/\/arkisto.skhhry.fi\/SM2022\/#\/schema\/logo\/image\/"},"sameAs":["https:\/\/www.instagram.com\/keppihevosten_sm_kilpailut\/","https:\/\/www.facebook.com\/keppihevostensm\/"]}]}},"_links":{"self":[{"href":"https:\/\/arkisto.skhhry.fi\/SM2022\/wp-json\/wp\/v2\/pages\/31"}],"collection":[{"href":"https:\/\/arkisto.skhhry.fi\/SM2022\/wp-json\/wp\/v2\/pages"}],"about":[{"href":"https:\/\/arkisto.skhhry.fi\/SM2022\/wp-json\/wp\/v2\/types\/page"}],"author":[{"embeddable":true,"href":"https:\/\/arkisto.skhhry.fi\/SM2022\/wp-json\/wp\/v2\/users\/1"}],"replies":[{"embeddable":true,"href":"https:\/\/arkisto.skhhry.fi\/SM2022\/wp-json\/wp\/v2\/comments?post=31"}],"version-history":[{"count":130,"href":"https:\/\/arkisto.skhhry.fi\/SM2022\/wp-json\/wp\/v2\/pages\/31\/revisions"}],"predecessor-version":[{"id":4886,"href":"https:\/\/arkisto.skhhry.fi\/SM2022\/wp-json\/wp\/v2\/pages\/31\/revisions\/4886"}],"wp:attachment":[{"href":"https:\/\/arkisto.skhhry.fi\/SM2022\/wp-json\/wp\/v2\/media?parent=31"}],"curies":[{"name":"wp","href":"https:\/\/api.w.org\/{rel}","templated":true}]}}