{"id":7,"date":"2019-10-22T00:37:01","date_gmt":"2019-10-21T21:37:01","guid":{"rendered":"http:\/\/arkisto.skhhry.fi\/SM2022\/?page_id=7"},"modified":"2022-06-05T14:51:38","modified_gmt":"2022-06-05T11:51:38","slug":"ohjelma","status":"publish","type":"page","link":"https:\/\/arkisto.skhhry.fi\/SM2022\/ohjelma\/","title":{"rendered":"Ohjelma"},"content":{"rendered":"\t\t<div data-elementor-type=\"wp-page\" data-elementor-id=\"7\" class=\"elementor elementor-7\">\n\t\t\t\t\t\t<div class=\"elementor-inner\">\n\t\t\t\t<div class=\"elementor-section-wrap\">\n\t\t\t\t\t\t\t\t\t<section class=\"elementor-section elementor-top-section elementor-element elementor-element-d9440fc hero elementor-section-boxed elementor-section-height-default elementor-section-height-default\" data-id=\"d9440fc\" data-element_type=\"section\" data-settings=\"{&quot;background_background&quot;:&quot;classic&quot;}\">\n\t\t\t\t\t\t\t<div class=\"elementor-background-overlay\"><\/div>\n\t\t\t\t\t\t\t<div class=\"elementor-container elementor-column-gap-default\">\n\t\t\t\t\t\t\t<div class=\"elementor-row\">\n\t\t\t\t\t<div class=\"elementor-column elementor-col-100 elementor-top-column elementor-element elementor-element-4faad44\" data-id=\"4faad44\" data-element_type=\"column\">\n\t\t\t<div class=\"elementor-column-wrap elementor-element-populated\">\n\t\t\t\t\t\t\t<div class=\"elementor-widget-wrap\">\n\t\t\t\t\t\t<div class=\"elementor-element elementor-element-7b008d1 elementor-widget elementor-widget-heading\" data-id=\"7b008d1\" data-element_type=\"widget\" data-widget_type=\"heading.default\">\n\t\t\t\t<div class=\"elementor-widget-container\">\n\t\t\t<h1 class=\"elementor-heading-title elementor-size-default\">Ohjelma<\/h1>\t\t<\/div>\n\t\t\t\t<\/div>\n\t\t\t\t<div class=\"elementor-element elementor-element-2041cc6 elementor-widget elementor-widget-text-editor\" data-id=\"2041cc6\" data-element_type=\"widget\" data-widget_type=\"text-editor.default\">\n\t\t\t\t<div class=\"elementor-widget-container\">\n\t\t\t\t\t\t\t\t<div class=\"elementor-text-editor elementor-clearfix\">\n\t\t\t\t\t\t\t\t\t<\/div>\n\t\t\t\t\t\t<\/div>\n\t\t\t\t<\/div>\n\t\t\t\t\t\t<\/div>\n\t\t\t\t\t<\/div>\n\t\t<\/div>\n\t\t\t\t\t\t\t\t<\/div>\n\t\t\t\t\t<\/div>\n\t\t<\/section>\n\t\t\t\t<section class=\"elementor-section elementor-top-section elementor-element elementor-element-a7c0a3b elementor-section-boxed elementor-section-height-default elementor-section-height-default\" data-id=\"a7c0a3b\" data-element_type=\"section\">\n\t\t\t\t\t\t<div class=\"elementor-container elementor-column-gap-default\">\n\t\t\t\t\t\t\t<div class=\"elementor-row\">\n\t\t\t\t\t<div class=\"elementor-column elementor-col-50 elementor-top-column elementor-element elementor-element-cd935d0 kuva\" data-id=\"cd935d0\" data-element_type=\"column\" data-settings=\"{&quot;background_background&quot;:&quot;classic&quot;}\">\n\t\t\t<div class=\"elementor-column-wrap\">\n\t\t\t\t\t\t\t<div class=\"elementor-widget-wrap\">\n\t\t\t\t\t\t\t\t<\/div>\n\t\t\t\t\t<\/div>\n\t\t<\/div>\n\t\t\t\t<div class=\"elementor-column elementor-col-50 elementor-top-column elementor-element elementor-element-63adc41 teksti\" data-id=\"63adc41\" data-element_type=\"column\">\n\t\t\t<div class=\"elementor-column-wrap elementor-element-populated\">\n\t\t\t\t\t\t\t<div class=\"elementor-widget-wrap\">\n\t\t\t\t\t\t<div class=\"elementor-element elementor-element-92a7366 elementor-align-center elementor-widget elementor-widget-button\" data-id=\"92a7366\" data-element_type=\"widget\" data-widget_type=\"button.default\">\n\t\t\t\t<div class=\"elementor-widget-container\">\n\t\t\t\t\t<div class=\"elementor-button-wrapper\">\n\t\t\t<a href=\"https:\/\/drive.google.com\/file\/d\/1sreq3IIbF1CWS1lf8CqxP2fRvfAkDS3B\/view?usp=sharing\" target=\"_blank\" class=\"elementor-button-link elementor-button elementor-size-sm\" role=\"button\">\n\t\t\t\t\t\t<span class=\"elementor-button-content-wrapper\">\n\t\t\t\t\t\t<span class=\"elementor-button-text\">TAPAHTUMAN POHJAKARTTA<\/span>\n\t\t<\/span>\n\t\t\t\t\t<\/a>\n\t\t<\/div>\n\t\t\t\t<\/div>\n\t\t\t\t<\/div>\n\t\t\t\t<div class=\"elementor-element elementor-element-34984f3 elementor-widget elementor-widget-heading\" data-id=\"34984f3\" data-element_type=\"widget\" data-widget_type=\"heading.default\">\n\t\t\t\t<div class=\"elementor-widget-container\">\n\t\t\t<h2 class=\"elementor-heading-title elementor-size-default\">Kilpailuluokkien lis\u00e4ksi tapahtumassa n\u00e4hd\u00e4\u00e4n my\u00f6s erilaista ohjelmaa<\/h2>\t\t<\/div>\n\t\t\t\t<\/div>\n\t\t\t\t<div class=\"elementor-element elementor-element-9e2c8b9 elementor-widget elementor-widget-text-editor\" data-id=\"9e2c8b9\" data-element_type=\"widget\" data-widget_type=\"text-editor.default\">\n\t\t\t\t<div class=\"elementor-widget-container\">\n\t\t\t\t\t\t\t\t<div class=\"elementor-text-editor elementor-clearfix\">\n\t\t\t\t<p>Mestaruuskilpailujen lis\u00e4ksi kilpailup\u00e4iv\u00e4n\u00e4 n\u00e4hd\u00e4\u00e4n useita kilpailuluokkia niin este-, koulu- kuin l\u00e4nnenratsastuksen parissa. Suurimpaan osaan ilmoittautuminen on etuk\u00e4teen, mutta my\u00f6s kilpailupaikalla on mahdollisuus osallistua taitoradalla esteradan suorittamiseen ja ansaita palkintoja.\u00a0<\/p><p>Kilpailuluokkien lis\u00e4ksi tapahtumassa n\u00e4hd\u00e4\u00e4n my\u00f6s erilaisia ohjelmanumeroita.\u00a0Tule viihtym\u00e4\u00e4n!<\/p><p>Lis\u00e4ksi tapahtumaan kuuluu hurja myyntialue, jossa 2019 n\u00e4htiin per\u00e4ti 130 myyj\u00e4\u00e4!<\/p>\t\t\t\t\t<\/div>\n\t\t\t\t\t\t<\/div>\n\t\t\t\t<\/div>\n\t\t\t\t\t\t<\/div>\n\t\t\t\t\t<\/div>\n\t\t<\/div>\n\t\t\t\t\t\t\t\t<\/div>\n\t\t\t\t\t<\/div>\n\t\t<\/section>\n\t\t\t\t<section class=\"elementor-section elementor-top-section elementor-element elementor-element-77e5674 elementor-section-full_width elementor-section-height-default elementor-section-height-default\" data-id=\"77e5674\" data-element_type=\"section\">\n\t\t\t\t\t\t<div class=\"elementor-container elementor-column-gap-default\">\n\t\t\t\t\t\t\t<div class=\"elementor-row\">\n\t\t\t\t\t<div class=\"elementor-column elementor-col-100 elementor-top-column elementor-element elementor-element-8f3ce09\" data-id=\"8f3ce09\" data-element_type=\"column\">\n\t\t\t<div class=\"elementor-column-wrap elementor-element-populated\">\n\t\t\t\t\t\t\t<div class=\"elementor-widget-wrap\">\n\t\t\t\t\t\t<div class=\"elementor-element elementor-element-44ba338 elementor-widget elementor-widget-image\" data-id=\"44ba338\" data-element_type=\"widget\" data-widget_type=\"image.default\">\n\t\t\t\t<div class=\"elementor-widget-container\">\n\t\t\t\t\t\t\t\t<div class=\"elementor-image\">\n\t\t\t\t\t\t\t\t\t\t\t\t\t<a href=\"http:\/\/arkisto.skhhry.fi\/SM2022\/wp-content\/uploads\/sites\/2\/2022\/06\/sm_aikatauluohjelma.png\" data-elementor-open-lightbox=\"yes\" data-elementor-lightbox-title=\"sm_aikatauluohjelma\" e-action-hash=\"#elementor-action%3Aaction%3Dlightbox%26settings%3DeyJpZCI6NTIxMCwidXJsIjoiaHR0cHM6XC9cL2Fya2lzdG8uc2toaHJ5LmZpXC9TTTIwMjJcL3dwLWNvbnRlbnRcL3VwbG9hZHNcL3NpdGVzXC8yXC8yMDIyXC8wNlwvc21fYWlrYXRhdWx1b2hqZWxtYS5wbmcifQ%3D%3D\">\n\t\t\t\t\t\t\t<img decoding=\"async\" width=\"1038\" height=\"777\" src=\"https:\/\/arkisto.skhhry.fi\/SM2022\/wp-content\/uploads\/sites\/2\/2022\/06\/sm_aikatauluohjelma.png\" class=\"attachment-full size-full\" alt=\"\" loading=\"lazy\" srcset=\"https:\/\/arkisto.skhhry.fi\/SM2022\/wp-content\/uploads\/sites\/2\/2022\/06\/sm_aikatauluohjelma.png 1038w, https:\/\/arkisto.skhhry.fi\/SM2022\/wp-content\/uploads\/sites\/2\/2022\/06\/sm_aikatauluohjelma-300x225.png 300w, https:\/\/arkisto.skhhry.fi\/SM2022\/wp-content\/uploads\/sites\/2\/2022\/06\/sm_aikatauluohjelma-1024x767.png 1024w, https:\/\/arkisto.skhhry.fi\/SM2022\/wp-content\/uploads\/sites\/2\/2022\/06\/sm_aikatauluohjelma-768x575.png 768w\" sizes=\"(max-width: 1038px) 100vw, 1038px\" \/>\t\t\t\t\t\t\t\t<\/a>\n\t\t\t\t\t\t\t\t\t\t\t\t\t\t<\/div>\n\t\t\t\t\t\t<\/div>\n\t\t\t\t<\/div>\n\t\t\t\t\t\t<\/div>\n\t\t\t\t\t<\/div>\n\t\t<\/div>\n\t\t\t\t\t\t\t\t<\/div>\n\t\t\t\t\t<\/div>\n\t\t<\/section>\n\t\t\t\t<section class=\"elementor-section elementor-top-section elementor-element elementor-element-4bdd0a7 elementor-section-boxed elementor-section-height-default elementor-section-height-default\" data-id=\"4bdd0a7\" data-element_type=\"section\">\n\t\t\t\t\t\t<div class=\"elementor-container elementor-column-gap-default\">\n\t\t\t\t\t\t\t<div class=\"elementor-row\">\n\t\t\t\t\t<div class=\"elementor-column elementor-col-50 elementor-top-column elementor-element elementor-element-b63e2ea teksti\" data-id=\"b63e2ea\" data-element_type=\"column\">\n\t\t\t<div class=\"elementor-column-wrap elementor-element-populated\">\n\t\t\t\t\t\t\t<div class=\"elementor-widget-wrap\">\n\t\t\t\t\t\t<div class=\"elementor-element elementor-element-d0f297d elementor-widget elementor-widget-heading\" data-id=\"d0f297d\" data-element_type=\"widget\" data-widget_type=\"heading.default\">\n\t\t\t\t<div class=\"elementor-widget-container\">\n\t\t\t<h2 class=\"elementor-heading-title elementor-size-default\">Ohjelmanumeroiden j\u00e4rjest\u00e4minen<\/h2>\t\t<\/div>\n\t\t\t\t<\/div>\n\t\t\t\t<div class=\"elementor-element elementor-element-8c0e50e elementor-widget elementor-widget-text-editor\" data-id=\"8c0e50e\" data-element_type=\"widget\" data-widget_type=\"text-editor.default\">\n\t\t\t\t<div class=\"elementor-widget-container\">\n\t\t\t\t\t\t\t\t<div class=\"elementor-text-editor elementor-clearfix\">\n\t\t\t\t<p>Tapahtumassa on tilaa my\u00f6s harrastajien omille esityksille! Haluaisitko kenties esitt\u00e4\u00e4 tiimisi kanssa katrillin tai esitell\u00e4 keppihevosharrastuksessa tuntemattomampaa lajia, vai onko mieless\u00e4si jotain aivan uutta ja erilaista?<\/p><p>Jos olet kiinnostunut j\u00e4rjest\u00e4m\u00e4\u00e4n ohjelmanumeron lauantaina 11.6.2022, ota meihin yhteytt\u00e4 s\u00e4hk\u00f6postitse keppihevostensm@gmail.com. Kerro viestiss\u00e4 ohjelmanumerosi nimi, kuvaus ohjelmanumerosta, p\u00e4\u00e4j\u00e4rjest\u00e4j\u00e4n yhteystiedot ja esiintyjien lukum\u00e4\u00e4r\u00e4. Jos esitys on lyhyt, kerro my\u00f6s jos se olisi mahdollista esitt\u00e4\u00e4 uusintana. Jos ohjelmanumeronne vaatii jotain erityist\u00e4, muistakaa mainita my\u00f6s se viestiss\u00e4. \u00c4\u00e4nentoisto l\u00f6ytyy paikanp\u00e4\u00e4lt\u00e4. Esiintyj\u00e4t ja muu tarvittava kalusto on l\u00f6ydytt\u00e4v\u00e4 itselt\u00e4.<\/p><p>Esiintyj\u00e4t katsotaan talkoolaisiksi ja heill\u00e4 on ilmainen sis\u00e4\u00e4np\u00e4\u00e4sy kisoihin.<\/p>\t\t\t\t\t<\/div>\n\t\t\t\t\t\t<\/div>\n\t\t\t\t<\/div>\n\t\t\t\t<div class=\"elementor-element elementor-element-e88e4f4 elementor-widget elementor-widget-button\" data-id=\"e88e4f4\" data-element_type=\"widget\" data-widget_type=\"button.default\">\n\t\t\t\t<div class=\"elementor-widget-container\">\n\t\t\t\t\t<div class=\"elementor-button-wrapper\">\n\t\t\t<a href=\"http:\/\/arkisto.skhhry.fi\/SM2022\/yhteys\/\" class=\"elementor-button-link elementor-button elementor-size-sm\" role=\"button\">\n\t\t\t\t\t\t<span class=\"elementor-button-content-wrapper\">\n\t\t\t\t\t\t<span class=\"elementor-button-text\">Ota yhteytt\u00e4<\/span>\n\t\t<\/span>\n\t\t\t\t\t<\/a>\n\t\t<\/div>\n\t\t\t\t<\/div>\n\t\t\t\t<\/div>\n\t\t\t\t\t\t<\/div>\n\t\t\t\t\t<\/div>\n\t\t<\/div>\n\t\t\t\t<div class=\"elementor-column elementor-col-50 elementor-top-column elementor-element elementor-element-39ca9ac kuva\" data-id=\"39ca9ac\" data-element_type=\"column\" data-settings=\"{&quot;background_background&quot;:&quot;classic&quot;}\">\n\t\t\t<div class=\"elementor-column-wrap\">\n\t\t\t\t\t\t\t<div class=\"elementor-widget-wrap\">\n\t\t\t\t\t\t\t\t<\/div>\n\t\t\t\t\t<\/div>\n\t\t<\/div>\n\t\t\t\t\t\t\t\t<\/div>\n\t\t\t\t\t<\/div>\n\t\t<\/section>\n\t\t\t\t\t\t\t\t\t<\/div>\n\t\t\t<\/div>\n\t\t\t\t\t<\/div>\n\t\t","protected":false},"excerpt":{"rendered":"<p>Ohjelma TAPAHTUMAN POHJAKARTTA Kilpailuluokkien lis\u00e4ksi tapahtumassa n\u00e4hd\u00e4\u00e4n my\u00f6s erilaista ohjelmaa Mestaruuskilpailujen lis\u00e4ksi kilpailup\u00e4iv\u00e4n\u00e4 n\u00e4hd\u00e4\u00e4n useita kilpailuluokkia niin este-, koulu- kuin l\u00e4nnenratsastuksen parissa. Suurimpaan osaan ilmoittautuminen on etuk\u00e4teen, mutta my\u00f6s kilpailupaikalla on mahdollisuus osallistua taitoradalla esteradan suorittamiseen ja ansaita palkintoja.\u00a0 Kilpailuluokkien lis\u00e4ksi tapahtumassa n\u00e4hd\u00e4\u00e4n my\u00f6s erilaisia ohjelmanumeroita.\u00a0Tule viihtym\u00e4\u00e4n! Lis\u00e4ksi tapahtumaan kuuluu hurja myyntialue, jossa 2019 n\u00e4htiin [&hellip;]<\/p>\n","protected":false},"author":1,"featured_media":0,"parent":0,"menu_order":0,"comment_status":"closed","ping_status":"closed","template":"elementor_header_footer","meta":[],"yoast_head":"<!-- This site is optimized with the Yoast SEO plugin v19.10 - https:\/\/yoast.com\/wordpress\/plugins\/seo\/ -->\n<title>Ohjelma - Keppihevosten Suomenmestaruuskilpailut 2023<\/title>\n<meta name=\"description\" content=\"Keppihevosten Suomenmestaruuskilpailuissa n\u00e4hd\u00e4\u00e4n este-, koulu- kuin l\u00e4nnenratsastuksen lis\u00e4ksi my\u00f6s ohjelmanumeroita Sein\u00e4joki Areenalla.\" \/>\n<meta name=\"robots\" content=\"noindex, follow, max-snippet:-1, max-image-preview:large, max-video-preview:-1\" \/>\n<meta property=\"og:locale\" content=\"fi_FI\" \/>\n<meta property=\"og:type\" content=\"article\" \/>\n<meta property=\"og:title\" content=\"Ohjelma - Keppihevosten Suomenmestaruuskilpailut 2023\" \/>\n<meta property=\"og:description\" content=\"Keppihevosten Suomenmestaruuskilpailuissa n\u00e4hd\u00e4\u00e4n este-, koulu- kuin l\u00e4nnenratsastuksen lis\u00e4ksi my\u00f6s ohjelmanumeroita Sein\u00e4joki Areenalla.\" \/>\n<meta property=\"og:url\" content=\"https:\/\/arkisto.skhhry.fi\/SM2022\/ohjelma\/\" \/>\n<meta property=\"og:site_name\" content=\"Keppihevosten Suomenmestaruuskilpailut 2023\" \/>\n<meta property=\"article:publisher\" content=\"https:\/\/www.facebook.com\/keppihevostensm\/\" \/>\n<meta property=\"article:modified_time\" content=\"2022-06-05T11:51:38+00:00\" \/>\n<meta property=\"og:image\" content=\"http:\/\/arkisto.skhhry.fi\/SM2022\/wp-content\/uploads\/sites\/2\/2022\/06\/sm_aikatauluohjelma.png\" \/>\n<meta name=\"twitter:card\" content=\"summary_large_image\" \/>\n<meta name=\"twitter:label1\" content=\"Arvioitu lukuaika\" \/>\n\t<meta name=\"twitter:data1\" content=\"2 minuuttia\" \/>\n<script type=\"application\/ld+json\" class=\"yoast-schema-graph\">{\"@context\":\"https:\/\/schema.org\",\"@graph\":[{\"@type\":\"WebPage\",\"@id\":\"https:\/\/arkisto.skhhry.fi\/SM2022\/ohjelma\/\",\"url\":\"https:\/\/arkisto.skhhry.fi\/SM2022\/ohjelma\/\",\"name\":\"Ohjelma - Keppihevosten Suomenmestaruuskilpailut 2023\",\"isPartOf\":{\"@id\":\"https:\/\/arkisto.skhhry.fi\/SM2022\/#website\"},\"datePublished\":\"2019-10-21T21:37:01+00:00\",\"dateModified\":\"2022-06-05T11:51:38+00:00\",\"description\":\"Keppihevosten Suomenmestaruuskilpailuissa n\u00e4hd\u00e4\u00e4n este-, koulu- kuin l\u00e4nnenratsastuksen lis\u00e4ksi my\u00f6s ohjelmanumeroita Sein\u00e4joki Areenalla.\",\"breadcrumb\":{\"@id\":\"https:\/\/arkisto.skhhry.fi\/SM2022\/ohjelma\/#breadcrumb\"},\"inLanguage\":\"fi\",\"potentialAction\":[{\"@type\":\"ReadAction\",\"target\":[\"https:\/\/arkisto.skhhry.fi\/SM2022\/ohjelma\/\"]}]},{\"@type\":\"BreadcrumbList\",\"@id\":\"https:\/\/arkisto.skhhry.fi\/SM2022\/ohjelma\/#breadcrumb\",\"itemListElement\":[{\"@type\":\"ListItem\",\"position\":1,\"name\":\"Etusivu\",\"item\":\"https:\/\/arkisto.skhhry.fi\/SM2022\/\"},{\"@type\":\"ListItem\",\"position\":2,\"name\":\"Ohjelma\"}]},{\"@type\":\"WebSite\",\"@id\":\"https:\/\/arkisto.skhhry.fi\/SM2022\/#website\",\"url\":\"https:\/\/arkisto.skhhry.fi\/SM2022\/\",\"name\":\"Keppihevosten Suomenmestaruuskilpailut 2023\",\"description\":\"Keppihevosten Suomenmestaruuskilpailut 2023\",\"publisher\":{\"@id\":\"https:\/\/arkisto.skhhry.fi\/SM2022\/#organization\"},\"potentialAction\":[{\"@type\":\"SearchAction\",\"target\":{\"@type\":\"EntryPoint\",\"urlTemplate\":\"https:\/\/arkisto.skhhry.fi\/SM2022\/?s={search_term_string}\"},\"query-input\":\"required name=search_term_string\"}],\"inLanguage\":\"fi\"},{\"@type\":\"Organization\",\"@id\":\"https:\/\/arkisto.skhhry.fi\/SM2022\/#organization\",\"name\":\"Keppihevosten Suomenmestaruuskilpailut 12.6.2021\",\"url\":\"https:\/\/arkisto.skhhry.fi\/SM2022\/\",\"logo\":{\"@type\":\"ImageObject\",\"inLanguage\":\"fi\",\"@id\":\"https:\/\/arkisto.skhhry.fi\/SM2022\/#\/schema\/logo\/image\/\",\"url\":\"http:\/\/arkisto.skhhry.fi\/SM2022\/wp-content\/uploads\/sites\/2\/2020\/11\/keppihevostensmkilpailut-keppihevosten.png\",\"contentUrl\":\"http:\/\/arkisto.skhhry.fi\/SM2022\/wp-content\/uploads\/sites\/2\/2020\/11\/keppihevostensmkilpailut-keppihevosten.png\",\"width\":800,\"height\":796,\"caption\":\"Keppihevosten Suomenmestaruuskilpailut 12.6.2021\"},\"image\":{\"@id\":\"https:\/\/arkisto.skhhry.fi\/SM2022\/#\/schema\/logo\/image\/\"},\"sameAs\":[\"https:\/\/www.instagram.com\/keppihevosten_sm_kilpailut\/\",\"https:\/\/www.facebook.com\/keppihevostensm\/\"]}]}<\/script>\n<!-- \/ Yoast SEO plugin. -->","yoast_head_json":{"title":"Ohjelma - Keppihevosten Suomenmestaruuskilpailut 2023","description":"Keppihevosten Suomenmestaruuskilpailuissa n\u00e4hd\u00e4\u00e4n este-, koulu- kuin l\u00e4nnenratsastuksen lis\u00e4ksi my\u00f6s ohjelmanumeroita Sein\u00e4joki Areenalla.","robots":{"index":"noindex","follow":"follow","max-snippet":"max-snippet:-1","max-image-preview":"max-image-preview:large","max-video-preview":"max-video-preview:-1"},"og_locale":"fi_FI","og_type":"article","og_title":"Ohjelma - Keppihevosten Suomenmestaruuskilpailut 2023","og_description":"Keppihevosten Suomenmestaruuskilpailuissa n\u00e4hd\u00e4\u00e4n este-, koulu- kuin l\u00e4nnenratsastuksen lis\u00e4ksi my\u00f6s ohjelmanumeroita Sein\u00e4joki Areenalla.","og_url":"https:\/\/arkisto.skhhry.fi\/SM2022\/ohjelma\/","og_site_name":"Keppihevosten Suomenmestaruuskilpailut 2023","article_publisher":"https:\/\/www.facebook.com\/keppihevostensm\/","article_modified_time":"2022-06-05T11:51:38+00:00","og_image":[{"url":"http:\/\/arkisto.skhhry.fi\/SM2022\/wp-content\/uploads\/sites\/2\/2022\/06\/sm_aikatauluohjelma.png"}],"twitter_card":"summary_large_image","twitter_misc":{"Arvioitu lukuaika":"2 minuuttia"},"schema":{"@context":"https:\/\/schema.org","@graph":[{"@type":"WebPage","@id":"https:\/\/arkisto.skhhry.fi\/SM2022\/ohjelma\/","url":"https:\/\/arkisto.skhhry.fi\/SM2022\/ohjelma\/","name":"Ohjelma - Keppihevosten Suomenmestaruuskilpailut 2023","isPartOf":{"@id":"https:\/\/arkisto.skhhry.fi\/SM2022\/#website"},"datePublished":"2019-10-21T21:37:01+00:00","dateModified":"2022-06-05T11:51:38+00:00","description":"Keppihevosten Suomenmestaruuskilpailuissa n\u00e4hd\u00e4\u00e4n este-, koulu- kuin l\u00e4nnenratsastuksen lis\u00e4ksi my\u00f6s ohjelmanumeroita Sein\u00e4joki Areenalla.","breadcrumb":{"@id":"https:\/\/arkisto.skhhry.fi\/SM2022\/ohjelma\/#breadcrumb"},"inLanguage":"fi","potentialAction":[{"@type":"ReadAction","target":["https:\/\/arkisto.skhhry.fi\/SM2022\/ohjelma\/"]}]},{"@type":"BreadcrumbList","@id":"https:\/\/arkisto.skhhry.fi\/SM2022\/ohjelma\/#breadcrumb","itemListElement":[{"@type":"ListItem","position":1,"name":"Etusivu","item":"https:\/\/arkisto.skhhry.fi\/SM2022\/"},{"@type":"ListItem","position":2,"name":"Ohjelma"}]},{"@type":"WebSite","@id":"https:\/\/arkisto.skhhry.fi\/SM2022\/#website","url":"https:\/\/arkisto.skhhry.fi\/SM2022\/","name":"Keppihevosten Suomenmestaruuskilpailut 2023","description":"Keppihevosten Suomenmestaruuskilpailut 2023","publisher":{"@id":"https:\/\/arkisto.skhhry.fi\/SM2022\/#organization"},"potentialAction":[{"@type":"SearchAction","target":{"@type":"EntryPoint","urlTemplate":"https:\/\/arkisto.skhhry.fi\/SM2022\/?s={search_term_string}"},"query-input":"required name=search_term_string"}],"inLanguage":"fi"},{"@type":"Organization","@id":"https:\/\/arkisto.skhhry.fi\/SM2022\/#organization","name":"Keppihevosten Suomenmestaruuskilpailut 12.6.2021","url":"https:\/\/arkisto.skhhry.fi\/SM2022\/","logo":{"@type":"ImageObject","inLanguage":"fi","@id":"https:\/\/arkisto.skhhry.fi\/SM2022\/#\/schema\/logo\/image\/","url":"http:\/\/arkisto.skhhry.fi\/SM2022\/wp-content\/uploads\/sites\/2\/2020\/11\/keppihevostensmkilpailut-keppihevosten.png","contentUrl":"http:\/\/arkisto.skhhry.fi\/SM2022\/wp-content\/uploads\/sites\/2\/2020\/11\/keppihevostensmkilpailut-keppihevosten.png","width":800,"height":796,"caption":"Keppihevosten Suomenmestaruuskilpailut 12.6.2021"},"image":{"@id":"https:\/\/arkisto.skhhry.fi\/SM2022\/#\/schema\/logo\/image\/"},"sameAs":["https:\/\/www.instagram.com\/keppihevosten_sm_kilpailut\/","https:\/\/www.facebook.com\/keppihevostensm\/"]}]}},"_links":{"self":[{"href":"https:\/\/arkisto.skhhry.fi\/SM2022\/wp-json\/wp\/v2\/pages\/7"}],"collection":[{"href":"https:\/\/arkisto.skhhry.fi\/SM2022\/wp-json\/wp\/v2\/pages"}],"about":[{"href":"https:\/\/arkisto.skhhry.fi\/SM2022\/wp-json\/wp\/v2\/types\/page"}],"author":[{"embeddable":true,"href":"https:\/\/arkisto.skhhry.fi\/SM2022\/wp-json\/wp\/v2\/users\/1"}],"replies":[{"embeddable":true,"href":"https:\/\/arkisto.skhhry.fi\/SM2022\/wp-json\/wp\/v2\/comments?post=7"}],"version-history":[{"count":139,"href":"https:\/\/arkisto.skhhry.fi\/SM2022\/wp-json\/wp\/v2\/pages\/7\/revisions"}],"predecessor-version":[{"id":5213,"href":"https:\/\/arkisto.skhhry.fi\/SM2022\/wp-json\/wp\/v2\/pages\/7\/revisions\/5213"}],"wp:attachment":[{"href":"https:\/\/arkisto.skhhry.fi\/SM2022\/wp-json\/wp\/v2\/media?parent=7"}],"curies":[{"name":"wp","href":"https:\/\/api.w.org\/{rel}","templated":true}]}}