{"id":9,"date":"2019-10-22T00:37:20","date_gmt":"2019-10-21T21:37:20","guid":{"rendered":"http:\/\/arkisto.skhhry.fi\/SM2022\/?page_id=9"},"modified":"2022-06-04T15:40:04","modified_gmt":"2022-06-04T12:40:04","slug":"kavijalle","status":"publish","type":"page","link":"https:\/\/arkisto.skhhry.fi\/SM2022\/kavijalle\/","title":{"rendered":"K\u00e4vij\u00e4t"},"content":{"rendered":"\t\t<div data-elementor-type=\"wp-page\" data-elementor-id=\"9\" class=\"elementor elementor-9\">\n\t\t\t\t\t\t<div class=\"elementor-inner\">\n\t\t\t\t<div class=\"elementor-section-wrap\">\n\t\t\t\t\t\t\t\t\t<section class=\"elementor-section elementor-top-section elementor-element elementor-element-65320c57 hero elementor-section-boxed elementor-section-height-default elementor-section-height-default\" data-id=\"65320c57\" data-element_type=\"section\" data-settings=\"{&quot;background_background&quot;:&quot;classic&quot;}\">\n\t\t\t\t\t\t\t<div class=\"elementor-background-overlay\"><\/div>\n\t\t\t\t\t\t\t<div class=\"elementor-container elementor-column-gap-default\">\n\t\t\t\t\t\t\t<div class=\"elementor-row\">\n\t\t\t\t\t<div class=\"elementor-column elementor-col-100 elementor-top-column elementor-element elementor-element-53ae696\" data-id=\"53ae696\" data-element_type=\"column\">\n\t\t\t<div class=\"elementor-column-wrap elementor-element-populated\">\n\t\t\t\t\t\t\t<div class=\"elementor-widget-wrap\">\n\t\t\t\t\t\t<div class=\"elementor-element elementor-element-7795a22d elementor-widget elementor-widget-heading\" data-id=\"7795a22d\" data-element_type=\"widget\" data-widget_type=\"heading.default\">\n\t\t\t\t<div class=\"elementor-widget-container\">\n\t\t\t<h1 class=\"elementor-heading-title elementor-size-default\">K\u00e4vij\u00e4t<\/h1>\t\t<\/div>\n\t\t\t\t<\/div>\n\t\t\t\t\t\t<\/div>\n\t\t\t\t\t<\/div>\n\t\t<\/div>\n\t\t\t\t\t\t\t\t<\/div>\n\t\t\t\t\t<\/div>\n\t\t<\/section>\n\t\t\t\t<section class=\"elementor-section elementor-top-section elementor-element elementor-element-2c0429f2 osio elementor-section-boxed elementor-section-height-default elementor-section-height-default\" data-id=\"2c0429f2\" data-element_type=\"section\">\n\t\t\t\t\t\t<div class=\"elementor-container elementor-column-gap-default\">\n\t\t\t\t\t\t\t<div class=\"elementor-row\">\n\t\t\t\t\t<div class=\"elementor-column elementor-col-50 elementor-top-column elementor-element elementor-element-40969af3 teksti\" data-id=\"40969af3\" data-element_type=\"column\">\n\t\t\t<div class=\"elementor-column-wrap elementor-element-populated\">\n\t\t\t\t\t\t\t<div class=\"elementor-widget-wrap\">\n\t\t\t\t\t\t<div class=\"elementor-element elementor-element-47297e9e elementor-widget elementor-widget-heading\" data-id=\"47297e9e\" data-element_type=\"widget\" data-widget_type=\"heading.default\">\n\t\t\t\t<div class=\"elementor-widget-container\">\n\t\t\t<h2 class=\"elementor-heading-title elementor-size-default\">Tervetuloa maailman suurimpaan keppihevostapahtumaan!<\/h2>\t\t<\/div>\n\t\t\t\t<\/div>\n\t\t\t\t<div class=\"elementor-element elementor-element-743446ca elementor-widget elementor-widget-text-editor\" data-id=\"743446ca\" data-element_type=\"widget\" data-widget_type=\"text-editor.default\">\n\t\t\t\t<div class=\"elementor-widget-container\">\n\t\t\t\t\t\t\t\t<div class=\"elementor-text-editor elementor-clearfix\">\n\t\t\t\t<p>Keppihevosten SM-kilpailut tarjoaa k\u00e4vij\u00f6illeen ainutlaatuisen kokemuksen. N\u00e4ht\u00e4v\u00e4\u00e4 ja koettavaa on tarjolla kaikille: lauantaina 11.6.2022 Sein\u00e4joki Areenan huikeissa puitteissa kilpaillaan yli kymmeness\u00e4 luokassa, tavataan uusia ja vanhoja tuttuja, nautitaan esityksist\u00e4 ja tietysti shoppaillaan yli sadan myyj\u00e4n myyntialueella! Tutustu ohjelmaan tarkemmin <a href=\"http:\/\/arkisto.skhhry.fi\/SM2022\/ohjelma\/\" target=\"_blank\" rel=\"noopener\">t\u00e4\u00e4lt\u00e4<\/a>.<\/p><p>Katsojien liput tapahtumaan ovat maksullisia ja ne ostetaan Tiketin palvelusta. Kisapaikalle tultaessa ostettu lippu vaihdetaan sis\u00e4\u00e4np\u00e4\u00e4syyn oikeuttavaan rannekkeeseen.\u00a0<em>HUOM! Rannekkeen tulee olla ranteessa. Ranteesta poistettu ranneke ei kelpaa.<\/em><\/p><p><b>Rannekkeita vaihdetaan jo my\u00f6s perjantai-illalla 10.6.2022. Rannekkeenvaihtopisteet ovat auki klo 19-21.<\/b> Voit siis tulla vaihtamaan lippusi rannekkeeseen jo etuk\u00e4teen, n\u00e4in puramme lauantaiaamun ruuhkaa aulassa.\u00a0<span style=\"font-family: var( --e-global-typography-text-font-family ), Sans-serif;\">Ovimyynti alkaa tapahtumap\u00e4iv\u00e4n\u00e4 klo 10.00.<\/span><\/p><p><i>Myyj\u00e4t, kilpailijat ja talkoolaiset\u00a0eiv\u00e4t tarvitse katsojalippua, sill\u00e4 sis\u00e4\u00e4np\u00e4\u00e4sy sis\u00e4ltyy kilpailu- ja myyntimaksuihin.\u00a0<\/i><i>Alle 3-vuotiaat ja henkil\u00f6kohtaiset avustajat ilmaiseksi. Talkoolaiseksi voi ilmoittautua <a href=\"http:\/\/arkisto.skhhry.fi\/SM2022\/talkootoihin\/\">t\u00e4\u00e4ll\u00e4<\/a>.<br \/><\/i><\/p><p>Koronaan liittyv\u00e4t ajankohtaiset ohjeistukset ja tiedotteet l\u00f6yd\u00e4t\u00a0<a href=\"http:\/\/arkisto.skhhry.fi\/SM2022\/usein-kysyttya\/\" target=\"_blank\" rel=\"noopener\">Usein kysytty\u00e4<\/a>\u00a0-sivulta<\/p><p>Tapahtuman henkil\u00f6kunnan tunnistaa kilpailup\u00e4iv\u00e4n\u00e4 mustista t-paidoista, joissa on sininen yhdistyksen logo ja rinnassa lukee STAFF. J\u00e4rjest\u00e4jilt\u00e4 voi rohkeasti kysy\u00e4 mit\u00e4 vaan kilpailup\u00e4iv\u00e4n aikana. Meille on my\u00f6s t\u00e4rke\u00e4\u00e4 tarjota turvallinen ja kiusaamisvapaa tapahtuma, joten jos mik\u00e4\u00e4n tekee olosi ep\u00e4mukavaksi, ole rohkeasti yhteydess\u00e4 j\u00e4rjest\u00e4jiin tai j\u00e4rjestyksenvalvojiin.\u00a0<\/p>\t\t\t\t\t<\/div>\n\t\t\t\t\t\t<\/div>\n\t\t\t\t<\/div>\n\t\t\t\t\t\t<\/div>\n\t\t\t\t\t<\/div>\n\t\t<\/div>\n\t\t\t\t<div class=\"elementor-column elementor-col-50 elementor-top-column elementor-element elementor-element-2fac836b kuva\" data-id=\"2fac836b\" data-element_type=\"column\" data-settings=\"{&quot;background_background&quot;:&quot;classic&quot;}\">\n\t\t\t<div class=\"elementor-column-wrap\">\n\t\t\t\t\t\t\t<div class=\"elementor-widget-wrap\">\n\t\t\t\t\t\t\t\t<\/div>\n\t\t\t\t\t<\/div>\n\t\t<\/div>\n\t\t\t\t\t\t\t\t<\/div>\n\t\t\t\t\t<\/div>\n\t\t<\/section>\n\t\t\t\t<section class=\"elementor-section elementor-top-section elementor-element elementor-element-883dacc osio elementor-section-boxed elementor-section-height-default elementor-section-height-default\" data-id=\"883dacc\" data-element_type=\"section\">\n\t\t\t\t\t\t<div class=\"elementor-container elementor-column-gap-default\">\n\t\t\t\t\t\t\t<div class=\"elementor-row\">\n\t\t\t\t\t<div class=\"elementor-column elementor-col-50 elementor-top-column elementor-element elementor-element-2f936db kuva\" data-id=\"2f936db\" data-element_type=\"column\" data-settings=\"{&quot;background_background&quot;:&quot;classic&quot;}\">\n\t\t\t<div class=\"elementor-column-wrap\">\n\t\t\t\t\t\t\t<div class=\"elementor-widget-wrap\">\n\t\t\t\t\t\t\t\t<\/div>\n\t\t\t\t\t<\/div>\n\t\t<\/div>\n\t\t\t\t<div class=\"elementor-column elementor-col-50 elementor-top-column elementor-element elementor-element-d794c8e teksti\" data-id=\"d794c8e\" data-element_type=\"column\">\n\t\t\t<div class=\"elementor-column-wrap elementor-element-populated\">\n\t\t\t\t\t\t\t<div class=\"elementor-widget-wrap\">\n\t\t\t\t\t\t<div class=\"elementor-element elementor-element-2c9867a elementor-widget elementor-widget-heading\" data-id=\"2c9867a\" data-element_type=\"widget\" data-widget_type=\"heading.default\">\n\t\t\t\t<div class=\"elementor-widget-container\">\n\t\t\t<h2 class=\"elementor-heading-title elementor-size-default\">Katsojaliput ovat nyt myynniss\u00e4!<\/h2>\t\t<\/div>\n\t\t\t\t<\/div>\n\t\t\t\t<div class=\"elementor-element elementor-element-8d200d8 elementor-widget elementor-widget-button\" data-id=\"8d200d8\" data-element_type=\"widget\" data-widget_type=\"button.default\">\n\t\t\t\t<div class=\"elementor-widget-container\">\n\t\t\t\t\t<div class=\"elementor-button-wrapper\">\n\t\t\t<a href=\"https:\/\/www.tiketti.fi\/keppihevosten-suomenmestaruus-2021-seinajoki-areena-lippuja\/67502\" target=\"_blank\" class=\"elementor-button-link elementor-button elementor-size-sm\" role=\"button\">\n\t\t\t\t\t\t<span class=\"elementor-button-content-wrapper\">\n\t\t\t\t\t\t<span class=\"elementor-button-text\">Osta k\u00e4vij\u00e4lippu<\/span>\n\t\t<\/span>\n\t\t\t\t\t<\/a>\n\t\t<\/div>\n\t\t\t\t<\/div>\n\t\t\t\t<\/div>\n\t\t\t\t<div class=\"elementor-element elementor-element-21858bb elementor-widget elementor-widget-text-editor\" data-id=\"21858bb\" data-element_type=\"widget\" data-widget_type=\"text-editor.default\">\n\t\t\t\t<div class=\"elementor-widget-container\">\n\t\t\t\t\t\t\t\t<div class=\"elementor-text-editor elementor-clearfix\">\n\t\t\t\t<p>Lipunmyynti alkaa Tiketiss\u00e4 1.1.2022. <b>Lipun hinta on 14<\/b><b>&nbsp;\u20ac.&nbsp;<\/b>Tiketin kautta ostettuihin lippuihin lis\u00e4t\u00e4\u00e4n k\u00e4sittelymaksu<b> 1,50 \u20ac.<\/b><\/p>\n<p><i>Huom. Etuk\u00e4teislipunmyynti loppuu perjantaina 10.6. klo 12.00!<\/i><\/p>\n<p>Ovelle on tulossa ylij\u00e4\u00e4vi\u00e4 lippuja 18,00 \u20ac hintaan.<\/p>\n<p>Perhelippu mahdollistaa koko perheen tulon kisoihin edullisesti. Perhelippu sis\u00e4lt\u00e4\u00e4 2 yli 25v + 1-3 alle 15v p\u00e4\u00e4syn kisoihin yhteishintaan 50 \u20ac. Perhelipun pystyy ostamaan vain ovelta.<\/p>\t\t\t\t\t<\/div>\n\t\t\t\t\t\t<\/div>\n\t\t\t\t<\/div>\n\t\t\t\t\t\t<\/div>\n\t\t\t\t\t<\/div>\n\t\t<\/div>\n\t\t\t\t\t\t\t\t<\/div>\n\t\t\t\t\t<\/div>\n\t\t<\/section>\n\t\t\t\t<section class=\"elementor-section elementor-top-section elementor-element elementor-element-d9672a4 elementor-section-boxed elementor-section-height-default elementor-section-height-default\" data-id=\"d9672a4\" data-element_type=\"section\">\n\t\t\t\t\t\t<div class=\"elementor-container elementor-column-gap-default\">\n\t\t\t\t\t\t\t<div class=\"elementor-row\">\n\t\t\t\t\t<div class=\"elementor-column elementor-col-100 elementor-top-column elementor-element elementor-element-cb871db\" data-id=\"cb871db\" data-element_type=\"column\">\n\t\t\t<div class=\"elementor-column-wrap elementor-element-populated\">\n\t\t\t\t\t\t\t<div class=\"elementor-widget-wrap\">\n\t\t\t\t\t\t<div class=\"elementor-element elementor-element-a414ed4 elementor-widget elementor-widget-heading\" data-id=\"a414ed4\" data-element_type=\"widget\" data-widget_type=\"heading.default\">\n\t\t\t\t<div class=\"elementor-widget-container\">\n\t\t\t<h2 class=\"elementor-heading-title elementor-size-default\">Keppihevosten SM-kilpailut mediassa<\/h2>\t\t<\/div>\n\t\t\t\t<\/div>\n\t\t\t\t<div class=\"elementor-element elementor-element-ac34b17 elementor-widget elementor-widget-text-editor\" data-id=\"ac34b17\" data-element_type=\"widget\" data-widget_type=\"text-editor.default\">\n\t\t\t\t<div class=\"elementor-widget-container\">\n\t\t\t\t\t\t\t\t<div class=\"elementor-text-editor elementor-clearfix\">\n\t\t\t\t<p><span style=\"font-size: 10pt\"><a href=\"https:\/\/www.seiska.fi\/Uutiset\/Kuvat-Keppihevosharrastajat-ottelivat-Suomenmestaruuskisoissa-Selviytyjat-tahti-Miska\" target=\"_blank\" rel=\"noopener\">Keppihevosharrastajat ottelivat suomenmestaruuskisoissa \u2013 Selviytyj\u00e4t-t\u00e4hti Miska Haakana viihdytti yleis\u00f6\u00e4!<\/a> <em>-Seiska 30.6.2019<\/em><\/span><\/p><p><span style=\"font-size: 10pt\"><a href=\"https:\/\/www.iltalehti.fi\/kotimaa\/a\/0a1ca5a8-436d-4c8b-b045-3d443b469b3e\" target=\"_blank\" rel=\"noopener\">Viel\u00e4 2000-luvun alussa keppihevosharrastus oli tabu \u2013 nyt yh\u00e4 useammat ovat tulleet ulos kepparikaapista: \u201dT\u00e4m\u00e4 on kova juttu\u201d<\/a> <em>-Iltalehti 16.6.2019<\/em><\/span><\/p><p><span style=\"font-size: 10pt\"><a href=\"https:\/\/www.iltalehti.fi\/kotimaa\/a\/7055601a-e283-4fc7-98e9-295f27a97ff3\" target=\"_blank\" rel=\"noopener\">Keppihevosten SM-kisoissa n\u00e4htiin hurja Suomen enn\u00e4tys \u2013 mutta sit\u00e4kin hienompaa on harrastajien tiivis yhteis\u00f6: \u201dT\u00e4m\u00e4 on se meid\u00e4n juttu\u201d<\/a> <em>-Iltalehti 15.6.2019<\/em><\/span><\/p><p><span style=\"font-size: 10pt\"><a href=\"https:\/\/www.iltalehti.fi\/kotimaa\/a\/0f5ee998-b309-406f-946d-bb0dab4b3dc5\" target=\"_blank\" rel=\"noopener\">Sein\u00e4joen keppihevoskisoilla jopa miljoonayleis\u00f6 maailmalla &#8211; Tekeill\u00e4 dokumentti Kiinaan, saksalaistoimittajat h\u00e4keltyneit\u00e4: \u201dT\u00e4m\u00e4 on jotain erityist\u00e4\u201d<\/a> <em>-Iltalehti 15.6.2019<\/em><\/span><\/p><p><span style=\"font-size: 10pt\"><a href=\"https:\/\/www.epari.fi\/uutiset\/online-uutiset\/keppihevosharrastus-ei-ole-lastenleikkia-seinajoella-hypitaan-lauantaina-yli-metrin-korkuisia-esteita-1.2991981\" target=\"_blank\" rel=\"noopener\">Keppihevosharrastus ei ole lastenleikki\u00e4 \u2013 Sein\u00e4joella hypit\u00e4\u00e4n lauantaina yli metrin korkuisia esteit\u00e4<\/a> <em>-Epari 13.6.2019<\/em><\/span><\/p><p><span style=\"font-size: 10pt\"><a href=\"https:\/\/www.seinajoensanomat.fi\/paikalliset\/1378535\" target=\"_blank\" rel=\"noopener\">Keppihevosia ei ole aiemmin n\u00e4in isosti Sein\u00e4joella n\u00e4hty \u2013 SM-kisat tulossa<\/a> <em>-Sein\u00e4joen Sanomat 21.6.2018<\/em><\/span><\/p>\t\t\t\t\t<\/div>\n\t\t\t\t\t\t<\/div>\n\t\t\t\t<\/div>\n\t\t\t\t\t\t<\/div>\n\t\t\t\t\t<\/div>\n\t\t<\/div>\n\t\t\t\t\t\t\t\t<\/div>\n\t\t\t\t\t<\/div>\n\t\t<\/section>\n\t\t\t\t\t\t\t\t\t<\/div>\n\t\t\t<\/div>\n\t\t\t\t\t<\/div>\n\t\t","protected":false},"excerpt":{"rendered":"<p>K\u00e4vij\u00e4t Tervetuloa maailman suurimpaan keppihevostapahtumaan! Keppihevosten SM-kilpailut tarjoaa k\u00e4vij\u00f6illeen ainutlaatuisen kokemuksen. N\u00e4ht\u00e4v\u00e4\u00e4 ja koettavaa on tarjolla kaikille: lauantaina 11.6.2022 Sein\u00e4joki Areenan huikeissa puitteissa kilpaillaan yli kymmeness\u00e4 luokassa, tavataan uusia ja vanhoja tuttuja, nautitaan esityksist\u00e4 ja tietysti shoppaillaan yli sadan myyj\u00e4n myyntialueella! Tutustu ohjelmaan tarkemmin t\u00e4\u00e4lt\u00e4. Katsojien liput tapahtumaan ovat maksullisia ja ne ostetaan Tiketin palvelusta. [&hellip;]<\/p>\n","protected":false},"author":1,"featured_media":0,"parent":0,"menu_order":0,"comment_status":"closed","ping_status":"closed","template":"elementor_header_footer","meta":[],"yoast_head":"<!-- This site is optimized with the Yoast SEO plugin v19.10 - https:\/\/yoast.com\/wordpress\/plugins\/seo\/ -->\n<title>K\u00e4vij\u00e4t - Keppihevosten Suomenmestaruuskilpailut 2023<\/title>\n<meta name=\"description\" content=\"Keppihevosten Suomenmestaruuskilpailut ovat avoimet my\u00f6s kaikille k\u00e4vij\u00f6ille. N\u00e4ht\u00e4v\u00e4\u00e4 ja koettavaa on tarjolla kaikille Sein\u00e4joki Areenalla\" \/>\n<meta name=\"robots\" content=\"noindex, follow, max-snippet:-1, max-image-preview:large, max-video-preview:-1\" \/>\n<meta property=\"og:locale\" content=\"fi_FI\" \/>\n<meta property=\"og:type\" content=\"article\" \/>\n<meta property=\"og:title\" content=\"K\u00e4vij\u00e4t - Keppihevosten Suomenmestaruuskilpailut 2023\" \/>\n<meta property=\"og:description\" content=\"Keppihevosten Suomenmestaruuskilpailut ovat avoimet my\u00f6s kaikille k\u00e4vij\u00f6ille. N\u00e4ht\u00e4v\u00e4\u00e4 ja koettavaa on tarjolla kaikille Sein\u00e4joki Areenalla\" \/>\n<meta property=\"og:url\" content=\"https:\/\/arkisto.skhhry.fi\/SM2022\/kavijalle\/\" \/>\n<meta property=\"og:site_name\" content=\"Keppihevosten Suomenmestaruuskilpailut 2023\" \/>\n<meta property=\"article:publisher\" content=\"https:\/\/www.facebook.com\/keppihevostensm\/\" \/>\n<meta property=\"article:modified_time\" content=\"2022-06-04T12:40:04+00:00\" \/>\n<meta name=\"twitter:card\" content=\"summary_large_image\" \/>\n<meta name=\"twitter:label1\" content=\"Arvioitu lukuaika\" \/>\n\t<meta name=\"twitter:data1\" content=\"3 minuuttia\" \/>\n<script type=\"application\/ld+json\" class=\"yoast-schema-graph\">{\"@context\":\"https:\/\/schema.org\",\"@graph\":[{\"@type\":\"WebPage\",\"@id\":\"https:\/\/arkisto.skhhry.fi\/SM2022\/kavijalle\/\",\"url\":\"https:\/\/arkisto.skhhry.fi\/SM2022\/kavijalle\/\",\"name\":\"K\u00e4vij\u00e4t - Keppihevosten Suomenmestaruuskilpailut 2023\",\"isPartOf\":{\"@id\":\"https:\/\/arkisto.skhhry.fi\/SM2022\/#website\"},\"datePublished\":\"2019-10-21T21:37:20+00:00\",\"dateModified\":\"2022-06-04T12:40:04+00:00\",\"description\":\"Keppihevosten Suomenmestaruuskilpailut ovat avoimet my\u00f6s kaikille k\u00e4vij\u00f6ille. N\u00e4ht\u00e4v\u00e4\u00e4 ja koettavaa on tarjolla kaikille Sein\u00e4joki Areenalla\",\"breadcrumb\":{\"@id\":\"https:\/\/arkisto.skhhry.fi\/SM2022\/kavijalle\/#breadcrumb\"},\"inLanguage\":\"fi\",\"potentialAction\":[{\"@type\":\"ReadAction\",\"target\":[\"https:\/\/arkisto.skhhry.fi\/SM2022\/kavijalle\/\"]}]},{\"@type\":\"BreadcrumbList\",\"@id\":\"https:\/\/arkisto.skhhry.fi\/SM2022\/kavijalle\/#breadcrumb\",\"itemListElement\":[{\"@type\":\"ListItem\",\"position\":1,\"name\":\"Etusivu\",\"item\":\"https:\/\/arkisto.skhhry.fi\/SM2022\/\"},{\"@type\":\"ListItem\",\"position\":2,\"name\":\"K\u00e4vij\u00e4t\"}]},{\"@type\":\"WebSite\",\"@id\":\"https:\/\/arkisto.skhhry.fi\/SM2022\/#website\",\"url\":\"https:\/\/arkisto.skhhry.fi\/SM2022\/\",\"name\":\"Keppihevosten Suomenmestaruuskilpailut 2023\",\"description\":\"Keppihevosten Suomenmestaruuskilpailut 2023\",\"publisher\":{\"@id\":\"https:\/\/arkisto.skhhry.fi\/SM2022\/#organization\"},\"potentialAction\":[{\"@type\":\"SearchAction\",\"target\":{\"@type\":\"EntryPoint\",\"urlTemplate\":\"https:\/\/arkisto.skhhry.fi\/SM2022\/?s={search_term_string}\"},\"query-input\":\"required name=search_term_string\"}],\"inLanguage\":\"fi\"},{\"@type\":\"Organization\",\"@id\":\"https:\/\/arkisto.skhhry.fi\/SM2022\/#organization\",\"name\":\"Keppihevosten Suomenmestaruuskilpailut 12.6.2021\",\"url\":\"https:\/\/arkisto.skhhry.fi\/SM2022\/\",\"logo\":{\"@type\":\"ImageObject\",\"inLanguage\":\"fi\",\"@id\":\"https:\/\/arkisto.skhhry.fi\/SM2022\/#\/schema\/logo\/image\/\",\"url\":\"http:\/\/arkisto.skhhry.fi\/SM2022\/wp-content\/uploads\/sites\/2\/2020\/11\/keppihevostensmkilpailut-keppihevosten.png\",\"contentUrl\":\"http:\/\/arkisto.skhhry.fi\/SM2022\/wp-content\/uploads\/sites\/2\/2020\/11\/keppihevostensmkilpailut-keppihevosten.png\",\"width\":800,\"height\":796,\"caption\":\"Keppihevosten Suomenmestaruuskilpailut 12.6.2021\"},\"image\":{\"@id\":\"https:\/\/arkisto.skhhry.fi\/SM2022\/#\/schema\/logo\/image\/\"},\"sameAs\":[\"https:\/\/www.instagram.com\/keppihevosten_sm_kilpailut\/\",\"https:\/\/www.facebook.com\/keppihevostensm\/\"]}]}<\/script>\n<!-- \/ Yoast SEO plugin. -->","yoast_head_json":{"title":"K\u00e4vij\u00e4t - Keppihevosten Suomenmestaruuskilpailut 2023","description":"Keppihevosten Suomenmestaruuskilpailut ovat avoimet my\u00f6s kaikille k\u00e4vij\u00f6ille. N\u00e4ht\u00e4v\u00e4\u00e4 ja koettavaa on tarjolla kaikille Sein\u00e4joki Areenalla","robots":{"index":"noindex","follow":"follow","max-snippet":"max-snippet:-1","max-image-preview":"max-image-preview:large","max-video-preview":"max-video-preview:-1"},"og_locale":"fi_FI","og_type":"article","og_title":"K\u00e4vij\u00e4t - Keppihevosten Suomenmestaruuskilpailut 2023","og_description":"Keppihevosten Suomenmestaruuskilpailut ovat avoimet my\u00f6s kaikille k\u00e4vij\u00f6ille. N\u00e4ht\u00e4v\u00e4\u00e4 ja koettavaa on tarjolla kaikille Sein\u00e4joki Areenalla","og_url":"https:\/\/arkisto.skhhry.fi\/SM2022\/kavijalle\/","og_site_name":"Keppihevosten Suomenmestaruuskilpailut 2023","article_publisher":"https:\/\/www.facebook.com\/keppihevostensm\/","article_modified_time":"2022-06-04T12:40:04+00:00","twitter_card":"summary_large_image","twitter_misc":{"Arvioitu lukuaika":"3 minuuttia"},"schema":{"@context":"https:\/\/schema.org","@graph":[{"@type":"WebPage","@id":"https:\/\/arkisto.skhhry.fi\/SM2022\/kavijalle\/","url":"https:\/\/arkisto.skhhry.fi\/SM2022\/kavijalle\/","name":"K\u00e4vij\u00e4t - Keppihevosten Suomenmestaruuskilpailut 2023","isPartOf":{"@id":"https:\/\/arkisto.skhhry.fi\/SM2022\/#website"},"datePublished":"2019-10-21T21:37:20+00:00","dateModified":"2022-06-04T12:40:04+00:00","description":"Keppihevosten Suomenmestaruuskilpailut ovat avoimet my\u00f6s kaikille k\u00e4vij\u00f6ille. N\u00e4ht\u00e4v\u00e4\u00e4 ja koettavaa on tarjolla kaikille Sein\u00e4joki Areenalla","breadcrumb":{"@id":"https:\/\/arkisto.skhhry.fi\/SM2022\/kavijalle\/#breadcrumb"},"inLanguage":"fi","potentialAction":[{"@type":"ReadAction","target":["https:\/\/arkisto.skhhry.fi\/SM2022\/kavijalle\/"]}]},{"@type":"BreadcrumbList","@id":"https:\/\/arkisto.skhhry.fi\/SM2022\/kavijalle\/#breadcrumb","itemListElement":[{"@type":"ListItem","position":1,"name":"Etusivu","item":"https:\/\/arkisto.skhhry.fi\/SM2022\/"},{"@type":"ListItem","position":2,"name":"K\u00e4vij\u00e4t"}]},{"@type":"WebSite","@id":"https:\/\/arkisto.skhhry.fi\/SM2022\/#website","url":"https:\/\/arkisto.skhhry.fi\/SM2022\/","name":"Keppihevosten Suomenmestaruuskilpailut 2023","description":"Keppihevosten Suomenmestaruuskilpailut 2023","publisher":{"@id":"https:\/\/arkisto.skhhry.fi\/SM2022\/#organization"},"potentialAction":[{"@type":"SearchAction","target":{"@type":"EntryPoint","urlTemplate":"https:\/\/arkisto.skhhry.fi\/SM2022\/?s={search_term_string}"},"query-input":"required name=search_term_string"}],"inLanguage":"fi"},{"@type":"Organization","@id":"https:\/\/arkisto.skhhry.fi\/SM2022\/#organization","name":"Keppihevosten Suomenmestaruuskilpailut 12.6.2021","url":"https:\/\/arkisto.skhhry.fi\/SM2022\/","logo":{"@type":"ImageObject","inLanguage":"fi","@id":"https:\/\/arkisto.skhhry.fi\/SM2022\/#\/schema\/logo\/image\/","url":"http:\/\/arkisto.skhhry.fi\/SM2022\/wp-content\/uploads\/sites\/2\/2020\/11\/keppihevostensmkilpailut-keppihevosten.png","contentUrl":"http:\/\/arkisto.skhhry.fi\/SM2022\/wp-content\/uploads\/sites\/2\/2020\/11\/keppihevostensmkilpailut-keppihevosten.png","width":800,"height":796,"caption":"Keppihevosten Suomenmestaruuskilpailut 12.6.2021"},"image":{"@id":"https:\/\/arkisto.skhhry.fi\/SM2022\/#\/schema\/logo\/image\/"},"sameAs":["https:\/\/www.instagram.com\/keppihevosten_sm_kilpailut\/","https:\/\/www.facebook.com\/keppihevostensm\/"]}]}},"_links":{"self":[{"href":"https:\/\/arkisto.skhhry.fi\/SM2022\/wp-json\/wp\/v2\/pages\/9"}],"collection":[{"href":"https:\/\/arkisto.skhhry.fi\/SM2022\/wp-json\/wp\/v2\/pages"}],"about":[{"href":"https:\/\/arkisto.skhhry.fi\/SM2022\/wp-json\/wp\/v2\/types\/page"}],"author":[{"embeddable":true,"href":"https:\/\/arkisto.skhhry.fi\/SM2022\/wp-json\/wp\/v2\/users\/1"}],"replies":[{"embeddable":true,"href":"https:\/\/arkisto.skhhry.fi\/SM2022\/wp-json\/wp\/v2\/comments?post=9"}],"version-history":[{"count":135,"href":"https:\/\/arkisto.skhhry.fi\/SM2022\/wp-json\/wp\/v2\/pages\/9\/revisions"}],"predecessor-version":[{"id":5188,"href":"https:\/\/arkisto.skhhry.fi\/SM2022\/wp-json\/wp\/v2\/pages\/9\/revisions\/5188"}],"wp:attachment":[{"href":"https:\/\/arkisto.skhhry.fi\/SM2022\/wp-json\/wp\/v2\/media?parent=9"}],"curies":[{"name":"wp","href":"https:\/\/api.w.org\/{rel}","templated":true}]}}